{"id":39062,"date":"2019-05-09T17:43:34","date_gmt":"2019-05-09T16:43:34","guid":{"rendered":"https:\/\/www.tefaneso.com\/?page_id=39062"},"modified":"2020-03-05T08:47:33","modified_gmt":"2020-03-05T08:47:33","slug":"notre-marque","status":"publish","type":"page","link":"https:\/\/www.tefaneso.com\/fr\/notre-marque\/","title":{"rendered":"Notre Marque"},"content":{"rendered":"<p>[et_pb_section bb_built=\u00a0\u00bb1&Prime; fullwidth=\u00a0\u00bbon\u00a0\u00bb _builder_version=\u00a0\u00bb3.9&Prime; custom_padding=\u00a0\u00bb0px|0px|25px|0px\u00a0\u00bb bottom_divider_style=\u00a0\u00bbwave2&Prime; bottom_divider_color=\u00a0\u00bb#ffffff\u00a0\u00bb next_background_color=\u00a0\u00bb#000000&Prime;][et_pb_fullwidth_header title=\u00a0\u00bbNotre Marque\u00a0\u00bb text_orientation=\u00a0\u00bbcenter\u00a0\u00bb _builder_version=\u00a0\u00bb3.9&Prime; title_font=\u00a0\u00bb|700||on|||||\u00a0\u00bb title_text_align=\u00a0\u00bbcenter\u00a0\u00bb title_text_color=\u00a0\u00bb#ffffff\u00a0\u00bb title_font_size=\u00a0\u00bb48px\u00a0\u00bb content_text_align=\u00a0\u00bbcenter\u00a0\u00bb content_text_color=\u00a0\u00bb#ffffff\u00a0\u00bb background_color=\u00a0\u00bbrgba(255, 255, 255, 0)\u00a0\u00bb background_image=\u00a0\u00bbhttps:\/\/www.tefaneso.com\/wp-content\/uploads\/2018\/05\/Tefaneso_Home_Background_2-4.jpg\u00a0\u00bb]<\/p>\n<div class=\"breadcrumbs\" style=\"margin-top: -10px;\">\n<div class=\"container\" style=\"text-align: center;\">\n<p><a class=\"miclass\" href=\"https:\/\/www.tefaneso.com\">Home<\/a>&nbsp;&nbsp;<span class=\"separator\">\/<\/span>&nbsp;Notre Marque<\/p>\n<\/div>\n<\/div>\n<p>[\/et_pb_fullwidth_header][\/et_pb_section][et_pb_section bb_built=\u00a0\u00bb1&Prime; _builder_version=\u00a0\u00bb3.0.47&Prime; custom_padding=\u00a0\u00bb54px|0px|32px|0px|false|false\u00a0\u00bb prev_background_color=\u00a0\u00bb#000000&Prime; next_background_color=\u00a0\u00bb#000000&Prime;][et_pb_row _builder_version=\u00a0\u00bb3.0.47&Prime; background_size=\u00a0\u00bbinitial\u00a0\u00bb background_position=\u00a0\u00bbtop_left\u00a0\u00bb background_repeat=\u00a0\u00bbrepeat\u00a0\u00bb][et_pb_column type=\u00a0\u00bb4_4&Prime;][et_pb_text _builder_version=\u00a0\u00bb3.9&Prime; text_text_color=\u00a0\u00bb#848484&Prime; text_font_size=\u00a0\u00bb12px\u00a0\u00bb text_orientation=\u00a0\u00bbcenter\u00a0\u00bb]<\/p>\n<div class=\"vc_row wpb_row vc_row-fluid\">\n<div class=\"row-container\">\n<div class=\"wpb_column vc_column_container vc_col-sm-12\">\n<div class=\"vc_column-inner \">\n<div class=\"wpb_wrapper\">\n<div class=\"wpb_text_column wpb_content_element \">\n<div class=\"wpb_wrapper\">\n<p><span style=\"font-weight: 400;\">TEFANESO, une nouvelle identit\u00e9, une qualit\u00e9, une attention particuli\u00e8re \u00e0 notre impact environnemental. Nous concentrons nos efforts pour offrir le meilleur du confort, de l\u2019utilisation et de la performance.<\/span><\/p>\n<p style=\"text-align: center;\"><span style=\"font-weight: 400;\">Nous\u2026 Ce sont des habits et des chaussures pour femme et homme \u00e9tudi\u00e9s pour les activit\u00e9s ext\u00e9rieures. Nos produits sont \u00e9galement pour tous car le confort et le bien-\u00eatre, c\u2019est pour tout le monde! Non?<\/span><\/p>\n<\/div>\n<\/div>\n<\/div>\n<\/div>\n<\/div>\n<\/div>\n<\/div>\n<p>[\/et_pb_text][\/et_pb_column][\/et_pb_row][\/et_pb_section][et_pb_section bb_built=\u00a0\u00bb1&Prime; _builder_version=\u00a0\u00bb3.0.47&Prime; custom_padding=\u00a0\u00bb1px|0px|54px|0px\u00a0\u00bb prev_background_color=\u00a0\u00bb#000000&Prime;][et_pb_row use_custom_width=\u00a0\u00bbon\u00a0\u00bb width_unit=\u00a0\u00bboff\u00a0\u00bb custom_width_percent=\u00a0\u00bb100%\u00a0\u00bb use_custom_gutter=\u00a0\u00bbon\u00a0\u00bb gutter_width=\u00a0\u00bb1&Prime; custom_padding=\u00a0\u00bb27px|0px|27px|0px\u00a0\u00bb make_equal=\u00a0\u00bbon\u00a0\u00bb bg_img_1=\u00a0\u00bbhttps:\/\/www.tefaneso.com\/wp-content\/uploads\/2018\/05\/Tefaneso_OurBrand_bg_1-100.jpg\u00a0\u00bb bg_img_2=\u00a0\u00bbhttps:\/\/www.tefaneso.com\/wp-content\/uploads\/2018\/05\/Tefaneso_OurBrand_bg_2-100.jpg\u00a0\u00bb padding_top_2=\u00a0\u00bb30px\u00a0\u00bb padding_right_1=\u00a0\u00bb20px\u00a0\u00bb padding_right_2=\u00a0\u00bb30px\u00a0\u00bb padding_bottom_2=\u00a0\u00bb30px\u00a0\u00bb padding_left_1=\u00a0\u00bb20px\u00a0\u00bb padding_left_2=\u00a0\u00bb30px\u00a0\u00bb _builder_version=\u00a0\u00bb3.3.1&Prime;][et_pb_column type=\u00a0\u00bb1_2&Prime;][et_pb_image src=\u00a0\u00bbhttps:\/\/www.tefaneso.com\/wp-content\/uploads\/2018\/05\/Tefaneso_OurBrand_Sign-180&#215;180.png\u00a0\u00bb align=\u00a0\u00bbcenter\u00a0\u00bb _builder_version=\u00a0\u00bb3.0.97&Prime; max_width=\u00a0\u00bb15%\u00a0\u00bb module_alignment=\u00a0\u00bbcenter\u00a0\u00bb \/][et_pb_text _builder_version=\u00a0\u00bb3.9&Prime; header_font=\u00a0\u00bb|700||on|||||\u00a0\u00bb header_text_align=\u00a0\u00bbcenter\u00a0\u00bb header_text_color=\u00a0\u00bb#ffffff\u00a0\u00bb header_font_size=\u00a0\u00bb36px\u00a0\u00bb custom_margin=\u00a0\u00bb10px|||\u00a0\u00bb]<\/p>\n<h1>TEFANESO\u2026 Pourquoi?<\/h1>\n<p>[\/et_pb_text][et_pb_text _builder_version=\u00a0\u00bb3.9&Prime; text_text_color=\u00a0\u00bb#ffffff\u00a0\u00bb text_font_size=\u00a0\u00bb16px\u00a0\u00bb text_orientation=\u00a0\u00bbcenter\u00a0\u00bb custom_margin=\u00a0\u00bb30px|||\u00a0\u00bb]<\/p>\n<p><b>Notre nom est un reflet de ce que nous voulons construire.<\/b><\/p>\n<p>TEFANESO est clair: il s\u2019agit de Terre Eau Feu Air Nord Est Sud Ouest. Venant des Fran\u00e7ais pour Earth Water Fire Air North East South West, notre marque est par, pour et de tous les \u00e9l\u00e9ments dans toutes les directions.<\/p>\n<p>[\/et_pb_text][\/et_pb_column][et_pb_column type=\u00a0\u00bb1_2&Prime;][et_pb_video src=\u00a0\u00bbhttps:\/\/player.vimeo.com\/video\/229134363&Prime; _builder_version=\u00a0\u00bb3.0.97&Prime; \/][\/et_pb_column][\/et_pb_row][\/et_pb_section]<\/p>\n","protected":false},"excerpt":{"rendered":"<p>Home&nbsp;&nbsp;\/&nbsp;Notre Marque TEFANESO, une nouvelle identit\u00e9, une qualit\u00e9, une attention particuli\u00e8re \u00e0 notre impact environnemental. Nous concentrons nos efforts pour offrir le meilleur du confort, de l\u2019utilisation et de la performance. Nous\u2026 Ce sont des habits et des chaussures pour femme et homme \u00e9tudi\u00e9s pour les activit\u00e9s ext\u00e9rieures. Nos produits sont \u00e9galement pour tous car [&hellip;]<\/p>\n","protected":false},"author":1,"featured_media":7358,"parent":0,"menu_order":0,"comment_status":"closed","ping_status":"closed","template":"","meta":{"_et_pb_use_builder":"on","_et_pb_old_content":"","_et_gb_content_width":"","_monsterinsights_skip_tracking":false,"_monsterinsights_sitenote_active":false,"_monsterinsights_sitenote_note":"","_monsterinsights_sitenote_category":0},"yoast_head":"<!-- This site is optimized with the Yoast SEO plugin v19.8 - https:\/\/yoast.com\/wordpress\/plugins\/seo\/ -->\n<title>Notre marque - TEFANESO, v\u00eatements de montagne de qualit\u00e9 suisse.<\/title>\n<meta name=\"description\" content=\"Notre marque&gt; Tefaneso est une entreprise de v\u00eatements bas\u00e9e dans les Alpes suisses, qui propose des v\u00eatements de haute qualit\u00e9 pour r\u00e9pondre \u00e0 tous vos besoins en ext\u00e9rieur\" \/>\n<meta name=\"robots\" content=\"index, follow, max-snippet:-1, max-image-preview:large, max-video-preview:-1\" \/>\n<link rel=\"canonical\" href=\"https:\/\/www.tefaneso.com\/fr\/notre-marque\/\" \/>\n<meta property=\"og:locale\" content=\"fr_FR\" \/>\n<meta property=\"og:type\" content=\"article\" \/>\n<meta property=\"og:title\" content=\"Notre marque - TEFANESO, v\u00eatements de montagne de qualit\u00e9 suisse.\" \/>\n<meta property=\"og:description\" content=\"Notre marque&gt; Tefaneso est une entreprise de v\u00eatements bas\u00e9e dans les Alpes suisses, qui propose des v\u00eatements de haute qualit\u00e9 pour r\u00e9pondre \u00e0 tous vos besoins en ext\u00e9rieur\" \/>\n<meta property=\"og:url\" content=\"https:\/\/www.tefaneso.com\/fr\/notre-marque\/\" \/>\n<meta property=\"og:site_name\" content=\"TEFANESO\" \/>\n<meta property=\"article:publisher\" content=\"https:\/\/www.facebook.com\/tefaneso\/\" \/>\n<meta property=\"article:modified_time\" content=\"2020-03-05T08:47:33+00:00\" \/>\n<meta property=\"og:image\" content=\"https:\/\/www.tefaneso.com\/wp-content\/uploads\/2017\/08\/Tefaneso_Home.jpg\" \/>\n\t<meta property=\"og:image:width\" content=\"1281\" \/>\n\t<meta property=\"og:image:height\" content=\"720\" \/>\n\t<meta property=\"og:image:type\" content=\"image\/jpeg\" \/>\n<meta name=\"twitter:card\" content=\"summary_large_image\" \/>\n<meta name=\"twitter:label1\" content=\"Dur\u00e9e de lecture estim\u00e9e\" \/>\n\t<meta name=\"twitter:data1\" content=\"2 minutes\" \/>\n<script type=\"application\/ld+json\" class=\"yoast-schema-graph\">{\"@context\":\"https:\/\/schema.org\",\"@graph\":[{\"@type\":\"WebPage\",\"@id\":\"https:\/\/www.tefaneso.com\/fr\/notre-marque\/\",\"url\":\"https:\/\/www.tefaneso.com\/fr\/notre-marque\/\",\"name\":\"Notre marque - TEFANESO, v\u00eatements de montagne de qualit\u00e9 suisse.\",\"isPartOf\":{\"@id\":\"https:\/\/www.tefaneso.com\/#website\"},\"datePublished\":\"2019-05-09T16:43:34+00:00\",\"dateModified\":\"2020-03-05T08:47:33+00:00\",\"description\":\"Notre marque> Tefaneso est une entreprise de v\u00eatements bas\u00e9e dans les Alpes suisses, qui propose des v\u00eatements de haute qualit\u00e9 pour r\u00e9pondre \u00e0 tous vos besoins en ext\u00e9rieur\",\"breadcrumb\":{\"@id\":\"https:\/\/www.tefaneso.com\/fr\/notre-marque\/#breadcrumb\"},\"inLanguage\":\"fr-FR\",\"potentialAction\":[{\"@type\":\"ReadAction\",\"target\":[\"https:\/\/www.tefaneso.com\/fr\/notre-marque\/\"]}]},{\"@type\":\"BreadcrumbList\",\"@id\":\"https:\/\/www.tefaneso.com\/fr\/notre-marque\/#breadcrumb\",\"itemListElement\":[{\"@type\":\"ListItem\",\"position\":1,\"name\":\"Home\",\"item\":\"https:\/\/www.tefaneso.com\/fr\/\"},{\"@type\":\"ListItem\",\"position\":2,\"name\":\"Notre Marque\"}]},{\"@type\":\"WebSite\",\"@id\":\"https:\/\/www.tefaneso.com\/#website\",\"url\":\"https:\/\/www.tefaneso.com\/\",\"name\":\"TEFANESO\",\"description\":\"Outerwear made with you and the planet in mind!\",\"publisher\":{\"@id\":\"https:\/\/www.tefaneso.com\/#organization\"},\"potentialAction\":[{\"@type\":\"SearchAction\",\"target\":{\"@type\":\"EntryPoint\",\"urlTemplate\":\"https:\/\/www.tefaneso.com\/?s={search_term_string}\"},\"query-input\":\"required name=search_term_string\"}],\"inLanguage\":\"fr-FR\"},{\"@type\":\"Organization\",\"@id\":\"https:\/\/www.tefaneso.com\/#organization\",\"name\":\"TEFANESO\",\"url\":\"https:\/\/www.tefaneso.com\/\",\"sameAs\":[\"https:\/\/www.linkedin.com\/company\/tefaneso\/\",\"https:\/\/www.youtube.com\/channel\/UC8qcAaVp4cokc0F8Zdh2-zw\",\"https:\/\/www.facebook.com\/tefaneso\/\"],\"logo\":{\"@type\":\"ImageObject\",\"inLanguage\":\"fr-FR\",\"@id\":\"https:\/\/www.tefaneso.com\/#\/schema\/logo\/image\/\",\"url\":\"https:\/\/www.tefaneso.com\/wp-content\/uploads\/2017\/08\/Tefaneso_Home.jpg\",\"contentUrl\":\"https:\/\/www.tefaneso.com\/wp-content\/uploads\/2017\/08\/Tefaneso_Home.jpg\",\"width\":1281,\"height\":720,\"caption\":\"TEFANESO\"},\"image\":{\"@id\":\"https:\/\/www.tefaneso.com\/#\/schema\/logo\/image\/\"}}]}<\/script>\n<!-- \/ Yoast SEO plugin. -->","yoast_head_json":{"title":"Notre marque - TEFANESO, v\u00eatements de montagne de qualit\u00e9 suisse.","description":"Notre marque> Tefaneso est une entreprise de v\u00eatements bas\u00e9e dans les Alpes suisses, qui propose des v\u00eatements de haute qualit\u00e9 pour r\u00e9pondre \u00e0 tous vos besoins en ext\u00e9rieur","robots":{"index":"index","follow":"follow","max-snippet":"max-snippet:-1","max-image-preview":"max-image-preview:large","max-video-preview":"max-video-preview:-1"},"canonical":"https:\/\/www.tefaneso.com\/fr\/notre-marque\/","og_locale":"fr_FR","og_type":"article","og_title":"Notre marque - TEFANESO, v\u00eatements de montagne de qualit\u00e9 suisse.","og_description":"Notre marque> Tefaneso est une entreprise de v\u00eatements bas\u00e9e dans les Alpes suisses, qui propose des v\u00eatements de haute qualit\u00e9 pour r\u00e9pondre \u00e0 tous vos besoins en ext\u00e9rieur","og_url":"https:\/\/www.tefaneso.com\/fr\/notre-marque\/","og_site_name":"TEFANESO","article_publisher":"https:\/\/www.facebook.com\/tefaneso\/","article_modified_time":"2020-03-05T08:47:33+00:00","og_image":[{"width":1281,"height":720,"url":"https:\/\/www.tefaneso.com\/wp-content\/uploads\/2017\/08\/Tefaneso_Home.jpg","type":"image\/jpeg"}],"twitter_card":"summary_large_image","twitter_misc":{"Dur\u00e9e de lecture estim\u00e9e":"2 minutes"},"schema":{"@context":"https:\/\/schema.org","@graph":[{"@type":"WebPage","@id":"https:\/\/www.tefaneso.com\/fr\/notre-marque\/","url":"https:\/\/www.tefaneso.com\/fr\/notre-marque\/","name":"Notre marque - TEFANESO, v\u00eatements de montagne de qualit\u00e9 suisse.","isPartOf":{"@id":"https:\/\/www.tefaneso.com\/#website"},"datePublished":"2019-05-09T16:43:34+00:00","dateModified":"2020-03-05T08:47:33+00:00","description":"Notre marque> Tefaneso est une entreprise de v\u00eatements bas\u00e9e dans les Alpes suisses, qui propose des v\u00eatements de haute qualit\u00e9 pour r\u00e9pondre \u00e0 tous vos besoins en ext\u00e9rieur","breadcrumb":{"@id":"https:\/\/www.tefaneso.com\/fr\/notre-marque\/#breadcrumb"},"inLanguage":"fr-FR","potentialAction":[{"@type":"ReadAction","target":["https:\/\/www.tefaneso.com\/fr\/notre-marque\/"]}]},{"@type":"BreadcrumbList","@id":"https:\/\/www.tefaneso.com\/fr\/notre-marque\/#breadcrumb","itemListElement":[{"@type":"ListItem","position":1,"name":"Home","item":"https:\/\/www.tefaneso.com\/fr\/"},{"@type":"ListItem","position":2,"name":"Notre Marque"}]},{"@type":"WebSite","@id":"https:\/\/www.tefaneso.com\/#website","url":"https:\/\/www.tefaneso.com\/","name":"TEFANESO","description":"Outerwear made with you and the planet in mind!","publisher":{"@id":"https:\/\/www.tefaneso.com\/#organization"},"potentialAction":[{"@type":"SearchAction","target":{"@type":"EntryPoint","urlTemplate":"https:\/\/www.tefaneso.com\/?s={search_term_string}"},"query-input":"required name=search_term_string"}],"inLanguage":"fr-FR"},{"@type":"Organization","@id":"https:\/\/www.tefaneso.com\/#organization","name":"TEFANESO","url":"https:\/\/www.tefaneso.com\/","sameAs":["https:\/\/www.linkedin.com\/company\/tefaneso\/","https:\/\/www.youtube.com\/channel\/UC8qcAaVp4cokc0F8Zdh2-zw","https:\/\/www.facebook.com\/tefaneso\/"],"logo":{"@type":"ImageObject","inLanguage":"fr-FR","@id":"https:\/\/www.tefaneso.com\/#\/schema\/logo\/image\/","url":"https:\/\/www.tefaneso.com\/wp-content\/uploads\/2017\/08\/Tefaneso_Home.jpg","contentUrl":"https:\/\/www.tefaneso.com\/wp-content\/uploads\/2017\/08\/Tefaneso_Home.jpg","width":1281,"height":720,"caption":"TEFANESO"},"image":{"@id":"https:\/\/www.tefaneso.com\/#\/schema\/logo\/image\/"}}]}},"_links":{"self":[{"href":"https:\/\/www.tefaneso.com\/fr\/wp-json\/wp\/v2\/pages\/39062"}],"collection":[{"href":"https:\/\/www.tefaneso.com\/fr\/wp-json\/wp\/v2\/pages"}],"about":[{"href":"https:\/\/www.tefaneso.com\/fr\/wp-json\/wp\/v2\/types\/page"}],"author":[{"embeddable":true,"href":"https:\/\/www.tefaneso.com\/fr\/wp-json\/wp\/v2\/users\/1"}],"replies":[{"embeddable":true,"href":"https:\/\/www.tefaneso.com\/fr\/wp-json\/wp\/v2\/comments?post=39062"}],"version-history":[{"count":6,"href":"https:\/\/www.tefaneso.com\/fr\/wp-json\/wp\/v2\/pages\/39062\/revisions"}],"predecessor-version":[{"id":40317,"href":"https:\/\/www.tefaneso.com\/fr\/wp-json\/wp\/v2\/pages\/39062\/revisions\/40317"}],"wp:featuredmedia":[{"embeddable":true,"href":"https:\/\/www.tefaneso.com\/fr\/wp-json\/wp\/v2\/media\/7358"}],"wp:attachment":[{"href":"https:\/\/www.tefaneso.com\/fr\/wp-json\/wp\/v2\/media?parent=39062"}],"curies":[{"name":"wp","href":"https:\/\/api.w.org\/{rel}","templated":true}]}}