{"id":39075,"date":"2019-05-09T18:22:24","date_gmt":"2019-05-09T17:22:24","guid":{"rendered":"https:\/\/www.tefaneso.com\/?page_id=39075"},"modified":"2019-05-10T20:17:55","modified_gmt":"2019-05-10T19:17:55","slug":"partenaires-affiliation","status":"publish","type":"page","link":"https:\/\/www.tefaneso.com\/fr\/partenaires-affiliation\/","title":{"rendered":"Partenaires"},"content":{"rendered":"<p>[et_pb_section bb_built=\u00a0\u00bb1&Prime; fullwidth=\u00a0\u00bbon\u00a0\u00bb _builder_version=\u00a0\u00bb3.0.106&Prime; custom_padding=\u00a0\u00bb0px|0px|4px|0px|false|false\u00a0\u00bb bottom_divider_style=\u00a0\u00bbwave2&Prime; bottom_divider_color=\u00a0\u00bb#ffffff\u00a0\u00bb next_background_color=\u00a0\u00bb#000000&Prime;][et_pb_fullwidth_header title=\u00a0\u00bbPARTENAIRES\u00a0\u00bb text_orientation=\u00a0\u00bbcenter\u00a0\u00bb _builder_version=\u00a0\u00bb3.9&Prime; title_font=\u00a0\u00bb|||on|||||\u00a0\u00bb title_text_align=\u00a0\u00bbcenter\u00a0\u00bb title_text_color=\u00a0\u00bb#ffffff\u00a0\u00bb title_font_size=\u00a0\u00bb48px\u00a0\u00bb content_text_align=\u00a0\u00bbcenter\u00a0\u00bb content_text_color=\u00a0\u00bb#ffffff\u00a0\u00bb subhead_text_align=\u00a0\u00bbcenter\u00a0\u00bb background_color=\u00a0\u00bbrgba(255, 255, 255, 0)\u00a0\u00bb background_image=\u00a0\u00bbhttps:\/\/www.tefaneso.com\/wp-content\/uploads\/2018\/05\/Tefaneso_Home_Background_2-6.jpg\u00a0\u00bb background_layout=\u00a0\u00bblight\u00a0\u00bb]<\/p>\n<div class=\"breadcrumbs\" style=\"margin-top: -10px;\">\n<div class=\"container\" style=\"text-align: center;\">\n<p><a class=\"miclass\" href=\"https:\/\/www.tefaneso.com\">Home<\/a>&nbsp;&nbsp;<span class=\"separator\">\/<\/span>&nbsp;Partners<\/p>\n<\/div>\n<\/div>\n<p>[\/et_pb_fullwidth_header][\/et_pb_section][et_pb_section bb_built=\u00a0\u00bb1&Prime; _builder_version=\u00a0\u00bb3.0.106&Prime; custom_padding=\u00a0\u00bb7px|0px|16px|0px|false|false\u00a0\u00bb prev_background_color=\u00a0\u00bb#000000&Prime; next_background_color=\u00a0\u00bb#000000&Prime;][et_pb_row _builder_version=\u00a0\u00bb3.0.47&Prime; background_size=\u00a0\u00bbinitial\u00a0\u00bb background_position=\u00a0\u00bbtop_left\u00a0\u00bb background_repeat=\u00a0\u00bbrepeat\u00a0\u00bb][et_pb_column type=\u00a0\u00bb4_4&Prime;][et_pb_text _builder_version=\u00a0\u00bb3.9&Prime; text_text_color=\u00a0\u00bb#848484&Prime; text_font_size=\u00a0\u00bb12px\u00a0\u00bb header_font=\u00a0\u00bb|700|||||||\u00a0\u00bb header_text_align=\u00a0\u00bbcenter\u00a0\u00bb header_text_color=\u00a0\u00bb#2e2e2e\u00a0\u00bb header_font_size=\u00a0\u00bb36px\u00a0\u00bb text_orientation=\u00a0\u00bbcenter\u00a0\u00bb header_font_size_last_edited=\u00a0\u00bbon|phone\u00a0\u00bb header_font_size_tablet=\u00a0\u00bb30px\u00a0\u00bb header_font_size_phone=\u00a0\u00bb24px\u00a0\u00bb]<\/p>\n<h1 class=\"entry-title\">Outerwear de haute qualit\u00e9<\/h1>\n<p>Chez Tefaneso, nous offrons non seulement une vaste gamme de v\u00eatements, v\u00eatements de sport, vestes d\u2019hiver, chaussures et plus, mais aussi des distributeurs avec lesquels nous faisons affaire.<\/p>\n<p>[\/et_pb_text][et_pb_button button_url=\u00a0\u00bbhttps:\/\/www.tefaneso.com\/fr\/nous-contacter\/\u00a0\u00bb button_text=\u00a0\u00bbContactez-Nous Maintenant\u00a0\u00bb button_alignment=\u00a0\u00bbcenter\u00a0\u00bb _builder_version=\u00a0\u00bb3.9&Prime; custom_button=\u00a0\u00bbon\u00a0\u00bb button_text_size=\u00a0\u00bb12&Prime; button_text_color=\u00a0\u00bb#333333&Prime; button_border_color=\u00a0\u00bb#2a2a2a\u00a0\u00bb button_border_radius=\u00a0\u00bb20&Prime; button_font=\u00a0\u00bb|700||on|||||\u00a0\u00bb button_use_icon=\u00a0\u00bboff\u00a0\u00bb button_text_color_hover=\u00a0\u00bb#00827e\u00a0\u00bb button_border_color_hover=\u00a0\u00bb#00827e\u00a0\u00bb custom_padding=\u00a0\u00bb5px|20px|5px|20px\u00a0\u00bb \/][\/et_pb_column][\/et_pb_row][\/et_pb_section][et_pb_section bb_built=\u00a0\u00bb1&Prime; _builder_version=\u00a0\u00bb3.0.106&Prime; custom_margin=\u00a0\u00bb-5%|||\u00a0\u00bb custom_margin_last_edited=\u00a0\u00bbon|desktop\u00a0\u00bb custom_padding=\u00a0\u00bb25px|0px|7px|0px|false|false\u00a0\u00bb prev_background_color=\u00a0\u00bb#000000&Prime; next_background_color=\u00a0\u00bb#000000&Prime;][et_pb_row use_custom_gutter=\u00a0\u00bbon\u00a0\u00bb gutter_width=\u00a0\u00bb2&Prime; custom_padding=\u00a0\u00bb71px|0px|27px|0px|false|false\u00a0\u00bb _builder_version=\u00a0\u00bb3.0.97&Prime;][et_pb_column type=\u00a0\u00bb1_4&Prime;][et_pb_blurb title=\u00a0\u00bbArticles de haute qualit\u00e9\u00a0\u00bb use_icon=\u00a0\u00bbon\u00a0\u00bb font_icon=\u00a0\u00bb%%141%%\u00a0\u00bb icon_color=\u00a0\u00bb#75d69c\u00a0\u00bb use_circle=\u00a0\u00bbon\u00a0\u00bb circle_color=\u00a0\u00bb#ffffff\u00a0\u00bb use_icon_font_size=\u00a0\u00bbon\u00a0\u00bb icon_font_size=\u00a0\u00bb35px\u00a0\u00bb _builder_version=\u00a0\u00bb3.9&Prime; header_text_align=\u00a0\u00bbcenter\u00a0\u00bb header_text_color=\u00a0\u00bb#ffffff\u00a0\u00bb header_font_size=\u00a0\u00bb16&Prime; background_color=\u00a0\u00bb#75d69c\u00a0\u00bb border_radii=\u00a0\u00bbon|5px|5px|5px|5px\u00a0\u00bb box_shadow_style=\u00a0\u00bbpreset3&Prime; text_orientation=\u00a0\u00bbcenter\u00a0\u00bb custom_padding=\u00a0\u00bb28px|28px|28px|28px\u00a0\u00bb \/][\/et_pb_column][et_pb_column type=\u00a0\u00bb1_4&Prime;][et_pb_blurb title=\u00a0\u00bbPrix comp\u00e9titifs\u00a0\u00bb use_icon=\u00a0\u00bbon\u00a0\u00bb font_icon=\u00a0\u00bb%%116%%\u00a0\u00bb icon_color=\u00a0\u00bb#75d69c\u00a0\u00bb use_circle=\u00a0\u00bbon\u00a0\u00bb circle_color=\u00a0\u00bb#ffffff\u00a0\u00bb use_icon_font_size=\u00a0\u00bbon\u00a0\u00bb icon_font_size=\u00a0\u00bb35px\u00a0\u00bb _builder_version=\u00a0\u00bb3.9&Prime; header_text_align=\u00a0\u00bbcenter\u00a0\u00bb header_text_color=\u00a0\u00bb#ffffff\u00a0\u00bb header_font_size=\u00a0\u00bb16&Prime; background_color=\u00a0\u00bb#75d69c\u00a0\u00bb border_radii=\u00a0\u00bbon|5px|5px|5px|5px\u00a0\u00bb box_shadow_style=\u00a0\u00bbpreset3&Prime; text_orientation=\u00a0\u00bbcenter\u00a0\u00bb custom_padding=\u00a0\u00bb28px|28px|28px|28px\u00a0\u00bb \/][\/et_pb_column][et_pb_column type=\u00a0\u00bb1_4&Prime;][et_pb_blurb title=\u00a0\u00bbBonne marge b\u00e9n\u00e9ficiaire\u00a0\u00bb use_icon=\u00a0\u00bbon\u00a0\u00bb font_icon=\u00a0\u00bb%%151%%\u00a0\u00bb icon_color=\u00a0\u00bb#75d69c\u00a0\u00bb use_circle=\u00a0\u00bbon\u00a0\u00bb circle_color=\u00a0\u00bb#ffffff\u00a0\u00bb use_icon_font_size=\u00a0\u00bbon\u00a0\u00bb icon_font_size=\u00a0\u00bb35px\u00a0\u00bb _builder_version=\u00a0\u00bb3.9&Prime; header_text_align=\u00a0\u00bbcenter\u00a0\u00bb header_text_color=\u00a0\u00bb#ffffff\u00a0\u00bb header_font_size=\u00a0\u00bb16&Prime; background_color=\u00a0\u00bb#75d69c\u00a0\u00bb border_radii=\u00a0\u00bbon|5px|5px|5px|5px\u00a0\u00bb box_shadow_style=\u00a0\u00bbpreset3&Prime; text_orientation=\u00a0\u00bbcenter\u00a0\u00bb custom_padding=\u00a0\u00bb28px|28px|28px|28px\u00a0\u00bb \/][\/et_pb_column][et_pb_column type=\u00a0\u00bb1_4&Prime;][et_pb_blurb title=\u00a0\u00bbBon rapport Qualit\u00e9 Prix\u00a0\u00bb use_icon=\u00a0\u00bbon\u00a0\u00bb font_icon=\u00a0\u00bb%%258%%\u00a0\u00bb icon_color=\u00a0\u00bb#75d69c\u00a0\u00bb use_circle=\u00a0\u00bbon\u00a0\u00bb circle_color=\u00a0\u00bb#ffffff\u00a0\u00bb use_icon_font_size=\u00a0\u00bbon\u00a0\u00bb icon_font_size=\u00a0\u00bb35px\u00a0\u00bb _builder_version=\u00a0\u00bb3.9&Prime; header_text_align=\u00a0\u00bbcenter\u00a0\u00bb header_text_color=\u00a0\u00bb#ffffff\u00a0\u00bb header_font_size=\u00a0\u00bb16&Prime; background_color=\u00a0\u00bb#75d69c\u00a0\u00bb border_radii=\u00a0\u00bbon|5px|5px|5px|5px\u00a0\u00bb box_shadow_style=\u00a0\u00bbpreset3&Prime; text_orientation=\u00a0\u00bbcenter\u00a0\u00bb custom_padding=\u00a0\u00bb28px|28px|28px|28px\u00a0\u00bb \/][\/et_pb_column][\/et_pb_row][\/et_pb_section][et_pb_section bb_built=\u00a0\u00bb1&Prime; _builder_version=\u00a0\u00bb3.0.47&Prime; custom_padding=\u00a0\u00bb8px|0px|71px|0px|false|false\u00a0\u00bb prev_background_color=\u00a0\u00bb#000000&Prime; next_background_color=\u00a0\u00bb#000000&Prime;][et_pb_row custom_padding=\u00a0\u00bb62px|0px|49px|0px|false|false\u00a0\u00bb _builder_version=\u00a0\u00bb3.0.47&Prime; background_size=\u00a0\u00bbinitial\u00a0\u00bb background_position=\u00a0\u00bbtop_left\u00a0\u00bb background_repeat=\u00a0\u00bbrepeat\u00a0\u00bb][et_pb_column type=\u00a0\u00bb4_4&Prime;][et_pb_text _builder_version=\u00a0\u00bb3.9&Prime; header_font=\u00a0\u00bb|600|||||||\u00a0\u00bb header_text_align=\u00a0\u00bbcenter\u00a0\u00bb header_text_color=\u00a0\u00bb#2e2e2e\u00a0\u00bb header_font_size=\u00a0\u00bb36px\u00a0\u00bb header_font_size_last_edited=\u00a0\u00bbon|phone\u00a0\u00bb header_font_size_tablet=\u00a0\u00bb30px\u00a0\u00bb header_font_size_phone=\u00a0\u00bb26px\u00a0\u00bb]<\/p>\n<h1>Pourquoi distribuer les produits Tefaneso?<\/h1>\n<p>[\/et_pb_text][\/et_pb_column][\/et_pb_row][et_pb_row make_fullwidth=\u00a0\u00bbon\u00a0\u00bb use_custom_gutter=\u00a0\u00bbon\u00a0\u00bb gutter_width=\u00a0\u00bb1&Prime; custom_padding=\u00a0\u00bb0|0px|0|0px\u00a0\u00bb make_equal=\u00a0\u00bbon\u00a0\u00bb _builder_version=\u00a0\u00bb3.0.106&Prime; background_color=\u00a0\u00bb#f3f3f3&Prime;][et_pb_column type=\u00a0\u00bb1_2&Prime;][et_pb_image src=\u00a0\u00bbhttps:\/\/www.tefaneso.com\/wp-content\/uploads\/2018\/05\/Tefaneso_PartenersPage_image-100-800&#215;400.jpg\u00a0\u00bb align=\u00a0\u00bbcenter\u00a0\u00bb _builder_version=\u00a0\u00bb3.0.97&Prime; \/][\/et_pb_column][et_pb_column type=\u00a0\u00bb1_2&Prime;][et_pb_divider height=\u00a0\u00bb40px\u00a0\u00bb _builder_version=\u00a0\u00bb3.2.2&Prime; \/][et_pb_text _builder_version=\u00a0\u00bb3.9&Prime; text_text_color=\u00a0\u00bb#848484&Prime; text_font_size=\u00a0\u00bb12px\u00a0\u00bb header_font=\u00a0\u00bb|700|||||||\u00a0\u00bb header_text_align=\u00a0\u00bbcenter\u00a0\u00bb header_text_color=\u00a0\u00bb#2e2e2e\u00a0\u00bb header_font_size=\u00a0\u00bb36px\u00a0\u00bb border_radii=\u00a0\u00bbon|5px|5px|5px|5px\u00a0\u00bb text_orientation=\u00a0\u00bbcenter\u00a0\u00bb custom_padding=\u00a0\u00bb56px|30px|56px|30px\u00a0\u00bb header_font_size_last_edited=\u00a0\u00bbon|phone\u00a0\u00bb header_font_size_tablet=\u00a0\u00bb30px\u00a0\u00bb header_font_size_phone=\u00a0\u00bb26px\u00a0\u00bb]<\/p>\n<h1 style=\"text-align: center;\">Tefaneso est innovateur &#038; et respectueux de l\u2019environnement.<\/h1>\n<p style=\"text-align: center;\">Tefaneso est un innovateur de v\u00eatements de sport technique; tous con\u00e7us pour offrir une fonctionnalit\u00e9 suppl\u00e9mentaire \u00e0 nos clients. Nous concevons et vendons une gamme de v\u00eatements de haut de gamme, de v\u00eatements de sport, de chaussures ainsi que d\u2019accessoires qui offrent des fonctionnalit\u00e9s \u00e0 vos activit\u00e9s de plein air.<\/p>\n<p>[\/et_pb_text][\/et_pb_column][\/et_pb_row][et_pb_row make_fullwidth=\u00a0\u00bbon\u00a0\u00bb use_custom_gutter=\u00a0\u00bbon\u00a0\u00bb gutter_width=\u00a0\u00bb1&Prime; custom_padding=\u00a0\u00bb0|0px|0|0px\u00a0\u00bb make_equal=\u00a0\u00bbon\u00a0\u00bb _builder_version=\u00a0\u00bb3.0.106&Prime; background_color=\u00a0\u00bb#f3f3f3&Prime;][et_pb_column type=\u00a0\u00bb1_2&Prime;][et_pb_divider height=\u00a0\u00bb40px\u00a0\u00bb _builder_version=\u00a0\u00bb3.2.2&Prime; \/][et_pb_text _builder_version=\u00a0\u00bb3.9&Prime; text_text_color=\u00a0\u00bb#848484&Prime; text_font_size=\u00a0\u00bb12px\u00a0\u00bb header_font=\u00a0\u00bb|700|||||||\u00a0\u00bb header_text_align=\u00a0\u00bbcenter\u00a0\u00bb header_text_color=\u00a0\u00bb#2e2e2e\u00a0\u00bb header_font_size=\u00a0\u00bb36px\u00a0\u00bb border_radii=\u00a0\u00bbon|5px|5px|5px|5px\u00a0\u00bb text_orientation=\u00a0\u00bbcenter\u00a0\u00bb custom_padding=\u00a0\u00bb46px|30px|46px|30px\u00a0\u00bb header_font_size_last_edited=\u00a0\u00bbon|phone\u00a0\u00bb header_font_size_tablet=\u00a0\u00bb30px\u00a0\u00bb header_font_size_phone=\u00a0\u00bb26px\u00a0\u00bb]<\/p>\n<h1 style=\"text-align: center;\">Engagement envers la recherche et le d\u00e9veloppement.<\/h1>\n<p style=\"text-align: center;\">La recherche et le d\u00e9veloppement sont tr\u00e8s importants pour nous. Cet engagement signifie que notre r\u00e9seau de distributeurs soigneusement s\u00e9lectionn\u00e9s est toujours \u00e0 l\u2019avant-garde de leur march\u00e9 avec des articles exclusifs et vraiment innovants. Soutenu par une formation et un support de vente et de marketing de classe mondiale. \u00c0 cette fin, les distributeurs de Tefaneso peuvent lancer notre nouvelle collection avec confiance et facilit\u00e9.<\/p>\n<p>[\/et_pb_text][\/et_pb_column][et_pb_column type=\u00a0\u00bb1_2&Prime;][et_pb_image src=\u00a0\u00bbhttps:\/\/www.tefaneso.com\/wp-content\/uploads\/2018\/05\/Tefaneso_PartenersPage_image_1-100-800&#215;400.jpg\u00a0\u00bb align=\u00a0\u00bbcenter\u00a0\u00bb _builder_version=\u00a0\u00bb3.0.97&Prime; \/][\/et_pb_column][\/et_pb_row][et_pb_row make_fullwidth=\u00a0\u00bbon\u00a0\u00bb use_custom_gutter=\u00a0\u00bbon\u00a0\u00bb gutter_width=\u00a0\u00bb1&Prime; custom_padding=\u00a0\u00bb0|0px|0|0px\u00a0\u00bb make_equal=\u00a0\u00bbon\u00a0\u00bb _builder_version=\u00a0\u00bb3.0.106&Prime; background_color=\u00a0\u00bb#f3f3f3&Prime;][et_pb_column type=\u00a0\u00bb1_2&Prime;][et_pb_image src=\u00a0\u00bbhttps:\/\/www.tefaneso.com\/wp-content\/uploads\/2018\/05\/Tefaneso_PartenersPage_image_2-100-800&#215;400.jpg\u00a0\u00bb align=\u00a0\u00bbcenter\u00a0\u00bb _builder_version=\u00a0\u00bb3.0.97&Prime; \/][\/et_pb_column][et_pb_column type=\u00a0\u00bb1_2&Prime;][et_pb_divider height=\u00a0\u00bb40px\u00a0\u00bb _builder_version=\u00a0\u00bb3.2.2&Prime; \/][et_pb_text _builder_version=\u00a0\u00bb3.9&Prime; text_text_color=\u00a0\u00bb#848484&Prime; text_font_size=\u00a0\u00bb12px\u00a0\u00bb header_font=\u00a0\u00bb|700|||||||\u00a0\u00bb header_text_align=\u00a0\u00bbcenter\u00a0\u00bb header_text_color=\u00a0\u00bb#2e2e2e\u00a0\u00bb header_font_size=\u00a0\u00bb36px\u00a0\u00bb border_radii=\u00a0\u00bbon|5px|5px|5px|5px\u00a0\u00bb text_orientation=\u00a0\u00bbcenter\u00a0\u00bb custom_padding=\u00a0\u00bb63px|30px|63px|30px\u00a0\u00bb header_font_size_last_edited=\u00a0\u00bbon|phone\u00a0\u00bb header_font_size_tablet=\u00a0\u00bb30px\u00a0\u00bb header_font_size_phone=\u00a0\u00bb26px\u00a0\u00bb]<\/p>\n<h1 style=\"text-align: center;\">Relation.<\/h1>\n<p style=\"text-align: center;\">L\u2019une de nos valeurs d\u2019entreprise est les relations. Ceci est tr\u00e8s important lorsqu\u2019il s\u2019agit de trouver des distributeurs exclusifs dans un march\u00e9 ou un pays. Nous recherchons un ajustement \u00e0 long terme. Nous investissons fortement au d\u00e9but de notre relation \u2013 par le biais de la formation sur les produits et les ventes et le marketing \u2013 et les relations personnelles, il est donc important que nous choisissons le bon distributeur d\u00e8s le d\u00e9but.<\/p>\n<p>[\/et_pb_text][\/et_pb_column][\/et_pb_row][\/et_pb_section][et_pb_section bb_built=\u00a0\u00bb1&Prime; _builder_version=\u00a0\u00bb3.0.47&Prime; custom_padding=\u00a0\u00bb25px|0px|61px|0px|false|false\u00a0\u00bb prev_background_color=\u00a0\u00bb#000000&Prime;][et_pb_row make_fullwidth=\u00a0\u00bbon\u00a0\u00bb custom_padding=\u00a0\u00bb4px|0px|30px|0px|false|false\u00a0\u00bb _builder_version=\u00a0\u00bb3.0.106&Prime; background_color=\u00a0\u00bb#f7f7f7&Prime; border_radii=\u00a0\u00bbon|5px|5px|5px|5px\u00a0\u00bb border_width_all=\u00a0\u00bb1px\u00a0\u00bb border_color_all=\u00a0\u00bb#eaeaea\u00a0\u00bb box_shadow_style=\u00a0\u00bbpreset2&Prime;][et_pb_column type=\u00a0\u00bb4_4&Prime;][et_pb_text _builder_version=\u00a0\u00bb3.9&Prime; text_text_color=\u00a0\u00bb#848484&Prime; text_font_size=\u00a0\u00bb12px\u00a0\u00bb header_2_font=\u00a0\u00bb|700|||||||\u00a0\u00bb header_2_text_align=\u00a0\u00bbcenter\u00a0\u00bb header_2_text_color=\u00a0\u00bb#2e2e2e\u00a0\u00bb header_2_font_size=\u00a0\u00bb30px\u00a0\u00bb text_orientation=\u00a0\u00bbcenter\u00a0\u00bb]<\/p>\n<h2 style=\"text-align: center;\">Int\u00e9ress\u00e9?<\/h2>\n<p style=\"text-align: center;\">Pour voir notre catalogue d\u2019articles de haut niveau Tefaneso veuillez s\u2019il vous pla\u00eet<\/p>\n<p>[\/et_pb_text][et_pb_button button_url=\u00a0\u00bbhttps:\/\/www.tefaneso.com\/fr\/nous-contacter\/\u00a0\u00bb button_text=\u00a0\u00bbCliquez ici\u00a0\u00bb button_alignment=\u00a0\u00bbcenter\u00a0\u00bb _builder_version=\u00a0\u00bb3.9&Prime; custom_button=\u00a0\u00bbon\u00a0\u00bb button_text_size=\u00a0\u00bb12&Prime; button_text_color=\u00a0\u00bb#333333&Prime; button_border_color=\u00a0\u00bb#2a2a2a\u00a0\u00bb button_border_radius=\u00a0\u00bb20&Prime; button_font=\u00a0\u00bb|700||on|||||\u00a0\u00bb button_use_icon=\u00a0\u00bboff\u00a0\u00bb button_text_color_hover=\u00a0\u00bb#00827e\u00a0\u00bb button_border_color_hover=\u00a0\u00bb#00827e\u00a0\u00bb custom_padding=\u00a0\u00bb5px|20px|5px|20px\u00a0\u00bb \/][et_pb_text _builder_version=\u00a0\u00bb3.9&Prime; text_text_color=\u00a0\u00bb#848484&Prime; text_font_size=\u00a0\u00bb12px\u00a0\u00bb header_2_font=\u00a0\u00bb|700|||||||\u00a0\u00bb header_2_text_align=\u00a0\u00bbcenter\u00a0\u00bb header_2_text_color=\u00a0\u00bb#2e2e2e\u00a0\u00bb header_2_font_size=\u00a0\u00bb30px\u00a0\u00bb text_orientation=\u00a0\u00bbcenter\u00a0\u00bb]<\/p>\n<p style=\"text-align: center;\">Pour toutes les nouvelles requ\u00eates du distributeur, contactez Tefaneso avec les d\u00e9tails suivants; votre nom, le nom de votre soci\u00e9t\u00e9, l\u2019emplacement de votre entreprise, les coordonn\u00e9es et l\u2019adresse \u00e9lectronique \u00e0: info@tefaneso.ch<\/p>\n<p>[\/et_pb_text][\/et_pb_column][\/et_pb_row][\/et_pb_section]<\/p>\n","protected":false},"excerpt":{"rendered":"<p>Home&nbsp;&nbsp;\/&nbsp;Partners Outerwear de haute qualit\u00e9 Chez Tefaneso, nous offrons non seulement une vaste gamme de v\u00eatements, v\u00eatements de sport, vestes d\u2019hiver, chaussures et plus, mais aussi des distributeurs avec lesquels nous faisons affaire. Pourquoi distribuer les produits Tefaneso? Tefaneso est innovateur &#038; et respectueux de l\u2019environnement. Tefaneso est un innovateur de v\u00eatements de sport technique; [&hellip;]<\/p>\n","protected":false},"author":1,"featured_media":7358,"parent":0,"menu_order":0,"comment_status":"closed","ping_status":"closed","template":"","meta":{"_et_pb_use_builder":"on","_et_pb_old_content":"","_et_gb_content_width":"","_monsterinsights_skip_tracking":false,"_monsterinsights_sitenote_active":false,"_monsterinsights_sitenote_note":"","_monsterinsights_sitenote_category":0},"yoast_head":"<!-- This site is optimized with the Yoast SEO plugin v19.8 - https:\/\/yoast.com\/wordpress\/plugins\/seo\/ -->\n<title>Partenaires | TEFANESO<\/title>\n<meta name=\"robots\" content=\"index, follow, max-snippet:-1, max-image-preview:large, max-video-preview:-1\" \/>\n<link rel=\"canonical\" href=\"https:\/\/www.tefaneso.com\/fr\/partenaires-affiliation\/\" \/>\n<meta property=\"og:locale\" content=\"fr_FR\" \/>\n<meta property=\"og:type\" content=\"article\" \/>\n<meta property=\"og:title\" content=\"Partenaires | TEFANESO\" \/>\n<meta property=\"og:description\" content=\"Home&nbsp;&nbsp;\/&nbsp;Partners Outerwear de haute qualit\u00e9 Chez Tefaneso, nous offrons non seulement une vaste gamme de v\u00eatements, v\u00eatements de sport, vestes d\u2019hiver, chaussures et plus, mais aussi des distributeurs avec lesquels nous faisons affaire. Pourquoi distribuer les produits Tefaneso? Tefaneso est innovateur &amp; et respectueux de l\u2019environnement. Tefaneso est un innovateur de v\u00eatements de sport technique; [&hellip;]\" \/>\n<meta property=\"og:url\" content=\"https:\/\/www.tefaneso.com\/fr\/partenaires-affiliation\/\" \/>\n<meta property=\"og:site_name\" content=\"TEFANESO\" \/>\n<meta property=\"article:publisher\" content=\"https:\/\/www.facebook.com\/tefaneso\/\" \/>\n<meta property=\"article:modified_time\" content=\"2019-05-10T19:17:55+00:00\" \/>\n<meta property=\"og:image\" content=\"https:\/\/www.tefaneso.com\/wp-content\/uploads\/2017\/08\/Tefaneso_Home.jpg\" \/>\n\t<meta property=\"og:image:width\" content=\"1281\" \/>\n\t<meta property=\"og:image:height\" content=\"720\" \/>\n\t<meta property=\"og:image:type\" content=\"image\/jpeg\" \/>\n<meta name=\"twitter:card\" content=\"summary_large_image\" \/>\n<meta name=\"twitter:label1\" content=\"Dur\u00e9e de lecture estim\u00e9e\" \/>\n\t<meta name=\"twitter:data1\" content=\"8 minutes\" \/>\n<script type=\"application\/ld+json\" class=\"yoast-schema-graph\">{\"@context\":\"https:\/\/schema.org\",\"@graph\":[{\"@type\":\"WebPage\",\"@id\":\"https:\/\/www.tefaneso.com\/fr\/partenaires-affiliation\/\",\"url\":\"https:\/\/www.tefaneso.com\/fr\/partenaires-affiliation\/\",\"name\":\"Partenaires | TEFANESO\",\"isPartOf\":{\"@id\":\"https:\/\/www.tefaneso.com\/#website\"},\"datePublished\":\"2019-05-09T17:22:24+00:00\",\"dateModified\":\"2019-05-10T19:17:55+00:00\",\"breadcrumb\":{\"@id\":\"https:\/\/www.tefaneso.com\/fr\/partenaires-affiliation\/#breadcrumb\"},\"inLanguage\":\"fr-FR\",\"potentialAction\":[{\"@type\":\"ReadAction\",\"target\":[\"https:\/\/www.tefaneso.com\/fr\/partenaires-affiliation\/\"]}]},{\"@type\":\"BreadcrumbList\",\"@id\":\"https:\/\/www.tefaneso.com\/fr\/partenaires-affiliation\/#breadcrumb\",\"itemListElement\":[{\"@type\":\"ListItem\",\"position\":1,\"name\":\"Home\",\"item\":\"https:\/\/www.tefaneso.com\/fr\/\"},{\"@type\":\"ListItem\",\"position\":2,\"name\":\"Partenaires\"}]},{\"@type\":\"WebSite\",\"@id\":\"https:\/\/www.tefaneso.com\/#website\",\"url\":\"https:\/\/www.tefaneso.com\/\",\"name\":\"TEFANESO\",\"description\":\"Outerwear made with you and the planet in mind!\",\"publisher\":{\"@id\":\"https:\/\/www.tefaneso.com\/#organization\"},\"potentialAction\":[{\"@type\":\"SearchAction\",\"target\":{\"@type\":\"EntryPoint\",\"urlTemplate\":\"https:\/\/www.tefaneso.com\/?s={search_term_string}\"},\"query-input\":\"required name=search_term_string\"}],\"inLanguage\":\"fr-FR\"},{\"@type\":\"Organization\",\"@id\":\"https:\/\/www.tefaneso.com\/#organization\",\"name\":\"TEFANESO\",\"url\":\"https:\/\/www.tefaneso.com\/\",\"sameAs\":[\"https:\/\/www.linkedin.com\/company\/tefaneso\/\",\"https:\/\/www.youtube.com\/channel\/UC8qcAaVp4cokc0F8Zdh2-zw\",\"https:\/\/www.facebook.com\/tefaneso\/\"],\"logo\":{\"@type\":\"ImageObject\",\"inLanguage\":\"fr-FR\",\"@id\":\"https:\/\/www.tefaneso.com\/#\/schema\/logo\/image\/\",\"url\":\"https:\/\/www.tefaneso.com\/wp-content\/uploads\/2017\/08\/Tefaneso_Home.jpg\",\"contentUrl\":\"https:\/\/www.tefaneso.com\/wp-content\/uploads\/2017\/08\/Tefaneso_Home.jpg\",\"width\":1281,\"height\":720,\"caption\":\"TEFANESO\"},\"image\":{\"@id\":\"https:\/\/www.tefaneso.com\/#\/schema\/logo\/image\/\"}}]}<\/script>\n<!-- \/ Yoast SEO plugin. -->","yoast_head_json":{"title":"Partenaires | TEFANESO","robots":{"index":"index","follow":"follow","max-snippet":"max-snippet:-1","max-image-preview":"max-image-preview:large","max-video-preview":"max-video-preview:-1"},"canonical":"https:\/\/www.tefaneso.com\/fr\/partenaires-affiliation\/","og_locale":"fr_FR","og_type":"article","og_title":"Partenaires | TEFANESO","og_description":"Home&nbsp;&nbsp;\/&nbsp;Partners Outerwear de haute qualit\u00e9 Chez Tefaneso, nous offrons non seulement une vaste gamme de v\u00eatements, v\u00eatements de sport, vestes d\u2019hiver, chaussures et plus, mais aussi des distributeurs avec lesquels nous faisons affaire. Pourquoi distribuer les produits Tefaneso? Tefaneso est innovateur & et respectueux de l\u2019environnement. Tefaneso est un innovateur de v\u00eatements de sport technique; [&hellip;]","og_url":"https:\/\/www.tefaneso.com\/fr\/partenaires-affiliation\/","og_site_name":"TEFANESO","article_publisher":"https:\/\/www.facebook.com\/tefaneso\/","article_modified_time":"2019-05-10T19:17:55+00:00","og_image":[{"width":1281,"height":720,"url":"https:\/\/www.tefaneso.com\/wp-content\/uploads\/2017\/08\/Tefaneso_Home.jpg","type":"image\/jpeg"}],"twitter_card":"summary_large_image","twitter_misc":{"Dur\u00e9e de lecture estim\u00e9e":"8 minutes"},"schema":{"@context":"https:\/\/schema.org","@graph":[{"@type":"WebPage","@id":"https:\/\/www.tefaneso.com\/fr\/partenaires-affiliation\/","url":"https:\/\/www.tefaneso.com\/fr\/partenaires-affiliation\/","name":"Partenaires | TEFANESO","isPartOf":{"@id":"https:\/\/www.tefaneso.com\/#website"},"datePublished":"2019-05-09T17:22:24+00:00","dateModified":"2019-05-10T19:17:55+00:00","breadcrumb":{"@id":"https:\/\/www.tefaneso.com\/fr\/partenaires-affiliation\/#breadcrumb"},"inLanguage":"fr-FR","potentialAction":[{"@type":"ReadAction","target":["https:\/\/www.tefaneso.com\/fr\/partenaires-affiliation\/"]}]},{"@type":"BreadcrumbList","@id":"https:\/\/www.tefaneso.com\/fr\/partenaires-affiliation\/#breadcrumb","itemListElement":[{"@type":"ListItem","position":1,"name":"Home","item":"https:\/\/www.tefaneso.com\/fr\/"},{"@type":"ListItem","position":2,"name":"Partenaires"}]},{"@type":"WebSite","@id":"https:\/\/www.tefaneso.com\/#website","url":"https:\/\/www.tefaneso.com\/","name":"TEFANESO","description":"Outerwear made with you and the planet in mind!","publisher":{"@id":"https:\/\/www.tefaneso.com\/#organization"},"potentialAction":[{"@type":"SearchAction","target":{"@type":"EntryPoint","urlTemplate":"https:\/\/www.tefaneso.com\/?s={search_term_string}"},"query-input":"required name=search_term_string"}],"inLanguage":"fr-FR"},{"@type":"Organization","@id":"https:\/\/www.tefaneso.com\/#organization","name":"TEFANESO","url":"https:\/\/www.tefaneso.com\/","sameAs":["https:\/\/www.linkedin.com\/company\/tefaneso\/","https:\/\/www.youtube.com\/channel\/UC8qcAaVp4cokc0F8Zdh2-zw","https:\/\/www.facebook.com\/tefaneso\/"],"logo":{"@type":"ImageObject","inLanguage":"fr-FR","@id":"https:\/\/www.tefaneso.com\/#\/schema\/logo\/image\/","url":"https:\/\/www.tefaneso.com\/wp-content\/uploads\/2017\/08\/Tefaneso_Home.jpg","contentUrl":"https:\/\/www.tefaneso.com\/wp-content\/uploads\/2017\/08\/Tefaneso_Home.jpg","width":1281,"height":720,"caption":"TEFANESO"},"image":{"@id":"https:\/\/www.tefaneso.com\/#\/schema\/logo\/image\/"}}]}},"_links":{"self":[{"href":"https:\/\/www.tefaneso.com\/fr\/wp-json\/wp\/v2\/pages\/39075"}],"collection":[{"href":"https:\/\/www.tefaneso.com\/fr\/wp-json\/wp\/v2\/pages"}],"about":[{"href":"https:\/\/www.tefaneso.com\/fr\/wp-json\/wp\/v2\/types\/page"}],"author":[{"embeddable":true,"href":"https:\/\/www.tefaneso.com\/fr\/wp-json\/wp\/v2\/users\/1"}],"replies":[{"embeddable":true,"href":"https:\/\/www.tefaneso.com\/fr\/wp-json\/wp\/v2\/comments?post=39075"}],"version-history":[{"count":5,"href":"https:\/\/www.tefaneso.com\/fr\/wp-json\/wp\/v2\/pages\/39075\/revisions"}],"predecessor-version":[{"id":39257,"href":"https:\/\/www.tefaneso.com\/fr\/wp-json\/wp\/v2\/pages\/39075\/revisions\/39257"}],"wp:featuredmedia":[{"embeddable":true,"href":"https:\/\/www.tefaneso.com\/fr\/wp-json\/wp\/v2\/media\/7358"}],"wp:attachment":[{"href":"https:\/\/www.tefaneso.com\/fr\/wp-json\/wp\/v2\/media?parent=39075"}],"curies":[{"name":"wp","href":"https:\/\/api.w.org\/{rel}","templated":true}]}}