{"id":39103,"date":"2019-05-09T19:55:54","date_gmt":"2019-05-09T18:55:54","guid":{"rendered":"https:\/\/www.tefaneso.com\/?page_id=39103"},"modified":"2019-05-09T19:57:07","modified_gmt":"2019-05-09T18:57:07","slug":"guide-des-tailles-tefaneso","status":"publish","type":"page","link":"https:\/\/www.tefaneso.com\/fr\/guide-des-tailles-tefaneso\/","title":{"rendered":"Guide des tailles Tefaneso"},"content":{"rendered":"<p>[et_pb_section bb_built=\u00a0\u00bb1&Prime; fullwidth=\u00a0\u00bbon\u00a0\u00bb _builder_version=\u00a0\u00bb3.0.106&Prime; bottom_divider_style=\u00a0\u00bbwave2&Prime; bottom_divider_color=\u00a0\u00bb#ffffff\u00a0\u00bb custom_padding=\u00a0\u00bb0px|0px|24px|0px\u00a0\u00bb next_background_color=\u00a0\u00bb#000000&Prime;][et_pb_fullwidth_header title=\u00a0\u00bbGUIDE DES TAILLES TEFANESO \u00a0\u00bb _builder_version=\u00a0\u00bb3.9&Prime; title_font=\u00a0\u00bb|700||on|||||\u00a0\u00bb title_text_align=\u00a0\u00bbcenter\u00a0\u00bb title_font_size=\u00a0\u00bb48px\u00a0\u00bb title_text_color=\u00a0\u00bb#ffffff\u00a0\u00bb content_text_align=\u00a0\u00bbcenter\u00a0\u00bb content_text_color=\u00a0\u00bb#ffffff\u00a0\u00bb background_image=\u00a0\u00bbhttps:\/\/www.tefaneso.com\/wp-content\/uploads\/2018\/05\/Tefaneso_Home_Background_2-3-1.jpg\u00a0\u00bb background_layout=\u00a0\u00bblight\u00a0\u00bb background_color=\u00a0\u00bbrgba(255, 255, 255, 0)\u00a0\u00bb]<\/p>\n<div class=\"breadcrumbs\">\n<div class=\"container\" style=\"text-align: center;\"><a>Home<\/a>&nbsp;&nbsp;<span class=\"separator\">\/&nbsp;<\/span>Guide des Tailles Tefaneso <\/div>\n<\/div>\n<p>[\/et_pb_fullwidth_header][\/et_pb_section][et_pb_section bb_built=\u00a0\u00bb1&Prime; fullwidth=\u00a0\u00bboff\u00a0\u00bb specialty=\u00a0\u00bboff\u00a0\u00bb prev_background_color=\u00a0\u00bb#000000&Prime;][et_pb_row][et_pb_column type=\u00a0\u00bb4_4&Prime;][et_pb_tabs _builder_version=\u00a0\u00bb3.9&Prime; background_color=\u00a0\u00bb#f8f8f8&Prime; active_tab_background_color=\u00a0\u00bb#f8f8f8&Prime; inactive_tab_background_color=\u00a0\u00bb#ebebeb\u00a0\u00bb border_width_all=\u00a0\u00bb0px\u00a0\u00bb tab_line_height=\u00a0\u00bb50px\u00a0\u00bb][et_pb_tab _builder_version=\u00a0\u00bb3.9&Prime; title=\u00a0\u00bbHAUT DU CORPS \u2013 FEMMES\u00a0\u00bb use_background_color_gradient=\u00a0\u00bboff\u00a0\u00bb background_color_gradient_start=\u00a0\u00bb#2b87da\u00a0\u00bb background_color_gradient_end=\u00a0\u00bb#29c4a9&Prime; background_color_gradient_type=\u00a0\u00bblinear\u00a0\u00bb background_color_gradient_direction=\u00a0\u00bb180deg\u00a0\u00bb background_color_gradient_direction_radial=\u00a0\u00bbcenter\u00a0\u00bb background_color_gradient_start_position=\u00a0\u00bb0%\u00a0\u00bb background_color_gradient_end_position=\u00a0\u00bb100%\u00a0\u00bb background_color_gradient_overlays_image=\u00a0\u00bboff\u00a0\u00bb parallax=\u00a0\u00bboff\u00a0\u00bb parallax_method=\u00a0\u00bbon\u00a0\u00bb background_size=\u00a0\u00bbcover\u00a0\u00bb background_position=\u00a0\u00bbcenter\u00a0\u00bb background_repeat=\u00a0\u00bbno-repeat\u00a0\u00bb background_blend=\u00a0\u00bbnormal\u00a0\u00bb allow_player_pause=\u00a0\u00bboff\u00a0\u00bb background_video_pause_outside_viewport=\u00a0\u00bbon\u00a0\u00bb tab_text_shadow_style=\u00a0\u00bbnone\u00a0\u00bb body_text_shadow_style=\u00a0\u00bbnone\u00a0\u00bb tab_text_shadow_horizontal_length=\u00a0\u00bb0em\u00a0\u00bb tab_text_shadow_vertical_length=\u00a0\u00bb0em\u00a0\u00bb tab_text_shadow_blur_strength=\u00a0\u00bb0em\u00a0\u00bb body_text_shadow_horizontal_length=\u00a0\u00bb0em\u00a0\u00bb body_text_shadow_vertical_length=\u00a0\u00bb0em\u00a0\u00bb body_text_shadow_blur_strength=\u00a0\u00bb0em\u00a0\u00bb]<\/p>\n<p><a href=\"https:\/\/www.tantomarketing.com\/alba\/wp-content\/uploads\/2018\/04\/Tefaneso_Womens_Top_Size-100-1.jpg\"><img loading=\"lazy\" class=\"wp-image-453 size-large aligncenter\" src=\"https:\/\/www.tefaneso.com\/wp-content\/uploads\/2018\/05\/Tefaneso_Womens_Top_Size-100-1-1024x527.jpg\" alt=\"\" width=\"1024\" height=\"527\"><\/a><\/p>\n<p>[\/et_pb_tab][et_pb_tab _builder_version=\u00a0\u00bb3.9&Prime; title=\u00a0\u00bbBAS DU COPRPS \u2013 FEMMES\u00a0\u00bb use_background_color_gradient=\u00a0\u00bboff\u00a0\u00bb background_color_gradient_start=\u00a0\u00bb#2b87da\u00a0\u00bb background_color_gradient_end=\u00a0\u00bb#29c4a9&Prime; background_color_gradient_type=\u00a0\u00bblinear\u00a0\u00bb background_color_gradient_direction=\u00a0\u00bb180deg\u00a0\u00bb background_color_gradient_direction_radial=\u00a0\u00bbcenter\u00a0\u00bb background_color_gradient_start_position=\u00a0\u00bb0%\u00a0\u00bb background_color_gradient_end_position=\u00a0\u00bb100%\u00a0\u00bb background_color_gradient_overlays_image=\u00a0\u00bboff\u00a0\u00bb parallax=\u00a0\u00bboff\u00a0\u00bb parallax_method=\u00a0\u00bbon\u00a0\u00bb background_size=\u00a0\u00bbcover\u00a0\u00bb background_position=\u00a0\u00bbcenter\u00a0\u00bb background_repeat=\u00a0\u00bbno-repeat\u00a0\u00bb background_blend=\u00a0\u00bbnormal\u00a0\u00bb allow_player_pause=\u00a0\u00bboff\u00a0\u00bb background_video_pause_outside_viewport=\u00a0\u00bbon\u00a0\u00bb tab_text_shadow_style=\u00a0\u00bbnone\u00a0\u00bb body_text_shadow_style=\u00a0\u00bbnone\u00a0\u00bb tab_text_shadow_horizontal_length=\u00a0\u00bb0em\u00a0\u00bb tab_text_shadow_vertical_length=\u00a0\u00bb0em\u00a0\u00bb tab_text_shadow_blur_strength=\u00a0\u00bb0em\u00a0\u00bb body_text_shadow_horizontal_length=\u00a0\u00bb0em\u00a0\u00bb body_text_shadow_vertical_length=\u00a0\u00bb0em\u00a0\u00bb body_text_shadow_blur_strength=\u00a0\u00bb0em\u00a0\u00bb]<\/p>\n<p><a href=\"https:\/\/www.tantomarketing.com\/alba\/wp-content\/uploads\/2018\/04\/Tefaneso_Womens_Bottoms_Size-100.jpg\"><img loading=\"lazy\" class=\"wp-image-455 size-large aligncenter\" src=\"https:\/\/www.tefaneso.com\/wp-content\/uploads\/2018\/05\/Tefaneso_Womens_Bottoms_Size-100-1024x527.jpg\" alt=\"\" width=\"1024\" height=\"527\"><\/a><\/p>\n<p>[\/et_pb_tab][et_pb_tab _builder_version=\u00a0\u00bb3.9&Prime; title=\u00a0\u00bbHAUT DU CORPS \u2013 HOMMES\u00a0\u00bb use_background_color_gradient=\u00a0\u00bboff\u00a0\u00bb background_color_gradient_start=\u00a0\u00bb#2b87da\u00a0\u00bb background_color_gradient_end=\u00a0\u00bb#29c4a9&Prime; background_color_gradient_type=\u00a0\u00bblinear\u00a0\u00bb background_color_gradient_direction=\u00a0\u00bb180deg\u00a0\u00bb background_color_gradient_direction_radial=\u00a0\u00bbcenter\u00a0\u00bb background_color_gradient_start_position=\u00a0\u00bb0%\u00a0\u00bb background_color_gradient_end_position=\u00a0\u00bb100%\u00a0\u00bb background_color_gradient_overlays_image=\u00a0\u00bboff\u00a0\u00bb parallax=\u00a0\u00bboff\u00a0\u00bb parallax_method=\u00a0\u00bbon\u00a0\u00bb background_size=\u00a0\u00bbcover\u00a0\u00bb background_position=\u00a0\u00bbcenter\u00a0\u00bb background_repeat=\u00a0\u00bbno-repeat\u00a0\u00bb background_blend=\u00a0\u00bbnormal\u00a0\u00bb allow_player_pause=\u00a0\u00bboff\u00a0\u00bb background_video_pause_outside_viewport=\u00a0\u00bbon\u00a0\u00bb tab_text_shadow_style=\u00a0\u00bbnone\u00a0\u00bb body_text_shadow_style=\u00a0\u00bbnone\u00a0\u00bb tab_text_shadow_horizontal_length=\u00a0\u00bb0em\u00a0\u00bb tab_text_shadow_vertical_length=\u00a0\u00bb0em\u00a0\u00bb tab_text_shadow_blur_strength=\u00a0\u00bb0em\u00a0\u00bb body_text_shadow_horizontal_length=\u00a0\u00bb0em\u00a0\u00bb body_text_shadow_vertical_length=\u00a0\u00bb0em\u00a0\u00bb body_text_shadow_blur_strength=\u00a0\u00bb0em\u00a0\u00bb]<\/p>\n<p><a href=\"https:\/\/www.tantomarketing.com\/alba\/wp-content\/uploads\/2018\/04\/Tefaneso_Mens_Top_Size-100.jpg\"><img loading=\"lazy\" class=\"wp-image-457 size-large aligncenter\" src=\"https:\/\/www.tefaneso.com\/wp-content\/uploads\/2018\/05\/Tefaneso_Mens_Top_Size-100-1024x527.jpg\" alt=\"\" width=\"1024\" height=\"527\"><\/a><\/p>\n<p>[\/et_pb_tab][et_pb_tab _builder_version=\u00a0\u00bb3.9&Prime; title=\u00a0\u00bbBAS DU CORPS \u2013 HOMMES\u00a0\u00bb use_background_color_gradient=\u00a0\u00bboff\u00a0\u00bb background_color_gradient_start=\u00a0\u00bb#2b87da\u00a0\u00bb background_color_gradient_end=\u00a0\u00bb#29c4a9&Prime; background_color_gradient_type=\u00a0\u00bblinear\u00a0\u00bb background_color_gradient_direction=\u00a0\u00bb180deg\u00a0\u00bb background_color_gradient_direction_radial=\u00a0\u00bbcenter\u00a0\u00bb background_color_gradient_start_position=\u00a0\u00bb0%\u00a0\u00bb background_color_gradient_end_position=\u00a0\u00bb100%\u00a0\u00bb background_color_gradient_overlays_image=\u00a0\u00bboff\u00a0\u00bb parallax=\u00a0\u00bboff\u00a0\u00bb parallax_method=\u00a0\u00bbon\u00a0\u00bb background_size=\u00a0\u00bbcover\u00a0\u00bb background_position=\u00a0\u00bbcenter\u00a0\u00bb background_repeat=\u00a0\u00bbno-repeat\u00a0\u00bb background_blend=\u00a0\u00bbnormal\u00a0\u00bb allow_player_pause=\u00a0\u00bboff\u00a0\u00bb background_video_pause_outside_viewport=\u00a0\u00bbon\u00a0\u00bb tab_text_shadow_style=\u00a0\u00bbnone\u00a0\u00bb body_text_shadow_style=\u00a0\u00bbnone\u00a0\u00bb tab_text_shadow_horizontal_length=\u00a0\u00bb0em\u00a0\u00bb tab_text_shadow_vertical_length=\u00a0\u00bb0em\u00a0\u00bb tab_text_shadow_blur_strength=\u00a0\u00bb0em\u00a0\u00bb body_text_shadow_horizontal_length=\u00a0\u00bb0em\u00a0\u00bb body_text_shadow_vertical_length=\u00a0\u00bb0em\u00a0\u00bb body_text_shadow_blur_strength=\u00a0\u00bb0em\u00a0\u00bb]<\/p>\n<p><a href=\"https:\/\/www.tantomarketing.com\/alba\/wp-content\/uploads\/2018\/04\/Tefaneso_Mens_Bottoms_Size-100.jpg\"><img loading=\"lazy\" class=\"wp-image-459 size-large aligncenter\" src=\"https:\/\/www.tefaneso.com\/wp-content\/uploads\/2018\/05\/Tefaneso_Mens_Bottoms_Size-100-1024x527.jpg\" alt=\"\" width=\"1024\" height=\"527\"><\/a><\/p>\n<p>[\/et_pb_tab][et_pb_tab _builder_version=\u00a0\u00bb3.9&Prime; title=\u00a0\u00bbCHAUSSURES \u2013 HOMME\u00a0\u00bb use_background_color_gradient=\u00a0\u00bboff\u00a0\u00bb background_color_gradient_start=\u00a0\u00bb#2b87da\u00a0\u00bb background_color_gradient_end=\u00a0\u00bb#29c4a9&Prime; background_color_gradient_type=\u00a0\u00bblinear\u00a0\u00bb background_color_gradient_direction=\u00a0\u00bb180deg\u00a0\u00bb background_color_gradient_direction_radial=\u00a0\u00bbcenter\u00a0\u00bb background_color_gradient_start_position=\u00a0\u00bb0%\u00a0\u00bb background_color_gradient_end_position=\u00a0\u00bb100%\u00a0\u00bb background_color_gradient_overlays_image=\u00a0\u00bboff\u00a0\u00bb parallax=\u00a0\u00bboff\u00a0\u00bb parallax_method=\u00a0\u00bbon\u00a0\u00bb background_size=\u00a0\u00bbcover\u00a0\u00bb background_position=\u00a0\u00bbcenter\u00a0\u00bb background_repeat=\u00a0\u00bbno-repeat\u00a0\u00bb background_blend=\u00a0\u00bbnormal\u00a0\u00bb allow_player_pause=\u00a0\u00bboff\u00a0\u00bb background_video_pause_outside_viewport=\u00a0\u00bbon\u00a0\u00bb tab_text_shadow_style=\u00a0\u00bbnone\u00a0\u00bb body_text_shadow_style=\u00a0\u00bbnone\u00a0\u00bb tab_text_shadow_horizontal_length=\u00a0\u00bb0em\u00a0\u00bb tab_text_shadow_vertical_length=\u00a0\u00bb0em\u00a0\u00bb tab_text_shadow_blur_strength=\u00a0\u00bb0em\u00a0\u00bb body_text_shadow_horizontal_length=\u00a0\u00bb0em\u00a0\u00bb body_text_shadow_vertical_length=\u00a0\u00bb0em\u00a0\u00bb body_text_shadow_blur_strength=\u00a0\u00bb0em\u00a0\u00bb]<\/p>\n<p><a href=\"https:\/\/www.tantomarketing.com\/alba\/wp-content\/uploads\/2018\/04\/Tefaneso_Mens_Shoes_Size-100.jpg\"><img loading=\"lazy\" class=\"wp-image-461 size-large aligncenter\" src=\"https:\/\/www.tantomarketing.com\/alba\/wp-content\/uploads\/2018\/04\/Tefaneso_Mens_Shoes_Size-100-1024x527.jpg\" alt=\"\" width=\"1024\" height=\"527\"><\/a><\/p>\n<p>[\/et_pb_tab][\/et_pb_tabs][\/et_pb_column][\/et_pb_row][et_pb_row][et_pb_column type=\u00a0\u00bb4_4&Prime;][et_pb_text _builder_version=\u00a0\u00bb3.9&Prime; text_font_size=\u00a0\u00bb12px\u00a0\u00bb text_text_color=\u00a0\u00bb#848484&Prime; header_6_text_color=\u00a0\u00bb#6f6f6f\u00a0\u00bb text_orientation=\u00a0\u00bbjustified\u00a0\u00bb text_line_height=\u00a0\u00bb30px\u00a0\u00bb]<\/p>\n<h3><b> Comment choisir la bonne taille<\/b><\/h3>\n<p><strong>1. Poitrine:&nbsp;<\/strong>Pour choisir la bonne taille, placez un m\u00e8tre ruban flexible autour de la poitrine, et tenez-le bien horizontalement. Mesurer sous les bras.<br \/>\n<strong>2. Taille:&nbsp;<\/strong>Mesurez autour de la partie la plus \u00e9troite de votre taille, en tenant le ruban \u00e0 mesurer horizontalement.<br \/>\n<strong>3. Hanches:<\/strong>&nbsp;Restez debout, pieds joins, et mesurez tout autour de vos hanches. Gardez le m\u00e8tre ruban flexible horizontallement.<br \/>\n<strong>4. Entrejambe:<\/strong>&nbsp;Mesurez depuis votre entrejambe jusqu\u2019au sol (sans les talons de chaussures).3cm max entre talons.<br \/>\n<strong>5. Manche:&nbsp;<\/strong>Mesurez depuis le centre de votre nuque, le long de votre \u00e9paule jusqu\u2019\u00e0 votre poignet. Garder votre bras droit.<br \/>\n<strong>6. Pied:<\/strong>&nbsp;Gardez votre talon contre un mur, pied \u00e0 plat. Marchez sur un m\u00e8tre et mesurer jusqu\u2019au doigt de pied le plus long.<\/p>\n<h3><strong>Choisisez la bonne taille<\/strong><b><\/b><\/h3>\n<p>C\u2019est plus facile \u00e0 dire qu\u2019\u00e0 faire. Car que faire si vous \u00eates entre deux tailles?<\/p>\n<p>Si c\u2019est le cas, le mieux est de prendre la taille au-dessus pour \u00eatre s\u00fbr. Et vous savez quoi ? Vous pouvez essayer voss v\u00eatements tranquillement installer \u00e0 la maison.<\/p>\n<p><strong>-Taille des hauts:<\/strong><\/p>\n<p>Si vos mensurations pour la poitrine et la taille correspondent \u00e0 deux tailles conseill\u00e9es diff\u00e9rentes, choisisez la taille qui correspond \u00e0 votre tour de poitrine.<\/p>\n<p><strong>-Taille des bas:<\/strong><\/p>\n<p>Si vos mensurations pour les hanches et la taille correspondent \u00e0 deux tailles conseill\u00e9es diff\u00e9rentes, choisisez la taille qui correspond \u00e0 votre tour de hanches.<\/p>\n<p><strong>-Taille des pieds:<\/strong><\/p>\n<p>Si votre pied est tr\u00e8s large et si la mesure de votre pied est tr\u00e8s proche de la grandeur maximum conseill\u00e9e en centim\u00e8tre, choisir la taille sup\u00e9rieur.<\/p>\n<p>Vous pouvez aussi commander et essayer confortablement installer \u00e0 la maison!<\/p>\n<p><strong>Pas la bonne taille? Ne vous inqui\u00e9ter pas, les retours sont gratuits.<\/strong><\/p>\n<p>[\/et_pb_text][\/et_pb_column][\/et_pb_row][\/et_pb_section]<\/p>\n","protected":false},"excerpt":{"rendered":"<p>Home&nbsp;&nbsp;\/&nbsp;Guide des Tailles Tefaneso <div class=\"et_pb_row et_pb_row_0 et_pb_row_empty\">\n\t\t\t\t\n\t\t\t\t\n\t\t\t\t\n\t\t\t<\/div> <div class=\"et_pb_row et_pb_row_1 et_pb_row_empty\">\n\t\t\t\t\n\t\t\t\t\n\t\t\t\t\n\t\t\t<\/div> Comment choisir la bonne taille 1. Poitrine:&nbsp;Pour choisir la bonne taille, placez un m\u00e8tre ruban flexible autour de la poitrine, et tenez-le bien horizontalement. Mesurer sous les bras. 2. Taille:&nbsp;Mesurez autour de la partie la plus \u00e9troite de votre taille, en tenant le ruban \u00e0 mesurer horizontalement. 3. Hanches:&nbsp;Restez [&hellip;]<\/p>\n","protected":false},"author":1,"featured_media":0,"parent":0,"menu_order":0,"comment_status":"closed","ping_status":"closed","template":"","meta":{"_et_pb_use_builder":"on","_et_pb_old_content":"","_et_gb_content_width":"","_monsterinsights_skip_tracking":false,"_monsterinsights_sitenote_active":false,"_monsterinsights_sitenote_note":"","_monsterinsights_sitenote_category":0},"yoast_head":"<!-- This site is optimized with the Yoast SEO plugin v19.8 - https:\/\/yoast.com\/wordpress\/plugins\/seo\/ -->\n<title>Guide des tailles Tefaneso | TEFANESO<\/title>\n<meta name=\"robots\" content=\"index, follow, max-snippet:-1, max-image-preview:large, max-video-preview:-1\" \/>\n<link rel=\"canonical\" href=\"https:\/\/www.tefaneso.com\/fr\/guide-des-tailles-tefaneso\/\" \/>\n<meta property=\"og:locale\" content=\"fr_FR\" \/>\n<meta property=\"og:type\" content=\"article\" \/>\n<meta property=\"og:title\" content=\"Guide des tailles Tefaneso | TEFANESO\" \/>\n<meta property=\"og:description\" content=\"Home&nbsp;&nbsp;\/&nbsp;Guide des Tailles Tefaneso  Comment choisir la bonne taille 1. Poitrine:&nbsp;Pour choisir la bonne taille, placez un m\u00e8tre ruban flexible autour de la poitrine, et tenez-le bien horizontalement. Mesurer sous les bras. 2. Taille:&nbsp;Mesurez autour de la partie la plus \u00e9troite de votre taille, en tenant le ruban \u00e0 mesurer horizontalement. 3. Hanches:&nbsp;Restez [&hellip;]\" \/>\n<meta property=\"og:url\" content=\"https:\/\/www.tefaneso.com\/fr\/guide-des-tailles-tefaneso\/\" \/>\n<meta property=\"og:site_name\" content=\"TEFANESO\" \/>\n<meta property=\"article:publisher\" content=\"https:\/\/www.facebook.com\/tefaneso\/\" \/>\n<meta property=\"article:modified_time\" content=\"2019-05-09T18:57:07+00:00\" \/>\n<meta property=\"og:image\" content=\"https:\/\/www.tefaneso.com\/wp-content\/uploads\/2018\/05\/Tefaneso_Womens_Top_Size-100-1-1024x527.jpg\" \/>\n<meta name=\"twitter:card\" content=\"summary_large_image\" \/>\n<meta name=\"twitter:label1\" content=\"Dur\u00e9e de lecture estim\u00e9e\" \/>\n\t<meta name=\"twitter:data1\" content=\"6 minutes\" \/>\n<script type=\"application\/ld+json\" class=\"yoast-schema-graph\">{\"@context\":\"https:\/\/schema.org\",\"@graph\":[{\"@type\":\"WebPage\",\"@id\":\"https:\/\/www.tefaneso.com\/fr\/guide-des-tailles-tefaneso\/\",\"url\":\"https:\/\/www.tefaneso.com\/fr\/guide-des-tailles-tefaneso\/\",\"name\":\"Guide des tailles Tefaneso | TEFANESO\",\"isPartOf\":{\"@id\":\"https:\/\/www.tefaneso.com\/#website\"},\"datePublished\":\"2019-05-09T18:55:54+00:00\",\"dateModified\":\"2019-05-09T18:57:07+00:00\",\"breadcrumb\":{\"@id\":\"https:\/\/www.tefaneso.com\/fr\/guide-des-tailles-tefaneso\/#breadcrumb\"},\"inLanguage\":\"fr-FR\",\"potentialAction\":[{\"@type\":\"ReadAction\",\"target\":[\"https:\/\/www.tefaneso.com\/fr\/guide-des-tailles-tefaneso\/\"]}]},{\"@type\":\"BreadcrumbList\",\"@id\":\"https:\/\/www.tefaneso.com\/fr\/guide-des-tailles-tefaneso\/#breadcrumb\",\"itemListElement\":[{\"@type\":\"ListItem\",\"position\":1,\"name\":\"Home\",\"item\":\"https:\/\/www.tefaneso.com\/fr\/\"},{\"@type\":\"ListItem\",\"position\":2,\"name\":\"Guide des tailles Tefaneso\"}]},{\"@type\":\"WebSite\",\"@id\":\"https:\/\/www.tefaneso.com\/#website\",\"url\":\"https:\/\/www.tefaneso.com\/\",\"name\":\"TEFANESO\",\"description\":\"Outerwear made with you and the planet in mind!\",\"publisher\":{\"@id\":\"https:\/\/www.tefaneso.com\/#organization\"},\"potentialAction\":[{\"@type\":\"SearchAction\",\"target\":{\"@type\":\"EntryPoint\",\"urlTemplate\":\"https:\/\/www.tefaneso.com\/?s={search_term_string}\"},\"query-input\":\"required name=search_term_string\"}],\"inLanguage\":\"fr-FR\"},{\"@type\":\"Organization\",\"@id\":\"https:\/\/www.tefaneso.com\/#organization\",\"name\":\"TEFANESO\",\"url\":\"https:\/\/www.tefaneso.com\/\",\"sameAs\":[\"https:\/\/www.linkedin.com\/company\/tefaneso\/\",\"https:\/\/www.youtube.com\/channel\/UC8qcAaVp4cokc0F8Zdh2-zw\",\"https:\/\/www.facebook.com\/tefaneso\/\"],\"logo\":{\"@type\":\"ImageObject\",\"inLanguage\":\"fr-FR\",\"@id\":\"https:\/\/www.tefaneso.com\/#\/schema\/logo\/image\/\",\"url\":\"https:\/\/www.tefaneso.com\/wp-content\/uploads\/2017\/08\/Tefaneso_Home.jpg\",\"contentUrl\":\"https:\/\/www.tefaneso.com\/wp-content\/uploads\/2017\/08\/Tefaneso_Home.jpg\",\"width\":1281,\"height\":720,\"caption\":\"TEFANESO\"},\"image\":{\"@id\":\"https:\/\/www.tefaneso.com\/#\/schema\/logo\/image\/\"}}]}<\/script>\n<!-- \/ Yoast SEO plugin. -->","yoast_head_json":{"title":"Guide des tailles Tefaneso | TEFANESO","robots":{"index":"index","follow":"follow","max-snippet":"max-snippet:-1","max-image-preview":"max-image-preview:large","max-video-preview":"max-video-preview:-1"},"canonical":"https:\/\/www.tefaneso.com\/fr\/guide-des-tailles-tefaneso\/","og_locale":"fr_FR","og_type":"article","og_title":"Guide des tailles Tefaneso | TEFANESO","og_description":"Home&nbsp;&nbsp;\/&nbsp;Guide des Tailles Tefaneso  Comment choisir la bonne taille 1. Poitrine:&nbsp;Pour choisir la bonne taille, placez un m\u00e8tre ruban flexible autour de la poitrine, et tenez-le bien horizontalement. Mesurer sous les bras. 2. Taille:&nbsp;Mesurez autour de la partie la plus \u00e9troite de votre taille, en tenant le ruban \u00e0 mesurer horizontalement. 3. Hanches:&nbsp;Restez [&hellip;]","og_url":"https:\/\/www.tefaneso.com\/fr\/guide-des-tailles-tefaneso\/","og_site_name":"TEFANESO","article_publisher":"https:\/\/www.facebook.com\/tefaneso\/","article_modified_time":"2019-05-09T18:57:07+00:00","og_image":[{"url":"https:\/\/www.tefaneso.com\/wp-content\/uploads\/2018\/05\/Tefaneso_Womens_Top_Size-100-1-1024x527.jpg"}],"twitter_card":"summary_large_image","twitter_misc":{"Dur\u00e9e de lecture estim\u00e9e":"6 minutes"},"schema":{"@context":"https:\/\/schema.org","@graph":[{"@type":"WebPage","@id":"https:\/\/www.tefaneso.com\/fr\/guide-des-tailles-tefaneso\/","url":"https:\/\/www.tefaneso.com\/fr\/guide-des-tailles-tefaneso\/","name":"Guide des tailles Tefaneso | TEFANESO","isPartOf":{"@id":"https:\/\/www.tefaneso.com\/#website"},"datePublished":"2019-05-09T18:55:54+00:00","dateModified":"2019-05-09T18:57:07+00:00","breadcrumb":{"@id":"https:\/\/www.tefaneso.com\/fr\/guide-des-tailles-tefaneso\/#breadcrumb"},"inLanguage":"fr-FR","potentialAction":[{"@type":"ReadAction","target":["https:\/\/www.tefaneso.com\/fr\/guide-des-tailles-tefaneso\/"]}]},{"@type":"BreadcrumbList","@id":"https:\/\/www.tefaneso.com\/fr\/guide-des-tailles-tefaneso\/#breadcrumb","itemListElement":[{"@type":"ListItem","position":1,"name":"Home","item":"https:\/\/www.tefaneso.com\/fr\/"},{"@type":"ListItem","position":2,"name":"Guide des tailles Tefaneso"}]},{"@type":"WebSite","@id":"https:\/\/www.tefaneso.com\/#website","url":"https:\/\/www.tefaneso.com\/","name":"TEFANESO","description":"Outerwear made with you and the planet in mind!","publisher":{"@id":"https:\/\/www.tefaneso.com\/#organization"},"potentialAction":[{"@type":"SearchAction","target":{"@type":"EntryPoint","urlTemplate":"https:\/\/www.tefaneso.com\/?s={search_term_string}"},"query-input":"required name=search_term_string"}],"inLanguage":"fr-FR"},{"@type":"Organization","@id":"https:\/\/www.tefaneso.com\/#organization","name":"TEFANESO","url":"https:\/\/www.tefaneso.com\/","sameAs":["https:\/\/www.linkedin.com\/company\/tefaneso\/","https:\/\/www.youtube.com\/channel\/UC8qcAaVp4cokc0F8Zdh2-zw","https:\/\/www.facebook.com\/tefaneso\/"],"logo":{"@type":"ImageObject","inLanguage":"fr-FR","@id":"https:\/\/www.tefaneso.com\/#\/schema\/logo\/image\/","url":"https:\/\/www.tefaneso.com\/wp-content\/uploads\/2017\/08\/Tefaneso_Home.jpg","contentUrl":"https:\/\/www.tefaneso.com\/wp-content\/uploads\/2017\/08\/Tefaneso_Home.jpg","width":1281,"height":720,"caption":"TEFANESO"},"image":{"@id":"https:\/\/www.tefaneso.com\/#\/schema\/logo\/image\/"}}]}},"_links":{"self":[{"href":"https:\/\/www.tefaneso.com\/fr\/wp-json\/wp\/v2\/pages\/39103"}],"collection":[{"href":"https:\/\/www.tefaneso.com\/fr\/wp-json\/wp\/v2\/pages"}],"about":[{"href":"https:\/\/www.tefaneso.com\/fr\/wp-json\/wp\/v2\/types\/page"}],"author":[{"embeddable":true,"href":"https:\/\/www.tefaneso.com\/fr\/wp-json\/wp\/v2\/users\/1"}],"replies":[{"embeddable":true,"href":"https:\/\/www.tefaneso.com\/fr\/wp-json\/wp\/v2\/comments?post=39103"}],"version-history":[{"count":3,"href":"https:\/\/www.tefaneso.com\/fr\/wp-json\/wp\/v2\/pages\/39103\/revisions"}],"predecessor-version":[{"id":39106,"href":"https:\/\/www.tefaneso.com\/fr\/wp-json\/wp\/v2\/pages\/39103\/revisions\/39106"}],"wp:attachment":[{"href":"https:\/\/www.tefaneso.com\/fr\/wp-json\/wp\/v2\/media?parent=39103"}],"curies":[{"name":"wp","href":"https:\/\/api.w.org\/{rel}","templated":true}]}}