{"id":40735,"date":"2020-04-07T10:43:46","date_gmt":"2020-04-07T09:43:46","guid":{"rendered":"https:\/\/www.tefaneso.com\/products-without-pfc\/"},"modified":"2020-11-22T12:44:28","modified_gmt":"2020-11-22T12:44:28","slug":"products-without-pfc","status":"publish","type":"page","link":"https:\/\/www.tefaneso.com\/fr\/products-without-pfc\/","title":{"rendered":"TEFANESO | Products that respect the environment!"},"content":{"rendered":"<p>[et_pb_section fb_built=\u00a0\u00bb1&Prime; fullwidth=\u00a0\u00bbon\u00a0\u00bb _builder_version=\u00a0\u00bb3.22&Prime; custom_padding=\u00a0\u00bb0px|0px|4px|0px|false|false\u00a0\u00bb bottom_divider_style=\u00a0\u00bbwave2&Prime; bottom_divider_color=\u00a0\u00bb#ffffff\u00a0\u00bb][et_pb_fullwidth_header title=\u00a0\u00bbProducts Without PFC\u00a0\u00bb _builder_version=\u00a0\u00bb4.0.11&Prime; title_font=\u00a0\u00bb|700||on|||||\u00a0\u00bb title_text_align=\u00a0\u00bbcenter\u00a0\u00bb title_text_color=\u00a0\u00bb#ffffff\u00a0\u00bb title_font_size=\u00a0\u00bb48px\u00a0\u00bb content_text_align=\u00a0\u00bbcenter\u00a0\u00bb content_text_color=\u00a0\u00bb#ffffff\u00a0\u00bb background_color=\u00a0\u00bbrgba(255, 255, 255, 0)\u00a0\u00bb background_image=\u00a0\u00bbhttps:\/\/www.tefaneso.com\/wp-content\/uploads\/2018\/05\/Tefaneso_Home_Background_2-3-7.jpg\u00a0\u00bb background_layout=\u00a0\u00bblight\u00a0\u00bb title_font_size_tablet=\u00a0\u00bb30px\u00a0\u00bb title_font_size_phone=\u00a0\u00bb25px\u00a0\u00bb title_font_size_last_edited=\u00a0\u00bbon|tablet\u00a0\u00bb button_one_text_size__hover_enabled=\u00a0\u00bboff\u00a0\u00bb button_two_text_size__hover_enabled=\u00a0\u00bboff\u00a0\u00bb button_one_text_color__hover_enabled=\u00a0\u00bboff\u00a0\u00bb button_two_text_color__hover_enabled=\u00a0\u00bboff\u00a0\u00bb button_one_border_width__hover_enabled=\u00a0\u00bboff\u00a0\u00bb button_two_border_width__hover_enabled=\u00a0\u00bboff\u00a0\u00bb button_one_border_color__hover_enabled=\u00a0\u00bboff\u00a0\u00bb button_two_border_color__hover_enabled=\u00a0\u00bboff\u00a0\u00bb button_one_border_radius__hover_enabled=\u00a0\u00bboff\u00a0\u00bb button_two_border_radius__hover_enabled=\u00a0\u00bboff\u00a0\u00bb button_one_letter_spacing__hover_enabled=\u00a0\u00bboff\u00a0\u00bb button_two_letter_spacing__hover_enabled=\u00a0\u00bboff\u00a0\u00bb button_one_bg_color__hover_enabled=\u00a0\u00bboff\u00a0\u00bb button_two_bg_color__hover_enabled=\u00a0\u00bboff\u00a0\u00bb]<\/p>\n<div class=\"breadcrumbs\">\n<div class=\"container\" style=\"text-align: center;\"><a>Home<\/a>\u00a0\u00a0<span class=\"separator\">\/ Products Without PFC<\/span><\/div>\n<\/div>\n<p>[\/et_pb_fullwidth_header][\/et_pb_section][et_pb_section fb_built=\u00a0\u00bb1&Prime; _builder_version=\u00a0\u00bb4.0.11&Prime;][et_pb_row _builder_version=\u00a0\u00bb4.0.11&Prime;][et_pb_column type=\u00a0\u00bb4_4&Prime; _builder_version=\u00a0\u00bb4.0.11&Prime;][et_pb_text _builder_version=\u00a0\u00bb4.6.6&Prime; hover_enabled=\u00a0\u00bb0&Prime; sticky_enabled=\u00a0\u00bb0&Prime;]<\/p>\n<h1>Des produits respectueux de l&rsquo;environnement!<\/h1>\n<p><strong>C&rsquo;est certainement un titre qui attirera une faune de lecteurs sceptiques.<\/strong><\/p>\n<p>Historiquement, les histoires de David contre Goliath; de la Galil\u00e9e contre l&rsquo;obscurantisme; les histoires d&rsquo;hommes seuls qui d\u00e9fient les causes infiniment plus grandes que lui, suscitent une forte \u00e9motion.<\/p>\n<p>Fantasmes possibles, perp\u00e9tu\u00e9s et nourris par le cin\u00e9ma et les m\u00e9dias audiovisuels.<\/p>\n<p>Des histoires pour lesquelles nous sommes devenus beaucoup moins dupes que par le pass\u00e9, car la r\u00e9alit\u00e9 empirique se moque compl\u00e8tement de nos d\u00e9sirs de nos fantasmes, de notre logique de la fin heureuse \u00e0 couper le souffle. Dont les acteurs de l&rsquo;information sont devenus les ma\u00eetres conteurs.<\/p>\n<p>Mais nous avons tous une fascination et un d\u00e9sir urgent que ces histoires soient r\u00e9alit\u00e9. Et c&rsquo;est pour cette raison que lorsqu&rsquo;un sc\u00e9nario de ce type se pr\u00e9sente et pr\u00e9tend \u00eatre r\u00e9alit\u00e9. Il faut faire tr\u00e8s attention, et v\u00e9rifier s&rsquo;il n&rsquo;y a pas d&rsquo;erreurs, qui peuvent nous d\u00e9cevoir, des erreurs qui peuvent nous ramener brutalement sur Terre, des erreurs qui peuvent nous donner de faux espoirs face \u00e0 une r\u00e9alit\u00e9 hypoth\u00e9tiquement fictive.<\/p>\n<p>N&rsquo;ayant pas toutes les donn\u00e9es en main, je me suis donc tourn\u00e9 vers des personnes ayant un peu plus de connaissances afin de proposer des produits respectueux de l&rsquo;environnement.<\/p>\n<p>C&rsquo;\u00e9tait mon dilemme lors de la cr\u00e9ation de Tefaneso et du d\u00e9veloppement de produits.<\/p>\n<p><img loading=\"lazy\" class=\"wp-image-40382 alignnone size-full\" src=\"https:\/\/www.tefaneso.com\/wp-content\/uploads\/2020\/04\/Products-Without-PFC-1.jpg\" alt=\"Products Without PFC\" width=\"1000\" height=\"750\" srcset=\"https:\/\/www.tefaneso.com\/wp-content\/uploads\/2020\/04\/Products-Without-PFC-1.jpg 1000w, https:\/\/www.tefaneso.com\/wp-content\/uploads\/2020\/04\/Products-Without-PFC-1-980x735.jpg 980w, https:\/\/www.tefaneso.com\/wp-content\/uploads\/2020\/04\/Products-Without-PFC-1-480x360.jpg 480w\" sizes=\"(min-width: 0px) and (max-width: 480px) 480px, (min-width: 481px) and (max-width: 980px) 980px, (min-width: 981px) 1000px, 100vw\" \/><\/p>\n<h2>Danger pour l&rsquo;environnement:<\/h2>\n<p>Greenpeace tire la sonnette d&rsquo;alarme dans un rapport de 2016 sur la production de produits chimiques perfluor\u00e9s et polyfluor\u00e9s (PFC).<\/p>\n<p style=\"text-align: justify;\"><a href=\"https:\/\/storage.googleapis.com\/planet4-international-stateless\/2018\/06\/PFC-Pollution-Hotspots.pdf\">Greenpeace Italy &#8211; English translation<\/a><\/p>\n<p>Les fabricants de textile appr\u00e9cient les propri\u00e9t\u00e9s imperm\u00e9ables des PFC, une qualit\u00e9 essentielle pour les v\u00eatements ou accessoires d&rsquo;ext\u00e9rieur.<\/p>\n<p>Greenpeace pr\u00e9cise que ces perturbateurs endocriniens sont des mol\u00e9cules qui modifient le syst\u00e8me hormonal des animaux ou des humains et peuvent avoir des cons\u00e9quences sur leur sant\u00e9, leur d\u00e9veloppement ou leur reproduction.<\/p>\n<p>\u00abAu printemps 2015, les \u00e9quipes de Greenpeace ont men\u00e9 des exp\u00e9ditions dans huit r\u00e9gions \u00e9loign\u00e9es et montagneuses du monde pour collecter des \u00e9chantillons d&rsquo;eau et de neige. Tous les \u00e9chantillons collect\u00e9s \u00e9taient positifs pour les PFC, de la Chine \u00e0 la Russie et au-del\u00e0 \u00e0 travers les Alpes et la Patagonie. Bien entendu, ces produits polluent \u00e9galement l&rsquo;environnement des r\u00e9gions de fabrication des textiles. \u00ab\u00a0<\/p>\n<p><img loading=\"lazy\" class=\"wp-image-40386 alignnone size-full\" src=\"https:\/\/www.tefaneso.com\/wp-content\/uploads\/2020\/04\/Product-Without-PFC-1.jpg\" alt=\"\" width=\"1000\" height=\"594\" srcset=\"https:\/\/www.tefaneso.com\/wp-content\/uploads\/2020\/04\/Product-Without-PFC-1.jpg 1000w, https:\/\/www.tefaneso.com\/wp-content\/uploads\/2020\/04\/Product-Without-PFC-1-980x582.jpg 980w, https:\/\/www.tefaneso.com\/wp-content\/uploads\/2020\/04\/Product-Without-PFC-1-480x285.jpg 480w\" sizes=\"(min-width: 0px) and (max-width: 480px) 480px, (min-width: 481px) and (max-width: 980px) 980px, (min-width: 981px) 1000px, 100vw\" \/><\/p>\n<h2>De l&rsquo;information \u00e0 la sagesse<\/h2>\n<p>Fondamentalement, un r\u00eave un peu similaire \u00e0 celui que beaucoup de gens ont. Tent\u00e9s par leurs choix et leurs actions de contribuer \u00e0 leur \u00e9chelle \u00e0 pr\u00e9server et assurer la p\u00e9rennit\u00e9 de notre plan\u00e8te qui nous accueille<\/p>\n<p>C&rsquo;est notre ligne d&rsquo;horizon, celle qui nous inspire, celle qui nous motive \u00e0 respecter l&rsquo;h\u00f4te qui nous invite, et plus particuli\u00e8rement \u00e0 garder cette m\u00eame sensation d&rsquo;extase, lorsque nous posons les yeux sur une ligne d&rsquo;horizon.<\/p>\n<p>Les produits Tefaneso n&rsquo;utilisent pas de PFC (produits chimiques perfluor\u00e9s et polyfluor\u00e9s).<\/p>\n<p>Monde sauvage &#8230;<\/p>\n<p><img loading=\"lazy\" class=\"wp-image-40384 alignnone size-full\" src=\"https:\/\/www.tefaneso.com\/wp-content\/uploads\/2020\/04\/Photo-4-1.jpg\" alt=\"\" width=\"1000\" height=\"596\" srcset=\"https:\/\/www.tefaneso.com\/wp-content\/uploads\/2020\/04\/Photo-4-1.jpg 1000w, https:\/\/www.tefaneso.com\/wp-content\/uploads\/2020\/04\/Photo-4-1-980x584.jpg 980w, https:\/\/www.tefaneso.com\/wp-content\/uploads\/2020\/04\/Photo-4-1-480x286.jpg 480w\" sizes=\"(min-width: 0px) and (max-width: 480px) 480px, (min-width: 481px) and (max-width: 980px) 980px, (min-width: 981px) 1000px, 100vw\" \/><\/p>\n<p>[\/et_pb_text][\/et_pb_column][\/et_pb_row][\/et_pb_section]<\/p>\n","protected":false},"excerpt":{"rendered":"<p>Home\u00a0\u00a0\/ Products Without PFC Des produits respectueux de l&rsquo;environnement! C&rsquo;est certainement un titre qui attirera une faune de lecteurs sceptiques. Historiquement, les histoires de David contre Goliath; de la Galil\u00e9e contre l&rsquo;obscurantisme; les histoires d&rsquo;hommes seuls qui d\u00e9fient les causes infiniment plus grandes que lui, suscitent une forte \u00e9motion. Fantasmes possibles, perp\u00e9tu\u00e9s et nourris par [&hellip;]<\/p>\n","protected":false},"author":1,"featured_media":40365,"parent":0,"menu_order":0,"comment_status":"closed","ping_status":"closed","template":"","meta":{"_et_pb_use_builder":"on","_et_pb_old_content":"<h1>Products that respect the environment!<\/h1><p style=\"text-align: justify;\"><strong> This is certainly a title that will attract a fauna of skeptical readers.<\/strong><\/p><p style=\"text-align: justify;\">Historically, the stories of David against Goliath; of Galilee against obscurantism; the stories of men alone who defy causes infinitely greater than him, arouses strong emotion.<\/p><p style=\"text-align: justify;\">Possible fantasies, perpetuated and nurtured through cinema and audiovisual media.<\/p><p style=\"text-align: justify;\">Stories for which we have become much less fooled than in the past, because the empirical reality completely mock our desires of our fantasies, our logic of the breathtaking happy end. Of which the actors of information have become the master storytellers.<\/p><p style=\"text-align: justify;\">But we all have a fascination and an urgent desire that these stories be reality. And it is for this reason that when a scenario of this type presents itself and claims to be reality. We must be extra careful, and check if there are not errors, which may disappoint us, errors which may bring us back to Earth brutally, errors which may give us false hope in the face of a hypothetically fictitious reality.<\/p><p style=\"text-align: justify;\">Not having all the data in hand, I therefore turned to people with a little more knowledge in order to come up with products that respect the environment.<\/p><p style=\"text-align: justify;\"><em>This was my dilemma when creating Tefaneso and developing products.<\/em><\/p><p><img class=\"alignnone size-full wp-image-40358\" src=\"https:\/\/www.tefaneso.com\/wp-content\/uploads\/2020\/04\/Products-Without-PFC.jpg\" alt=\"Products Without PFC\" width=\"1189\" height=\"892\" \/><\/p><h2 style=\"text-align: justify;\">Danger to the environment:<\/h2><p style=\"text-align: justify;\"><strong>Greenpeace is sounding the alarm in a 2016 report on the production of perfluorinated and polyfluorinated chemicals (PFCs).<\/strong><\/p><p style=\"text-align: justify;\"><a href=\"https:\/\/storage.googleapis.com\/planet4-international-stateless\/2018\/06\/PFC-Pollution-Hotspots.pdf\">Greenpeace Italy - English translation<\/a><\/p><p style=\"text-align: justify;\">Textile manufacturers appreciate the waterproof properties of PFCs, an essential quality for outdoor clothing or accessories.<\/p><p style=\"text-align: justify;\">Greenpeace points out that these endocrine disruptors are molecules which modify the hormonal system of animals or humans and can have consequences on their health, their development or their reproduction.<\/p><p style=\"text-align: justify;\">\"In the spring of 2015, Greenpeace teams led expeditions to eight remote and mountainous regions of the world to collect water and snow samples. All of the samples collected were positive for PFCs, from China to Russia and beyond through the Alps and Patagonia. Of course, these products also pollute the environment of the regions where textiles are made. \"<\/p><p><img class=\"alignnone size-full wp-image-40360\" src=\"https:\/\/www.tefaneso.com\/wp-content\/uploads\/2020\/04\/Product-Without-PFC.jpg\" alt=\"Tefaneso Products Without PFC\" width=\"2000\" height=\"1187\" \/><\/p><h2 style=\"text-align: justify;\">From information to wisdom<\/h2><p style=\"text-align: justify;\">Basically a dream somewhat similar to that which many people have. Tempted by their choices and actions to contribute on their scale to preserve and ensure the sustainability of our planet, which hosts us.<\/p><p style=\"text-align: justify;\">It is our horizon line, the one that inspires us, the one that motivates us to respect the host who invites us, and more particularly to keep this same feeling of ecstasy, when we lay our eyes on a horizon line.<\/p><p>Tefaneso products do not use PFC (perfluorinated and polyfluorinated chemicals).<\/p><p style=\"text-align: justify;\">World wide wild ...<\/p><p><img class=\"size-full wp-image-40362\" src=\"https:\/\/www.tefaneso.com\/wp-content\/uploads\/2020\/04\/Photo-4-scaled.jpg\" alt=\"Tefaneso Without PFC\" width=\"2560\" height=\"1527\" \/><\/p>","_et_gb_content_width":"","_monsterinsights_skip_tracking":false,"_monsterinsights_sitenote_active":false,"_monsterinsights_sitenote_note":"","_monsterinsights_sitenote_category":0},"yoast_head":"<!-- This site is optimized with the Yoast SEO plugin v19.8 - https:\/\/yoast.com\/wordpress\/plugins\/seo\/ -->\n<title>TEFANESO Products that respect the environment (Products without PFC)<\/title>\n<meta name=\"description\" content=\"This was my dilemma when creating Tefaneso and developing products without PFC. Greenpeace is sounding the alarm in a 2016 report\" \/>\n<meta name=\"robots\" content=\"index, follow, max-snippet:-1, max-image-preview:large, max-video-preview:-1\" \/>\n<link rel=\"canonical\" href=\"https:\/\/www.tefaneso.com\/fr\/products-without-pfc\/\" \/>\n<meta property=\"og:locale\" content=\"fr_FR\" \/>\n<meta property=\"og:type\" content=\"article\" \/>\n<meta property=\"og:title\" content=\"TEFANESO Products that respect the environment (Products without PFC)\" \/>\n<meta property=\"og:description\" content=\"This was my dilemma when creating Tefaneso and developing products without PFC. Greenpeace is sounding the alarm in a 2016 report\" \/>\n<meta property=\"og:url\" content=\"https:\/\/www.tefaneso.com\/fr\/products-without-pfc\/\" \/>\n<meta property=\"og:site_name\" content=\"TEFANESO\" \/>\n<meta property=\"article:publisher\" content=\"https:\/\/www.facebook.com\/tefaneso\/\" \/>\n<meta property=\"article:modified_time\" content=\"2020-11-22T12:44:28+00:00\" \/>\n<meta property=\"og:image\" content=\"https:\/\/www.tefaneso.com\/wp-content\/uploads\/2020\/04\/PFC.jpg\" \/>\n\t<meta property=\"og:image:width\" content=\"1032\" \/>\n\t<meta property=\"og:image:height\" content=\"579\" \/>\n\t<meta property=\"og:image:type\" content=\"image\/jpeg\" \/>\n<meta name=\"twitter:card\" content=\"summary_large_image\" \/>\n<meta name=\"twitter:label1\" content=\"Dur\u00e9e de lecture estim\u00e9e\" \/>\n\t<meta name=\"twitter:data1\" content=\"4 minutes\" \/>\n<script type=\"application\/ld+json\" class=\"yoast-schema-graph\">{\"@context\":\"https:\/\/schema.org\",\"@graph\":[{\"@type\":\"WebPage\",\"@id\":\"https:\/\/www.tefaneso.com\/fr\/products-without-pfc\/\",\"url\":\"https:\/\/www.tefaneso.com\/fr\/products-without-pfc\/\",\"name\":\"TEFANESO Products that respect the environment (Products without PFC)\",\"isPartOf\":{\"@id\":\"https:\/\/www.tefaneso.com\/#website\"},\"datePublished\":\"2020-04-07T09:43:46+00:00\",\"dateModified\":\"2020-11-22T12:44:28+00:00\",\"description\":\"This was my dilemma when creating Tefaneso and developing products without PFC. Greenpeace is sounding the alarm in a 2016 report\",\"breadcrumb\":{\"@id\":\"https:\/\/www.tefaneso.com\/fr\/products-without-pfc\/#breadcrumb\"},\"inLanguage\":\"fr-FR\",\"potentialAction\":[{\"@type\":\"ReadAction\",\"target\":[\"https:\/\/www.tefaneso.com\/fr\/products-without-pfc\/\"]}]},{\"@type\":\"BreadcrumbList\",\"@id\":\"https:\/\/www.tefaneso.com\/fr\/products-without-pfc\/#breadcrumb\",\"itemListElement\":[{\"@type\":\"ListItem\",\"position\":1,\"name\":\"Home\",\"item\":\"https:\/\/www.tefaneso.com\/fr\/\"},{\"@type\":\"ListItem\",\"position\":2,\"name\":\"TEFANESO | Products that respect the environment!\"}]},{\"@type\":\"WebSite\",\"@id\":\"https:\/\/www.tefaneso.com\/#website\",\"url\":\"https:\/\/www.tefaneso.com\/\",\"name\":\"TEFANESO\",\"description\":\"Outerwear made with you and the planet in mind!\",\"publisher\":{\"@id\":\"https:\/\/www.tefaneso.com\/#organization\"},\"potentialAction\":[{\"@type\":\"SearchAction\",\"target\":{\"@type\":\"EntryPoint\",\"urlTemplate\":\"https:\/\/www.tefaneso.com\/?s={search_term_string}\"},\"query-input\":\"required name=search_term_string\"}],\"inLanguage\":\"fr-FR\"},{\"@type\":\"Organization\",\"@id\":\"https:\/\/www.tefaneso.com\/#organization\",\"name\":\"TEFANESO\",\"url\":\"https:\/\/www.tefaneso.com\/\",\"sameAs\":[\"https:\/\/www.linkedin.com\/company\/tefaneso\/\",\"https:\/\/www.youtube.com\/channel\/UC8qcAaVp4cokc0F8Zdh2-zw\",\"https:\/\/www.facebook.com\/tefaneso\/\"],\"logo\":{\"@type\":\"ImageObject\",\"inLanguage\":\"fr-FR\",\"@id\":\"https:\/\/www.tefaneso.com\/#\/schema\/logo\/image\/\",\"url\":\"https:\/\/www.tefaneso.com\/wp-content\/uploads\/2017\/08\/Tefaneso_Home.jpg\",\"contentUrl\":\"https:\/\/www.tefaneso.com\/wp-content\/uploads\/2017\/08\/Tefaneso_Home.jpg\",\"width\":1281,\"height\":720,\"caption\":\"TEFANESO\"},\"image\":{\"@id\":\"https:\/\/www.tefaneso.com\/#\/schema\/logo\/image\/\"}}]}<\/script>\n<!-- \/ Yoast SEO plugin. -->","yoast_head_json":{"title":"TEFANESO Products that respect the environment (Products without PFC)","description":"This was my dilemma when creating Tefaneso and developing products without PFC. Greenpeace is sounding the alarm in a 2016 report","robots":{"index":"index","follow":"follow","max-snippet":"max-snippet:-1","max-image-preview":"max-image-preview:large","max-video-preview":"max-video-preview:-1"},"canonical":"https:\/\/www.tefaneso.com\/fr\/products-without-pfc\/","og_locale":"fr_FR","og_type":"article","og_title":"TEFANESO Products that respect the environment (Products without PFC)","og_description":"This was my dilemma when creating Tefaneso and developing products without PFC. Greenpeace is sounding the alarm in a 2016 report","og_url":"https:\/\/www.tefaneso.com\/fr\/products-without-pfc\/","og_site_name":"TEFANESO","article_publisher":"https:\/\/www.facebook.com\/tefaneso\/","article_modified_time":"2020-11-22T12:44:28+00:00","og_image":[{"width":1032,"height":579,"url":"https:\/\/www.tefaneso.com\/wp-content\/uploads\/2020\/04\/PFC.jpg","type":"image\/jpeg"}],"twitter_card":"summary_large_image","twitter_misc":{"Dur\u00e9e de lecture estim\u00e9e":"4 minutes"},"schema":{"@context":"https:\/\/schema.org","@graph":[{"@type":"WebPage","@id":"https:\/\/www.tefaneso.com\/fr\/products-without-pfc\/","url":"https:\/\/www.tefaneso.com\/fr\/products-without-pfc\/","name":"TEFANESO Products that respect the environment (Products without PFC)","isPartOf":{"@id":"https:\/\/www.tefaneso.com\/#website"},"datePublished":"2020-04-07T09:43:46+00:00","dateModified":"2020-11-22T12:44:28+00:00","description":"This was my dilemma when creating Tefaneso and developing products without PFC. Greenpeace is sounding the alarm in a 2016 report","breadcrumb":{"@id":"https:\/\/www.tefaneso.com\/fr\/products-without-pfc\/#breadcrumb"},"inLanguage":"fr-FR","potentialAction":[{"@type":"ReadAction","target":["https:\/\/www.tefaneso.com\/fr\/products-without-pfc\/"]}]},{"@type":"BreadcrumbList","@id":"https:\/\/www.tefaneso.com\/fr\/products-without-pfc\/#breadcrumb","itemListElement":[{"@type":"ListItem","position":1,"name":"Home","item":"https:\/\/www.tefaneso.com\/fr\/"},{"@type":"ListItem","position":2,"name":"TEFANESO | Products that respect the environment!"}]},{"@type":"WebSite","@id":"https:\/\/www.tefaneso.com\/#website","url":"https:\/\/www.tefaneso.com\/","name":"TEFANESO","description":"Outerwear made with you and the planet in mind!","publisher":{"@id":"https:\/\/www.tefaneso.com\/#organization"},"potentialAction":[{"@type":"SearchAction","target":{"@type":"EntryPoint","urlTemplate":"https:\/\/www.tefaneso.com\/?s={search_term_string}"},"query-input":"required name=search_term_string"}],"inLanguage":"fr-FR"},{"@type":"Organization","@id":"https:\/\/www.tefaneso.com\/#organization","name":"TEFANESO","url":"https:\/\/www.tefaneso.com\/","sameAs":["https:\/\/www.linkedin.com\/company\/tefaneso\/","https:\/\/www.youtube.com\/channel\/UC8qcAaVp4cokc0F8Zdh2-zw","https:\/\/www.facebook.com\/tefaneso\/"],"logo":{"@type":"ImageObject","inLanguage":"fr-FR","@id":"https:\/\/www.tefaneso.com\/#\/schema\/logo\/image\/","url":"https:\/\/www.tefaneso.com\/wp-content\/uploads\/2017\/08\/Tefaneso_Home.jpg","contentUrl":"https:\/\/www.tefaneso.com\/wp-content\/uploads\/2017\/08\/Tefaneso_Home.jpg","width":1281,"height":720,"caption":"TEFANESO"},"image":{"@id":"https:\/\/www.tefaneso.com\/#\/schema\/logo\/image\/"}}]}},"_links":{"self":[{"href":"https:\/\/www.tefaneso.com\/fr\/wp-json\/wp\/v2\/pages\/40735"}],"collection":[{"href":"https:\/\/www.tefaneso.com\/fr\/wp-json\/wp\/v2\/pages"}],"about":[{"href":"https:\/\/www.tefaneso.com\/fr\/wp-json\/wp\/v2\/types\/page"}],"author":[{"embeddable":true,"href":"https:\/\/www.tefaneso.com\/fr\/wp-json\/wp\/v2\/users\/1"}],"replies":[{"embeddable":true,"href":"https:\/\/www.tefaneso.com\/fr\/wp-json\/wp\/v2\/comments?post=40735"}],"version-history":[{"count":3,"href":"https:\/\/www.tefaneso.com\/fr\/wp-json\/wp\/v2\/pages\/40735\/revisions"}],"predecessor-version":[{"id":40741,"href":"https:\/\/www.tefaneso.com\/fr\/wp-json\/wp\/v2\/pages\/40735\/revisions\/40741"}],"wp:featuredmedia":[{"embeddable":true,"href":"https:\/\/www.tefaneso.com\/fr\/wp-json\/wp\/v2\/media\/40365"}],"wp:attachment":[{"href":"https:\/\/www.tefaneso.com\/fr\/wp-json\/wp\/v2\/media?parent=40735"}],"curies":[{"name":"wp","href":"https:\/\/api.w.org\/{rel}","templated":true}]}}