{"id":8071,"date":"2017-10-18T01:56:56","date_gmt":"2017-10-18T00:56:56","guid":{"rendered":"https:\/\/www.tefaneso.com\/?page_id=8071"},"modified":"2019-05-09T18:50:32","modified_gmt":"2019-05-09T17:50:32","slug":"garantie","status":"publish","type":"page","link":"https:\/\/www.tefaneso.com\/fr\/garantie\/","title":{"rendered":"Garantie"},"content":{"rendered":"<p>[et_pb_section bb_built=\u00a0\u00bb1&Prime;][et_pb_row][et_pb_column type=\u00a0\u00bb4_4&Prime;][et_pb_text _builder_version=\u00a0\u00bb3.9&Prime;]<\/p>\n<p style=\"text-align: justify;\"><span style=\"font-weight: 400;\">Nous garantissons aux consommateurs que, \u00e0 la date d\u2019achat, et dans le cadre de la garantie l\u00e9gale en vertu des lois nationales du pays d\u2019achat sur les garanties, la marchandise est exempte de tout d\u00e9faut attribuable aux d\u00e9fauts du mat\u00e9riel ou d\u2019erreurs de fabrication.<\/span><\/p>\n<p style=\"text-align: justify;\"><span style=\"font-weight: 400;\">Les conditions pr\u00e9alables pour honorer la garantie sont le bon usage et le traitement de la marchandise, ainsi que ses soins appropri\u00e9s (suivez les instructions de soins de la marque).<\/span><\/p>\n<p style=\"text-align: justify;\"><span style=\"font-weight: 400;\">Ne sont pas inclus dans la garantie;<\/span><\/p>\n<ul style=\"text-align: justify;\">\n<li style=\"font-weight: 400;\"><span style=\"font-weight: 400;\">Usure normale ainsi que les r\u00e9sultats d\u2019une mauvaise utilisation.<\/span><\/li>\n<li style=\"font-weight: 400;\"><span style=\"font-weight: 400;\">D\u00e9gradations volontaires.<\/span><\/li>\n<li style=\"font-weight: 400;\"><span style=\"font-weight: 400;\">L\u2019absence de soins et traitement appropri\u00e9s<\/span><\/li>\n<li style=\"font-weight: 400;\"><span style=\"font-weight: 400;\">R\u00e9glage d\u00e9fectueux et\/ou toute modification<\/span><\/li>\n<\/ul>\n<p style=\"text-align: justify;\"><span style=\"font-weight: 400;\">Dans le cas d\u2019une r\u00e9clamation justifi\u00e9e, nous apporterons notre choix sur une r\u00e9paration ou un remplacement.<\/span><\/p>\n<p style=\"text-align: justify;\"><span style=\"font-weight: 400;\">Limitation de responsabilit\u00e9:<\/span><\/p>\n<ul style=\"text-align: justify;\">\n<li style=\"font-weight: 400;\"><span style=\"font-weight: 400;\"> En dommages-int\u00e9r\u00eats, nous sommes responsables seulement d\u2019intention ou de n\u00e9gligence grave. Dans le cas d\u2019un manquement, que ce soit de la responsabilit\u00e9 de nos assistants, agents ou revendeur, notre responsabilit\u00e9 pour dommage pr\u00e9visible est limit\u00e9e aux garanties contractuelles ordinaires.<\/span><\/li>\n<\/ul>\n<p style=\"text-align: justify;\"><span style=\"font-weight: 400;\">La garantie peut seulement \u00eatre honor\u00e9e lorsque le certificat de garantie est d\u00fbment compl\u00e9t\u00e9 et\/ou que la facture d\u2019achat (montrant le cachet du commer\u00e7ant et la date d\u2019achat) a (ont) \u00e9t\u00e9 fourni(s).<\/span><\/p>\n<p style=\"text-align: justify;\"><span style=\"font-weight: 400;\">Honorer une garantie ne prolongera pas la p\u00e9riode de garantie initiale.<br \/>\n<\/span><\/p>\n<p style=\"text-align: justify;\"><span style=\"font-weight: 400;\">Notre recommandation:<\/span><\/p>\n<p style=\"text-align: justify;\"><span style=\"font-weight: 400;\">Vous avez achet\u00e9 un produit de qualit\u00e9 de marque TEFANESO. Veuillez noter qu\u2019en d\u00e9pit de la qualit\u00e9 et l\u2019excellente fabrication, des signes d\u2019usure peuvent appara\u00eetre apr\u00e8s plusieurs ann\u00e9e, li\u00e9 \u00e0 l\u2019\u00e2ge. Nous recommandons donc que vous apportiez votre produit TEFANESO aupr\u00e8s d\u2019un d\u00e9taillant partenaire sp\u00e9cialis\u00e9 pour une v\u00e9rification apr\u00e8s six ans.<br \/>\n<\/span><\/p>\n<p>[\/et_pb_text][\/et_pb_column][\/et_pb_row][\/et_pb_section]<\/p>\n","protected":false},"excerpt":{"rendered":"<p><div class=\"et_pb_row et_pb_row_0 et_pb_row_empty\">\n\t\t\t\t\n\t\t\t\t\n\t\t\t\t\n\t\t\t<\/div> Nous garantissons aux consommateurs que, \u00e0 la date d\u2019achat, et dans le cadre de la garantie l\u00e9gale en vertu des lois nationales du pays d\u2019achat sur les garanties, la marchandise est exempte de tout d\u00e9faut attribuable aux d\u00e9fauts du mat\u00e9riel ou d\u2019erreurs de fabrication. Les conditions pr\u00e9alables pour honorer la garantie sont le bon [&hellip;]<\/p>\n","protected":false},"author":1,"featured_media":7358,"parent":0,"menu_order":0,"comment_status":"closed","ping_status":"closed","template":"","meta":{"_et_pb_use_builder":"on","_et_pb_old_content":"<p>[vc_row][vc_column][vc_column_text]<\/p><p style=\"text-align: justify;\"><span style=\"font-weight: 400;\">We guarantee consumers that, as of the date of purchase and within the scope of the legal warranty under the respectively binding national laws of the country of purchase, the merchandise is free from defects attributable to material defects or production errors.<\/span><\/p><p style=\"text-align: justify;\"><span style=\"font-weight: 400;\">The preconditions for honouring the warranty are the proper usage and treatment of the merchandise, as well as its proper care (follow the brand\u2019s care instruction). <\/span><\/p><p style=\"text-align: justify;\"><span style=\"font-weight: 400;\">Not included under the warranty are<\/span><\/p><ul style=\"text-align: justify;\"><li style=\"font-weight: 400;\"><span style=\"font-weight: 400;\">Normal wear and tear as well as the results of improper usage.<\/span><\/li><li style=\"font-weight: 400;\"><span style=\"font-weight: 400;\">Wilful damage.<\/span><\/li><li style=\"font-weight: 400;\"><span style=\"font-weight: 400;\">The lack of proper care and treatment<\/span><\/li><li style=\"font-weight: 400;\"><span style=\"font-weight: 400;\">Faulty adjustment and\/or modifications<\/span><\/li><\/ul><p style=\"text-align: justify;\"><span style=\"font-weight: 400;\">In the event of a justified warranty claim, we shall provide our choice of a repair or replacement.<\/span><\/p><p style=\"text-align: justify;\"><span style=\"font-weight: 400;\">Limitation of liability:<\/span><\/p><ul style=\"text-align: justify;\"><li style=\"font-weight: 400;\"><span style=\"font-weight: 400;\">For damage or loss as a result of defects, we are liable only for wilful damage or gross negligence. In the case of mere careless neglect, whether on our part of our assistants or agents, our liability is limited to contractually typical, predictable damage.<\/span><\/li><\/ul><p style=\"text-align: justify;\"><span style=\"font-weight: 400;\">The warranty can only be honoured when the fully completed certificate of guarantee and\/or the sales slip (showing the merchant\u2019s stamp and date of purchase) have been provided.<\/span><\/p><p style=\"text-align: justify;\"><span style=\"font-weight: 400;\">Honouring a guarantee will not prolong the original warranty period.<\/span><\/p><p style=\"text-align: justify;\"><span style=\"font-weight: 400;\">Our recommendation:<\/span><\/p><p style=\"text-align: justify;\"><span style=\"font-weight: 400;\">You have purchased a quality product from TEFANESO. Please note that in spite of the high quality and excellent fabrication, age-related signs of wear can appear after some times. We therefore recommend that you have your TEFANESO product checked by us or a specialized retailer after six years.<\/span><\/p><p>[\/vc_column_text][\/vc_column][\/vc_row]<\/p>","_et_gb_content_width":"","_monsterinsights_skip_tracking":false,"_monsterinsights_sitenote_active":false,"_monsterinsights_sitenote_note":"","_monsterinsights_sitenote_category":0},"yoast_head":"<!-- This site is optimized with the Yoast SEO plugin v19.8 - https:\/\/yoast.com\/wordpress\/plugins\/seo\/ -->\n<title>Garanties produits \u2013 parcourez maintenant<\/title>\n<meta name=\"description\" content=\"enez connaissance des garanties produits TEFANESO, comme les d\u00e9tails de nos standards de finitions haute qualit\u00e9. si vous achetez un v\u00eatement technique\u2026\" \/>\n<meta name=\"robots\" content=\"index, follow, max-snippet:-1, max-image-preview:large, max-video-preview:-1\" \/>\n<link rel=\"canonical\" href=\"https:\/\/www.tefaneso.com\/fr\/garantie\/\" \/>\n<meta property=\"og:locale\" content=\"fr_FR\" \/>\n<meta property=\"og:type\" content=\"article\" \/>\n<meta property=\"og:title\" content=\"Garanties produits \u2013 parcourez maintenant\" \/>\n<meta property=\"og:description\" content=\"enez connaissance des garanties produits TEFANESO, comme les d\u00e9tails de nos standards de finitions haute qualit\u00e9. si vous achetez un v\u00eatement technique\u2026\" \/>\n<meta property=\"og:url\" content=\"https:\/\/www.tefaneso.com\/fr\/garantie\/\" \/>\n<meta property=\"og:site_name\" content=\"TEFANESO\" \/>\n<meta property=\"article:publisher\" content=\"https:\/\/www.facebook.com\/tefaneso\/\" \/>\n<meta property=\"article:modified_time\" content=\"2019-05-09T17:50:32+00:00\" \/>\n<meta property=\"og:image\" content=\"https:\/\/www.tefaneso.com\/wp-content\/uploads\/2017\/08\/Tefaneso_Home.jpg\" \/>\n\t<meta property=\"og:image:width\" content=\"1281\" \/>\n\t<meta property=\"og:image:height\" content=\"720\" \/>\n\t<meta property=\"og:image:type\" content=\"image\/jpeg\" \/>\n<meta name=\"twitter:card\" content=\"summary_large_image\" \/>\n<meta name=\"twitter:label1\" content=\"Dur\u00e9e de lecture estim\u00e9e\" \/>\n\t<meta name=\"twitter:data1\" content=\"2 minutes\" \/>\n<script type=\"application\/ld+json\" class=\"yoast-schema-graph\">{\"@context\":\"https:\/\/schema.org\",\"@graph\":[{\"@type\":\"WebPage\",\"@id\":\"https:\/\/www.tefaneso.com\/fr\/garantie\/\",\"url\":\"https:\/\/www.tefaneso.com\/fr\/garantie\/\",\"name\":\"Garanties produits \u2013 parcourez maintenant\",\"isPartOf\":{\"@id\":\"https:\/\/www.tefaneso.com\/#website\"},\"datePublished\":\"2017-10-18T00:56:56+00:00\",\"dateModified\":\"2019-05-09T17:50:32+00:00\",\"description\":\"enez connaissance des garanties produits TEFANESO, comme les d\u00e9tails de nos standards de finitions haute qualit\u00e9. si vous achetez un v\u00eatement technique\u2026\",\"breadcrumb\":{\"@id\":\"https:\/\/www.tefaneso.com\/fr\/garantie\/#breadcrumb\"},\"inLanguage\":\"fr-FR\",\"potentialAction\":[{\"@type\":\"ReadAction\",\"target\":[\"https:\/\/www.tefaneso.com\/fr\/garantie\/\"]}]},{\"@type\":\"BreadcrumbList\",\"@id\":\"https:\/\/www.tefaneso.com\/fr\/garantie\/#breadcrumb\",\"itemListElement\":[{\"@type\":\"ListItem\",\"position\":1,\"name\":\"Home\",\"item\":\"https:\/\/www.tefaneso.com\/fr\/\"},{\"@type\":\"ListItem\",\"position\":2,\"name\":\"Garantie\"}]},{\"@type\":\"WebSite\",\"@id\":\"https:\/\/www.tefaneso.com\/#website\",\"url\":\"https:\/\/www.tefaneso.com\/\",\"name\":\"TEFANESO\",\"description\":\"Outerwear made with you and the planet in mind!\",\"publisher\":{\"@id\":\"https:\/\/www.tefaneso.com\/#organization\"},\"potentialAction\":[{\"@type\":\"SearchAction\",\"target\":{\"@type\":\"EntryPoint\",\"urlTemplate\":\"https:\/\/www.tefaneso.com\/?s={search_term_string}\"},\"query-input\":\"required name=search_term_string\"}],\"inLanguage\":\"fr-FR\"},{\"@type\":\"Organization\",\"@id\":\"https:\/\/www.tefaneso.com\/#organization\",\"name\":\"TEFANESO\",\"url\":\"https:\/\/www.tefaneso.com\/\",\"sameAs\":[\"https:\/\/www.linkedin.com\/company\/tefaneso\/\",\"https:\/\/www.youtube.com\/channel\/UC8qcAaVp4cokc0F8Zdh2-zw\",\"https:\/\/www.facebook.com\/tefaneso\/\"],\"logo\":{\"@type\":\"ImageObject\",\"inLanguage\":\"fr-FR\",\"@id\":\"https:\/\/www.tefaneso.com\/#\/schema\/logo\/image\/\",\"url\":\"https:\/\/www.tefaneso.com\/wp-content\/uploads\/2017\/08\/Tefaneso_Home.jpg\",\"contentUrl\":\"https:\/\/www.tefaneso.com\/wp-content\/uploads\/2017\/08\/Tefaneso_Home.jpg\",\"width\":1281,\"height\":720,\"caption\":\"TEFANESO\"},\"image\":{\"@id\":\"https:\/\/www.tefaneso.com\/#\/schema\/logo\/image\/\"}}]}<\/script>\n<!-- \/ Yoast SEO plugin. -->","yoast_head_json":{"title":"Garanties produits \u2013 parcourez maintenant","description":"enez connaissance des garanties produits TEFANESO, comme les d\u00e9tails de nos standards de finitions haute qualit\u00e9. si vous achetez un v\u00eatement technique\u2026","robots":{"index":"index","follow":"follow","max-snippet":"max-snippet:-1","max-image-preview":"max-image-preview:large","max-video-preview":"max-video-preview:-1"},"canonical":"https:\/\/www.tefaneso.com\/fr\/garantie\/","og_locale":"fr_FR","og_type":"article","og_title":"Garanties produits \u2013 parcourez maintenant","og_description":"enez connaissance des garanties produits TEFANESO, comme les d\u00e9tails de nos standards de finitions haute qualit\u00e9. si vous achetez un v\u00eatement technique\u2026","og_url":"https:\/\/www.tefaneso.com\/fr\/garantie\/","og_site_name":"TEFANESO","article_publisher":"https:\/\/www.facebook.com\/tefaneso\/","article_modified_time":"2019-05-09T17:50:32+00:00","og_image":[{"width":1281,"height":720,"url":"https:\/\/www.tefaneso.com\/wp-content\/uploads\/2017\/08\/Tefaneso_Home.jpg","type":"image\/jpeg"}],"twitter_card":"summary_large_image","twitter_misc":{"Dur\u00e9e de lecture estim\u00e9e":"2 minutes"},"schema":{"@context":"https:\/\/schema.org","@graph":[{"@type":"WebPage","@id":"https:\/\/www.tefaneso.com\/fr\/garantie\/","url":"https:\/\/www.tefaneso.com\/fr\/garantie\/","name":"Garanties produits \u2013 parcourez maintenant","isPartOf":{"@id":"https:\/\/www.tefaneso.com\/#website"},"datePublished":"2017-10-18T00:56:56+00:00","dateModified":"2019-05-09T17:50:32+00:00","description":"enez connaissance des garanties produits TEFANESO, comme les d\u00e9tails de nos standards de finitions haute qualit\u00e9. si vous achetez un v\u00eatement technique\u2026","breadcrumb":{"@id":"https:\/\/www.tefaneso.com\/fr\/garantie\/#breadcrumb"},"inLanguage":"fr-FR","potentialAction":[{"@type":"ReadAction","target":["https:\/\/www.tefaneso.com\/fr\/garantie\/"]}]},{"@type":"BreadcrumbList","@id":"https:\/\/www.tefaneso.com\/fr\/garantie\/#breadcrumb","itemListElement":[{"@type":"ListItem","position":1,"name":"Home","item":"https:\/\/www.tefaneso.com\/fr\/"},{"@type":"ListItem","position":2,"name":"Garantie"}]},{"@type":"WebSite","@id":"https:\/\/www.tefaneso.com\/#website","url":"https:\/\/www.tefaneso.com\/","name":"TEFANESO","description":"Outerwear made with you and the planet in mind!","publisher":{"@id":"https:\/\/www.tefaneso.com\/#organization"},"potentialAction":[{"@type":"SearchAction","target":{"@type":"EntryPoint","urlTemplate":"https:\/\/www.tefaneso.com\/?s={search_term_string}"},"query-input":"required name=search_term_string"}],"inLanguage":"fr-FR"},{"@type":"Organization","@id":"https:\/\/www.tefaneso.com\/#organization","name":"TEFANESO","url":"https:\/\/www.tefaneso.com\/","sameAs":["https:\/\/www.linkedin.com\/company\/tefaneso\/","https:\/\/www.youtube.com\/channel\/UC8qcAaVp4cokc0F8Zdh2-zw","https:\/\/www.facebook.com\/tefaneso\/"],"logo":{"@type":"ImageObject","inLanguage":"fr-FR","@id":"https:\/\/www.tefaneso.com\/#\/schema\/logo\/image\/","url":"https:\/\/www.tefaneso.com\/wp-content\/uploads\/2017\/08\/Tefaneso_Home.jpg","contentUrl":"https:\/\/www.tefaneso.com\/wp-content\/uploads\/2017\/08\/Tefaneso_Home.jpg","width":1281,"height":720,"caption":"TEFANESO"},"image":{"@id":"https:\/\/www.tefaneso.com\/#\/schema\/logo\/image\/"}}]}},"_links":{"self":[{"href":"https:\/\/www.tefaneso.com\/fr\/wp-json\/wp\/v2\/pages\/8071"}],"collection":[{"href":"https:\/\/www.tefaneso.com\/fr\/wp-json\/wp\/v2\/pages"}],"about":[{"href":"https:\/\/www.tefaneso.com\/fr\/wp-json\/wp\/v2\/types\/page"}],"author":[{"embeddable":true,"href":"https:\/\/www.tefaneso.com\/fr\/wp-json\/wp\/v2\/users\/1"}],"replies":[{"embeddable":true,"href":"https:\/\/www.tefaneso.com\/fr\/wp-json\/wp\/v2\/comments?post=8071"}],"version-history":[{"count":4,"href":"https:\/\/www.tefaneso.com\/fr\/wp-json\/wp\/v2\/pages\/8071\/revisions"}],"predecessor-version":[{"id":39087,"href":"https:\/\/www.tefaneso.com\/fr\/wp-json\/wp\/v2\/pages\/8071\/revisions\/39087"}],"wp:featuredmedia":[{"embeddable":true,"href":"https:\/\/www.tefaneso.com\/fr\/wp-json\/wp\/v2\/media\/7358"}],"wp:attachment":[{"href":"https:\/\/www.tefaneso.com\/fr\/wp-json\/wp\/v2\/media?parent=8071"}],"curies":[{"name":"wp","href":"https:\/\/api.w.org\/{rel}","templated":true}]}}