{"id":39133,"date":"2018-05-15T03:37:05","date_gmt":"2018-05-15T02:37:05","guid":{"rendered":"https:\/\/www.tefaneso.com\/product\/mens-sweater-made-with-supima-cotton\/"},"modified":"2020-01-27T17:45:16","modified_gmt":"2020-01-27T17:45:16","slug":"mens-sweater-made-with-supima-cotton","status":"publish","type":"product","link":"https:\/\/www.tefaneso.com\/fr\/produit\/mens-sweater-made-with-supima-cotton\/","title":{"rendered":"Pull Homme en Coton Supima"},"content":{"rendered":"<p>[et_pb_section fb_built=\u00a0\u00bb1&Prime; _builder_version=\u00a0\u00bb3.22&Prime; custom_padding=\u00a0\u00bb0px||||false|false\u00a0\u00bb][et_pb_row _builder_version=\u00a0\u00bb3.25&Prime; background_size=\u00a0\u00bbinitial\u00a0\u00bb background_position=\u00a0\u00bbtop_left\u00a0\u00bb background_repeat=\u00a0\u00bbrepeat\u00a0\u00bb width=\u00a0\u00bb100%\u00a0\u00bb custom_padding=\u00a0\u00bb0px||0px||false|false\u00a0\u00bb][et_pb_column type=\u00a0\u00bb4_4&Prime; _builder_version=\u00a0\u00bb3.25&Prime; custom_padding=\u00a0\u00bb|||\u00a0\u00bb custom_padding__hover=\u00a0\u00bb|||\u00a0\u00bb][et_pb_wc_breadcrumb _builder_version=\u00a0\u00bb3.0.47&Prime;][\/et_pb_wc_breadcrumb][et_pb_wc_cart_notice _builder_version=\u00a0\u00bb3.0.47&Prime;][\/et_pb_wc_cart_notice][\/et_pb_column][\/et_pb_row][et_pb_row column_structure=\u00a0\u00bb1_2,1_2&Prime; _builder_version=\u00a0\u00bb3.25&Prime; background_size=\u00a0\u00bbinitial\u00a0\u00bb background_position=\u00a0\u00bbtop_left\u00a0\u00bb background_repeat=\u00a0\u00bbrepeat\u00a0\u00bb width=\u00a0\u00bb100%\u00a0\u00bb custom_padding=\u00a0\u00bb0px||||false|false\u00a0\u00bb][et_pb_column type=\u00a0\u00bb1_2&Prime; _builder_version=\u00a0\u00bb3.25&Prime; custom_padding=\u00a0\u00bb|||\u00a0\u00bb custom_padding__hover=\u00a0\u00bb|||\u00a0\u00bb][et_pb_wc_images _builder_version=\u00a0\u00bb3.0.47&Prime;][\/et_pb_wc_images][\/et_pb_column][et_pb_column type=\u00a0\u00bb1_2&Prime; _builder_version=\u00a0\u00bb3.25&Prime; custom_padding=\u00a0\u00bb|||\u00a0\u00bb custom_padding__hover=\u00a0\u00bb|||\u00a0\u00bb][et_pb_wc_title _builder_version=\u00a0\u00bb3.0.47&Prime;][\/et_pb_wc_title][et_pb_wc_rating _builder_version=\u00a0\u00bb3.0.47&Prime;][\/et_pb_wc_rating][et_pb_wc_price _builder_version=\u00a0\u00bb3.0.47&Prime;][\/et_pb_wc_price][et_pb_wc_description _builder_version=\u00a0\u00bb3.0.47&Prime;][\/et_pb_wc_description][et_pb_wc_add_to_cart _builder_version=\u00a0\u00bb3.0.47&Prime;][\/et_pb_wc_add_to_cart][et_pb_wc_meta _builder_version=\u00a0\u00bb3.0.47&Prime;][\/et_pb_wc_meta][\/et_pb_column][\/et_pb_row][\/et_pb_section][et_pb_section fb_built=\u00a0\u00bb1&Prime; next_background_color=\u00a0\u00bb#ffffff\u00a0\u00bb _builder_version=\u00a0\u00bb3.22&Prime; background_color=\u00a0\u00bb#f5f5f5&Prime; custom_padding=\u00a0\u00bb54px|0px|0px|0px\u00a0\u00bb bottom_divider_style=\u00a0\u00bbwave2&Prime; bottom_divider_height=\u00a0\u00bb130px\u00a0\u00bb][et_pb_row column_structure=\u00a0\u00bb1_2,1_2&Prime; use_custom_gutter=\u00a0\u00bbon\u00a0\u00bb gutter_width=\u00a0\u00bb2&Prime; module_class=\u00a0\u00bb et_pb_row_fullwidth\u00a0\u00bb _builder_version=\u00a0\u00bb3.25&Prime; width=\u00a0\u00bb94%\u00a0\u00bb width_tablet=\u00a0\u00bb80%\u00a0\u00bb width_phone=\u00a0\u00bb\u00a0\u00bb width_last_edited=\u00a0\u00bbon|desktop\u00a0\u00bb max_width=\u00a0\u00bb94%\u00a0\u00bb max_width_tablet=\u00a0\u00bb80%\u00a0\u00bb max_width_phone=\u00a0\u00bb\u00a0\u00bb max_width_last_edited=\u00a0\u00bbon|desktop\u00a0\u00bb custom_padding=\u00a0\u00bb27px|0px|41px|0px\u00a0\u00bb make_fullwidth=\u00a0\u00bbon\u00a0\u00bb][et_pb_column type=\u00a0\u00bb1_2&Prime; _builder_version=\u00a0\u00bb3.25&Prime; custom_padding=\u00a0\u00bb|||\u00a0\u00bb custom_padding__hover=\u00a0\u00bb|||\u00a0\u00bb][et_pb_text _builder_version=\u00a0\u00bb4.0.6&Prime; text_font=\u00a0\u00bb|600||on|||||\u00a0\u00bb text_font_size=\u00a0\u00bb20px\u00a0\u00bb hover_enabled=\u00a0\u00bb0&Prime;]<\/p>\n<p>Id\u00e9al pour<\/p>\n<p>[\/et_pb_text][et_pb_image src=\u00a0\u00bbhttps:\/\/www.tefaneso.com\/wp-content\/uploads\/2018\/06\/CLIMBERS_TEFANESO.png\u00a0\u00bb align_tablet=\u00a0\u00bbcenter\u00a0\u00bb align_phone=\u00a0\u00bb\u00a0\u00bb align_last_edited=\u00a0\u00bbon|desktop\u00a0\u00bb _builder_version=\u00a0\u00bb3.23&Prime;][\/et_pb_image][\/et_pb_column][et_pb_column type=\u00a0\u00bb1_2&Prime; _builder_version=\u00a0\u00bb3.25&Prime; custom_padding=\u00a0\u00bb|||\u00a0\u00bb custom_padding__hover=\u00a0\u00bb|||\u00a0\u00bb][\/et_pb_column][\/et_pb_row][\/et_pb_section][et_pb_section fb_built=\u00a0\u00bb1&Prime; _builder_version=\u00a0\u00bb3.22&Prime; custom_padding=\u00a0\u00bb50px|0px|6px|0px|false|false\u00a0\u00bb][et_pb_row _builder_version=\u00a0\u00bb3.25&Prime; background_size=\u00a0\u00bbinitial\u00a0\u00bb background_position=\u00a0\u00bbtop_left\u00a0\u00bb background_repeat=\u00a0\u00bbrepeat\u00a0\u00bb][et_pb_column type=\u00a0\u00bb4_4&Prime; _builder_version=\u00a0\u00bb3.25&Prime; custom_padding=\u00a0\u00bb|||\u00a0\u00bb custom_padding__hover=\u00a0\u00bb|||\u00a0\u00bb][et_pb_text _builder_version=\u00a0\u00bb4.0.6&Prime; text_font=\u00a0\u00bb||||||||\u00a0\u00bb text_text_color=\u00a0\u00bb#191919&Prime; header_font=\u00a0\u00bb|300|||||||\u00a0\u00bb header_2_font=\u00a0\u00bb|600|||||||\u00a0\u00bb header_2_text_align=\u00a0\u00bbcenter\u00a0\u00bb header_2_font_size=\u00a0\u00bb30px\u00a0\u00bb text_orientation=\u00a0\u00bbjustified\u00a0\u00bb hover_enabled=\u00a0\u00bb0&Prime; border_radii=\u00a0\u00bbon|10px|10px|10px|10px\u00a0\u00bb]<\/p>\n<h2>Fibre de Qualit\u00e9 Sup\u00e9rieure en Coton Supima<\/h2>\n<p>[\/et_pb_text][et_pb_image src=\u00a0\u00bbhttps:\/\/www.tefaneso.com\/wp-content\/uploads\/2018\/05\/Supima_cotton_tefaneso.jpg\u00a0\u00bb align_tablet=\u00a0\u00bbcenter\u00a0\u00bb align_phone=\u00a0\u00bb\u00a0\u00bb align_last_edited=\u00a0\u00bbon|desktop\u00a0\u00bb _builder_version=\u00a0\u00bb3.23&Prime; box_shadow_style=\u00a0\u00bbpreset4&Prime; box_shadow_horizontal=\u00a0\u00bb12px\u00a0\u00bb box_shadow_vertical=\u00a0\u00bb12px\u00a0\u00bb box_shadow_color=\u00a0\u00bbrgba(22,169,138,0.58)\u00a0\u00bb][\/et_pb_image][et_pb_text _builder_version=\u00a0\u00bb3.27.4&Prime;]<\/p>\n<h4 style=\"text-align: center;\">\u00a0Le luxe, la qualit\u00e9 et le savoir-faire sont les crit\u00e8res de base de la tr\u00e8s longue production am\u00e9ricaine.<\/h4>\n<h4 style=\"text-align: center;\">Le coton Supima est deux fois plus r\u00e9sistant que le coton ordinaire et conserve sa forme pour un produit plus durable.<\/h4>\n<p>[\/et_pb_text][\/et_pb_column][\/et_pb_row][\/et_pb_section][et_pb_section fb_built=\u00a0\u00bb1&Prime; _builder_version=\u00a0\u00bb3.22&Prime; custom_padding=\u00a0\u00bb0|0px|4px|0px|false|false\u00a0\u00bb][et_pb_row _builder_version=\u00a0\u00bb3.25&Prime; background_size=\u00a0\u00bbinitial\u00a0\u00bb background_position=\u00a0\u00bbtop_left\u00a0\u00bb background_repeat=\u00a0\u00bbrepeat\u00a0\u00bb][et_pb_column type=\u00a0\u00bb4_4&Prime; _builder_version=\u00a0\u00bb3.25&Prime; custom_padding=\u00a0\u00bb|||\u00a0\u00bb custom_padding__hover=\u00a0\u00bb|||\u00a0\u00bb][et_pb_text _builder_version=\u00a0\u00bb3.27.4&Prime;]<\/p>\n<h2 style=\"text-align: center;\">Ce Pull est \u00c9cologique:<\/h2>\n<p>[\/et_pb_text][\/et_pb_column][\/et_pb_row][et_pb_row column_structure=\u00a0\u00bb1_4,1_4,1_4,1_4&Prime; _builder_version=\u00a0\u00bb3.25&Prime; background_size=\u00a0\u00bbinitial\u00a0\u00bb background_position=\u00a0\u00bbtop_left\u00a0\u00bb background_repeat=\u00a0\u00bbrepeat\u00a0\u00bb][et_pb_column type=\u00a0\u00bb1_4&Prime; _builder_version=\u00a0\u00bb3.25&Prime; custom_padding=\u00a0\u00bb|||\u00a0\u00bb custom_padding__hover=\u00a0\u00bb|||\u00a0\u00bb][et_pb_blurb image=\u00a0\u00bbhttps:\/\/www.tefaneso.com\/wp-content\/uploads\/2018\/05\/ecofriendly_tefaneso_4.jpg\u00a0\u00bb _builder_version=\u00a0\u00bb3.8&Prime; text_orientation=\u00a0\u00bbcenter\u00a0\u00bb animation_style=\u00a0\u00bbbounce\u00a0\u00bb box_shadow_style_image=\u00a0\u00bbpreset2&Prime;]<\/p>\n<p>Fabriqu\u00e9 avec des mat\u00e9riaux test\u00e9s sans nocivit\u00e9<\/p>\n<p>[\/et_pb_blurb][\/et_pb_column][et_pb_column type=\u00a0\u00bb1_4&Prime; _builder_version=\u00a0\u00bb3.25&Prime; custom_padding=\u00a0\u00bb|||\u00a0\u00bb custom_padding__hover=\u00a0\u00bb|||\u00a0\u00bb][et_pb_blurb image=\u00a0\u00bbhttps:\/\/www.tefaneso.com\/wp-content\/uploads\/2018\/05\/ecofriendly_tefaneso_3.jpg\u00a0\u00bb _builder_version=\u00a0\u00bb3.3.1&Prime; text_orientation=\u00a0\u00bbcenter\u00a0\u00bb animation_style=\u00a0\u00bbbounce\u00a0\u00bb box_shadow_style_image=\u00a0\u00bbpreset2&Prime;]<\/p>\n<p>Fabriqu\u00e9 dans des installations respectueuses de l&rsquo;environnement<\/p>\n<p>[\/et_pb_blurb][\/et_pb_column][et_pb_column type=\u00a0\u00bb1_4&Prime; _builder_version=\u00a0\u00bb3.25&Prime; custom_padding=\u00a0\u00bb|||\u00a0\u00bb custom_padding__hover=\u00a0\u00bb|||\u00a0\u00bb][et_pb_blurb image=\u00a0\u00bbhttps:\/\/www.tefaneso.com\/wp-content\/uploads\/2018\/05\/ecofriendly_tefaneso_2.jpg\u00a0\u00bb _builder_version=\u00a0\u00bb3.3.1&Prime; text_orientation=\u00a0\u00bbcenter\u00a0\u00bb animation_style=\u00a0\u00bbbounce\u00a0\u00bb box_shadow_style_image=\u00a0\u00bbpreset2&Prime;]<\/p>\n<p>Ne provient pas d&rsquo;animaux vivants<\/p>\n<p>[\/et_pb_blurb][\/et_pb_column][et_pb_column type=\u00a0\u00bb1_4&Prime; _builder_version=\u00a0\u00bb3.25&Prime; custom_padding=\u00a0\u00bb|||\u00a0\u00bb custom_padding__hover=\u00a0\u00bb|||\u00a0\u00bb][et_pb_blurb image=\u00a0\u00bbhttps:\/\/www.tefaneso.com\/wp-content\/uploads\/2018\/05\/ecofriendly_tefaneso_1-2.jpg\u00a0\u00bb image_max_width=\u00a0\u00bb95%\u00a0\u00bb _builder_version=\u00a0\u00bb3.3.1&Prime; text_orientation=\u00a0\u00bbcenter\u00a0\u00bb animation_style=\u00a0\u00bbbounce\u00a0\u00bb box_shadow_style_image=\u00a0\u00bbpreset2&Prime;]<\/p>\n<p>La plus haute qualit\u00e9 de mati\u00e8res premi\u00e8res!<\/p>\n<p>[\/et_pb_blurb][\/et_pb_column][\/et_pb_row][\/et_pb_section][et_pb_section fb_built=\u00a0\u00bb1&Prime; _builder_version=\u00a0\u00bb3.22&Prime; custom_padding=\u00a0\u00bb28px|0px|23px|0px|false|false\u00a0\u00bb][et_pb_row _builder_version=\u00a0\u00bb3.25&Prime; background_size=\u00a0\u00bbinitial\u00a0\u00bb background_position=\u00a0\u00bbtop_left\u00a0\u00bb background_repeat=\u00a0\u00bbrepeat\u00a0\u00bb][et_pb_column type=\u00a0\u00bb4_4&Prime; _builder_version=\u00a0\u00bb3.25&Prime; custom_padding=\u00a0\u00bb|||\u00a0\u00bb custom_padding__hover=\u00a0\u00bb|||\u00a0\u00bb][et_pb_tabs _builder_version=\u00a0\u00bb3.9&Prime;][et_pb_tab title=\u00a0\u00bbComposition\u00a0\u00bb _builder_version=\u00a0\u00bb3.9&Prime;]<\/p>\n<div style=\"width: 100%;\">\n<table style=\"width: 100%; border: 1px solid #ececec;\">\n<tbody>\n<tr>\n<td style=\"width: 30%; border: 1px solid #ececec;\">Composition 1<\/td>\n<td style=\"width: 70%; border: 1px solid #ececec;\">80% Coton Supima<\/td>\n<\/tr>\n<tr>\n<td style=\"width: 30%; border: 1px solid #ececec;\">Composition 2<\/td>\n<td style=\"width: 70%; border: 1px solid #ececec;\">20% Nylon<\/td>\n<\/tr>\n<tr>\n<td style=\"width: 30%; border: 1px solid #ececec;\">Rembourrage 1<\/td>\n<td style=\"width: 70%; border: 1px solid #ececec;\">&#8211;<\/td>\n<\/tr>\n<tr>\n<td style=\"width: 30%; border: 1px solid #ececec;\">Rembourrage 2<\/td>\n<td style=\"width: 70%; border: 1px solid #ececec;\">&#8211;<\/td>\n<\/tr>\n<tr>\n<td style=\"width: 30%; border: 1px solid #ececec;\">Doublure 1<\/td>\n<td style=\"width: 70%; border: 1px solid #ececec;\">&#8211;<\/td>\n<\/tr>\n<tr>\n<td style=\"width: 30%; border: 1px solid #ececec;\">Doublure 2<\/td>\n<td style=\"width: 70%; border: 1px solid #ececec;\">&#8211;<\/td>\n<\/tr>\n<tr>\n<td style=\"width: 30%; border: 1px solid #ececec;\">Doublure 3<\/td>\n<td style=\"width: 70%; border: 1px solid #ececec;\">&#8211;<\/td>\n<\/tr>\n<tr>\n<td style=\"width: 30%; border: 1px solid #ececec;\">Autre 1<\/td>\n<td style=\"width: 70%; border: 1px solid #ececec;\">&#8211;<\/td>\n<\/tr>\n<tr>\n<td style=\"width: 30%; border: 1px solid #ececec;\">Autre 2<\/td>\n<td style=\"width: 70%; border: 1px solid #ececec;\">&#8211;<\/td>\n<\/tr>\n<tr>\n<td style=\"width: 30%; border: 1px solid #ececec;\">Autre 3<\/td>\n<td style=\"width: 70%; border: 1px solid #ececec;\">&#8211;<\/td>\n<\/tr>\n<\/tbody>\n<\/table>\n<\/div>\n<p>[\/et_pb_tab][et_pb_tab title=\u00a0\u00bbInstructions d&rsquo;entretien\u00a0\u00bb _builder_version=\u00a0\u00bb3.9&Prime;]<\/p>\n<div style=\"width: 100%; text-align: center; margin: 0 auto;\">\n<table class=\" aligncenter\" style=\"width: 100%; text-align: center; border: 1px solid #ececec;\">\n<tbody>\n<tr>\n<td style=\"width: 20%; border: 1px solid #ececec;\"><strong>Lavage<\/strong><\/td>\n<td style=\"width: 20%; border: 1px solid #ececec;\"><strong>Blanchiment<\/strong><\/td>\n<td style=\"width: 20%; border: 1px solid #ececec;\"><strong>Faire S\u00e9cher<\/strong><\/td>\n<td style=\"width: 20%; border: 1px solid #ececec;\"><strong>Repassage<\/strong><\/td>\n<td style=\"width: 20%;\"><strong>Entretien professionnel du textile<\/strong><\/td>\n<\/tr>\n<tr>\n<td style=\"width: 20%; border: 1px solid #ececec;\"><img loading=\"lazy\" src=\"https:\/\/www.tefaneso.com\/wp-content\/uploads\/2019\/05\/Tefaneso_CW9.png\" alt=\"\" width=\"25\" height=\"25\" class=\"alignnone size-full wp-image-39454\"><\/td>\n<td style=\"width: 20%; border: 1px solid #ececec;\"><img loading=\"lazy\" class=\"alignnone size-medium wp-image-39450\" src=\"https:\/\/www.tefaneso.com\/wp-content\/uploads\/2019\/05\/Tefaneso_CB3.png\" alt=\"\" width=\"25\" height=\"25\"><\/td>\n<td style=\"width: 20%; border: 1px solid #ececec;\"><img loading=\"lazy\" class=\"alignnone size-medium wp-image-39456\" src=\"https:\/\/www.tefaneso.com\/wp-content\/uploads\/2019\/05\/Tefaneso_CTD3.png\" alt=\"\" width=\"25\" height=\"25\"><img loading=\"lazy\" class=\"alignnone size-full wp-image-39448\" src=\"https:\/\/www.tefaneso.com\/wp-content\/uploads\/2019\/05\/Tefaneso_CND5.png\" alt=\"\" width=\"25\" height=\"25\"><\/td>\n<td style=\"width: 20%; border: 1px solid #ececec;\"><img loading=\"lazy\" class=\"alignnone size-medium wp-image-39452\" src=\"https:\/\/www.tefaneso.com\/wp-content\/uploads\/2019\/05\/Tefaneso_CI4.png\" alt=\"\" width=\"25\" height=\"25\"><\/td>\n<td style=\"width: 20%; border: 1px solid #ececec;\"><img loading=\"lazy\" class=\"alignnone size-full wp-image-39460\" src=\"https:\/\/www.tefaneso.com\/wp-content\/uploads\/2019\/05\/Tefaneso_CPC5.png\" alt=\"\" width=\"25\" height=\"25\"><img loading=\"lazy\" class=\"alignnone size-medium wp-image-39458\" src=\"https:\/\/www.tefaneso.com\/wp-content\/uploads\/2019\/05\/Tefaneso_CPC9.png\" alt=\"\" width=\"25\" height=\"25\"><\/td>\n<\/tr>\n<\/tbody>\n<\/table>\n<\/div>\n<p>[\/et_pb_tab][\/et_pb_tabs][\/et_pb_column][\/et_pb_row][\/et_pb_section][et_pb_section fb_built=\u00a0\u00bb1&Prime; _builder_version=\u00a0\u00bb3.22&Prime; custom_padding=\u00a0\u00bb0|0px|17px|0px\u00a0\u00bb][et_pb_row _builder_version=\u00a0\u00bb3.25&Prime; background_size=\u00a0\u00bbinitial\u00a0\u00bb background_position=\u00a0\u00bbtop_left\u00a0\u00bb background_repeat=\u00a0\u00bbrepeat\u00a0\u00bb][et_pb_column type=\u00a0\u00bb4_4&Prime; _builder_version=\u00a0\u00bb3.25&Prime; custom_padding=\u00a0\u00bb|||\u00a0\u00bb custom_padding__hover=\u00a0\u00bb|||\u00a0\u00bb][et_pb_text _builder_version=\u00a0\u00bb3.27.4&Prime;]<\/p>\n<h2 style=\"text-align: center;\"><strong>Choisissez la Bonne Taille<\/strong><\/h2>\n<p>[\/et_pb_text][et_pb_text _builder_version=\u00a0\u00bb3.27.4&Prime; text_orientation=\u00a0\u00bbjustified\u00a0\u00bb]<\/p>\n<p>C\u2019est plus facile \u00e0 dire qu\u2019\u00e0 faire. Parce que vous choisissez quoi entre deux tailles? Eh bien, c\u2019est \u00e0 vous de d\u00e9cider. Aimez-vous un ajustement serr\u00e9? Optez pour la plus petite taille. Aimer un ajustement l\u00e2che? Optez pour la plus grande taille.<\/p>\n<p><strong>Ajustement du haut:<\/strong> Si les mensurations de votre corps pour la poitrine et votre taille donnent deux tailles sugg\u00e9r\u00e9es diff\u00e9rentes, commandez la taille \u00e0 partir de votre tour de poitrine.<\/p>\n<p><strong>Ajustement bas:<\/strong> Si les mesures pour votre hanche et votre taille donnent deux tailles sugg\u00e9r\u00e9es diff\u00e9rentes, s\u00e9lectionnez votre taille en utilisant votre mesure de hanche.<\/p>\n<p><strong>Taille des chaussures:<\/strong> Si votre pied est particuli\u00e8rement large et si votre mesure est proche de la plus grande longueur de pied d&rsquo;une taille, choisissez une taille plus grande.<\/p>\n<p>Vous pouvez \u00e9galement commander et essayer vos v\u00eatements dans le confort de votre maison!<\/p>\n<p><em>Pas la bonne taille? Ne vous inqui\u00e9tez pas!\u00a0<strong>Les retours sont gratuits<\/strong><\/em><\/p>\n<p>[\/et_pb_text][et_pb_image src=\u00a0\u00bbhttps:\/\/www.tefaneso.com\/wp-content\/uploads\/2018\/05\/Tefaneso_MensTopSize-100-1.jpg\u00a0\u00bb align=\u00a0\u00bbcenter\u00a0\u00bb align_tablet=\u00a0\u00bbcenter\u00a0\u00bb align_phone=\u00a0\u00bb\u00a0\u00bb align_last_edited=\u00a0\u00bbon|desktop\u00a0\u00bb _builder_version=\u00a0\u00bb3.23&Prime;][\/et_pb_image][\/et_pb_column][\/et_pb_row][\/et_pb_section][et_pb_section fb_built=\u00a0\u00bb1&Prime; _builder_version=\u00a0\u00bb3.22&Prime;][et_pb_row _builder_version=\u00a0\u00bb3.25&Prime;][et_pb_column type=\u00a0\u00bb4_4&Prime; _builder_version=\u00a0\u00bb3.25&Prime; custom_padding=\u00a0\u00bb|||\u00a0\u00bb custom_padding__hover=\u00a0\u00bb|||\u00a0\u00bb][et_pb_wc_related_products posts_number=\u00a0\u00bb3&Prime; columns_number=\u00a0\u00bb3&Prime; _builder_version=\u00a0\u00bb4.0.6&Prime;][\/et_pb_wc_related_products][\/et_pb_column][\/et_pb_row][\/et_pb_section]<\/p>\n","protected":false},"excerpt":{"rendered":"<p>Ce pull pour femme de style Suisse est fait de fibres de coton de qualit\u00e9 sup\u00e9rieure avec renfort en nylon pour un entretien facile et une durabilit\u00e9 accrue. Renforts de manchette en nylon pour am\u00e9liorer la durabilit\u00e9.<\/p>\n","protected":false},"featured_media":8934,"comment_status":"open","ping_status":"closed","template":"","meta":{"_et_pb_use_builder":"on","_et_pb_old_content":"","_et_gb_content_width":"","_monsterinsights_skip_tracking":false,"_monsterinsights_sitenote_active":false,"_monsterinsights_sitenote_note":"","_monsterinsights_sitenote_category":0},"product_cat":[293,505,288],"product_tag":[296,309,339,316,313,329,330,322,333],"yoast_head":"<!-- This site is optimized with the Yoast SEO plugin v19.8 - https:\/\/yoast.com\/wordpress\/plugins\/seo\/ -->\n<title>Pull Homme en Coton Supima | TEFANESO<\/title>\n<meta name=\"robots\" content=\"index, follow, max-snippet:-1, max-image-preview:large, max-video-preview:-1\" \/>\n<link rel=\"canonical\" href=\"https:\/\/www.tefaneso.com\/fr\/produit\/mens-sweater-made-with-supima-cotton\/\" \/>\n<meta property=\"og:locale\" content=\"fr_FR\" \/>\n<meta property=\"og:type\" content=\"article\" \/>\n<meta property=\"og:title\" content=\"Pull Homme en Coton Supima | TEFANESO\" \/>\n<meta property=\"og:description\" content=\"Ce pull pour femme de style Suisse est fait de fibres de coton de qualit\u00e9 sup\u00e9rieure avec renfort en nylon pour un entretien facile et une durabilit\u00e9 accrue. Renforts de manchette en nylon pour am\u00e9liorer la durabilit\u00e9.\" \/>\n<meta property=\"og:url\" content=\"https:\/\/www.tefaneso.com\/fr\/produit\/mens-sweater-made-with-supima-cotton\/\" \/>\n<meta property=\"og:site_name\" content=\"TEFANESO\" \/>\n<meta property=\"article:publisher\" content=\"https:\/\/www.facebook.com\/tefaneso\/\" \/>\n<meta property=\"article:modified_time\" content=\"2020-01-27T17:45:16+00:00\" \/>\n<meta property=\"og:image\" content=\"https:\/\/www.tefaneso.com\/wp-content\/uploads\/2018\/05\/Mens-4-seasons-swaeter-made-by-Super-Pima-Cotton-ML-125G1-A9-600x600.jpg\" \/>\n\t<meta property=\"og:image:width\" content=\"600\" \/>\n\t<meta property=\"og:image:height\" content=\"600\" \/>\n\t<meta property=\"og:image:type\" content=\"image\/jpeg\" \/>\n<meta name=\"twitter:card\" content=\"summary_large_image\" \/>\n<meta name=\"twitter:label1\" content=\"Dur\u00e9e de lecture estim\u00e9e\" \/>\n\t<meta name=\"twitter:data1\" content=\"6 minutes\" \/>\n<script type=\"application\/ld+json\" class=\"yoast-schema-graph\">{\"@context\":\"https:\/\/schema.org\",\"@graph\":[{\"@type\":\"WebPage\",\"@id\":\"https:\/\/www.tefaneso.com\/fr\/produit\/mens-sweater-made-with-supima-cotton\/\",\"url\":\"https:\/\/www.tefaneso.com\/fr\/produit\/mens-sweater-made-with-supima-cotton\/\",\"name\":\"Pull Homme en Coton Supima | TEFANESO\",\"isPartOf\":{\"@id\":\"https:\/\/www.tefaneso.com\/#website\"},\"datePublished\":\"2018-05-15T02:37:05+00:00\",\"dateModified\":\"2020-01-27T17:45:16+00:00\",\"breadcrumb\":{\"@id\":\"https:\/\/www.tefaneso.com\/fr\/produit\/mens-sweater-made-with-supima-cotton\/#breadcrumb\"},\"inLanguage\":\"fr-FR\",\"potentialAction\":[{\"@type\":\"ReadAction\",\"target\":[\"https:\/\/www.tefaneso.com\/fr\/produit\/mens-sweater-made-with-supima-cotton\/\"]}]},{\"@type\":\"BreadcrumbList\",\"@id\":\"https:\/\/www.tefaneso.com\/fr\/produit\/mens-sweater-made-with-supima-cotton\/#breadcrumb\",\"itemListElement\":[{\"@type\":\"ListItem\",\"position\":1,\"name\":\"Home\",\"item\":\"https:\/\/www.tefaneso.com\/fr\/\"},{\"@type\":\"ListItem\",\"position\":2,\"name\":\"Boutique\",\"item\":\"https:\/\/www.tefaneso.com\/fr\/boutique\/\"},{\"@type\":\"ListItem\",\"position\":3,\"name\":\"Pull Homme en Coton Supima\"}]},{\"@type\":\"WebSite\",\"@id\":\"https:\/\/www.tefaneso.com\/#website\",\"url\":\"https:\/\/www.tefaneso.com\/\",\"name\":\"TEFANESO\",\"description\":\"Outerwear made with you and the planet in mind!\",\"publisher\":{\"@id\":\"https:\/\/www.tefaneso.com\/#organization\"},\"potentialAction\":[{\"@type\":\"SearchAction\",\"target\":{\"@type\":\"EntryPoint\",\"urlTemplate\":\"https:\/\/www.tefaneso.com\/?s={search_term_string}\"},\"query-input\":\"required name=search_term_string\"}],\"inLanguage\":\"fr-FR\"},{\"@type\":\"Organization\",\"@id\":\"https:\/\/www.tefaneso.com\/#organization\",\"name\":\"TEFANESO\",\"url\":\"https:\/\/www.tefaneso.com\/\",\"sameAs\":[\"https:\/\/www.linkedin.com\/company\/tefaneso\/\",\"https:\/\/www.youtube.com\/channel\/UC8qcAaVp4cokc0F8Zdh2-zw\",\"https:\/\/www.facebook.com\/tefaneso\/\"],\"logo\":{\"@type\":\"ImageObject\",\"inLanguage\":\"fr-FR\",\"@id\":\"https:\/\/www.tefaneso.com\/#\/schema\/logo\/image\/\",\"url\":\"https:\/\/www.tefaneso.com\/wp-content\/uploads\/2017\/08\/Tefaneso_Home.jpg\",\"contentUrl\":\"https:\/\/www.tefaneso.com\/wp-content\/uploads\/2017\/08\/Tefaneso_Home.jpg\",\"width\":1281,\"height\":720,\"caption\":\"TEFANESO\"},\"image\":{\"@id\":\"https:\/\/www.tefaneso.com\/#\/schema\/logo\/image\/\"}}]}<\/script>\n<!-- \/ Yoast SEO plugin. -->","yoast_head_json":{"title":"Pull Homme en Coton Supima | TEFANESO","robots":{"index":"index","follow":"follow","max-snippet":"max-snippet:-1","max-image-preview":"max-image-preview:large","max-video-preview":"max-video-preview:-1"},"canonical":"https:\/\/www.tefaneso.com\/fr\/produit\/mens-sweater-made-with-supima-cotton\/","og_locale":"fr_FR","og_type":"article","og_title":"Pull Homme en Coton Supima | TEFANESO","og_description":"Ce pull pour femme de style Suisse est fait de fibres de coton de qualit\u00e9 sup\u00e9rieure avec renfort en nylon pour un entretien facile et une durabilit\u00e9 accrue. Renforts de manchette en nylon pour am\u00e9liorer la durabilit\u00e9.","og_url":"https:\/\/www.tefaneso.com\/fr\/produit\/mens-sweater-made-with-supima-cotton\/","og_site_name":"TEFANESO","article_publisher":"https:\/\/www.facebook.com\/tefaneso\/","article_modified_time":"2020-01-27T17:45:16+00:00","og_image":[{"width":600,"height":600,"url":"https:\/\/www.tefaneso.com\/wp-content\/uploads\/2018\/05\/Mens-4-seasons-swaeter-made-by-Super-Pima-Cotton-ML-125G1-A9-600x600.jpg","type":"image\/jpeg"}],"twitter_card":"summary_large_image","twitter_misc":{"Dur\u00e9e de lecture estim\u00e9e":"6 minutes"},"schema":{"@context":"https:\/\/schema.org","@graph":[{"@type":"WebPage","@id":"https:\/\/www.tefaneso.com\/fr\/produit\/mens-sweater-made-with-supima-cotton\/","url":"https:\/\/www.tefaneso.com\/fr\/produit\/mens-sweater-made-with-supima-cotton\/","name":"Pull Homme en Coton Supima | TEFANESO","isPartOf":{"@id":"https:\/\/www.tefaneso.com\/#website"},"datePublished":"2018-05-15T02:37:05+00:00","dateModified":"2020-01-27T17:45:16+00:00","breadcrumb":{"@id":"https:\/\/www.tefaneso.com\/fr\/produit\/mens-sweater-made-with-supima-cotton\/#breadcrumb"},"inLanguage":"fr-FR","potentialAction":[{"@type":"ReadAction","target":["https:\/\/www.tefaneso.com\/fr\/produit\/mens-sweater-made-with-supima-cotton\/"]}]},{"@type":"BreadcrumbList","@id":"https:\/\/www.tefaneso.com\/fr\/produit\/mens-sweater-made-with-supima-cotton\/#breadcrumb","itemListElement":[{"@type":"ListItem","position":1,"name":"Home","item":"https:\/\/www.tefaneso.com\/fr\/"},{"@type":"ListItem","position":2,"name":"Boutique","item":"https:\/\/www.tefaneso.com\/fr\/boutique\/"},{"@type":"ListItem","position":3,"name":"Pull Homme en Coton Supima"}]},{"@type":"WebSite","@id":"https:\/\/www.tefaneso.com\/#website","url":"https:\/\/www.tefaneso.com\/","name":"TEFANESO","description":"Outerwear made with you and the planet in mind!","publisher":{"@id":"https:\/\/www.tefaneso.com\/#organization"},"potentialAction":[{"@type":"SearchAction","target":{"@type":"EntryPoint","urlTemplate":"https:\/\/www.tefaneso.com\/?s={search_term_string}"},"query-input":"required name=search_term_string"}],"inLanguage":"fr-FR"},{"@type":"Organization","@id":"https:\/\/www.tefaneso.com\/#organization","name":"TEFANESO","url":"https:\/\/www.tefaneso.com\/","sameAs":["https:\/\/www.linkedin.com\/company\/tefaneso\/","https:\/\/www.youtube.com\/channel\/UC8qcAaVp4cokc0F8Zdh2-zw","https:\/\/www.facebook.com\/tefaneso\/"],"logo":{"@type":"ImageObject","inLanguage":"fr-FR","@id":"https:\/\/www.tefaneso.com\/#\/schema\/logo\/image\/","url":"https:\/\/www.tefaneso.com\/wp-content\/uploads\/2017\/08\/Tefaneso_Home.jpg","contentUrl":"https:\/\/www.tefaneso.com\/wp-content\/uploads\/2017\/08\/Tefaneso_Home.jpg","width":1281,"height":720,"caption":"TEFANESO"},"image":{"@id":"https:\/\/www.tefaneso.com\/#\/schema\/logo\/image\/"}}]}},"_links":{"self":[{"href":"https:\/\/www.tefaneso.com\/fr\/wp-json\/wp\/v2\/product\/39133"}],"collection":[{"href":"https:\/\/www.tefaneso.com\/fr\/wp-json\/wp\/v2\/product"}],"about":[{"href":"https:\/\/www.tefaneso.com\/fr\/wp-json\/wp\/v2\/types\/product"}],"replies":[{"embeddable":true,"href":"https:\/\/www.tefaneso.com\/fr\/wp-json\/wp\/v2\/comments?post=39133"}],"wp:featuredmedia":[{"embeddable":true,"href":"https:\/\/www.tefaneso.com\/fr\/wp-json\/wp\/v2\/media\/8934"}],"wp:attachment":[{"href":"https:\/\/www.tefaneso.com\/fr\/wp-json\/wp\/v2\/media?parent=39133"}],"wp:term":[{"taxonomy":"product_cat","embeddable":true,"href":"https:\/\/www.tefaneso.com\/fr\/wp-json\/wp\/v2\/product_cat?post=39133"},{"taxonomy":"product_tag","embeddable":true,"href":"https:\/\/www.tefaneso.com\/fr\/wp-json\/wp\/v2\/product_tag?post=39133"}],"curies":[{"name":"wp","href":"https:\/\/api.w.org\/{rel}","templated":true}]}}