{"id":40101,"date":"2019-11-29T09:52:29","date_gmt":"2019-11-29T09:52:29","guid":{"rendered":"https:\/\/www.tefaneso.com\/product\/jean-thermique-technologie-thermolite\/"},"modified":"2020-01-03T18:17:07","modified_gmt":"2020-01-03T18:17:07","slug":"jean-thermique-technologie-thermolite","status":"publish","type":"product","link":"https:\/\/www.tefaneso.com\/fr\/produit\/jean-thermique-technologie-thermolite\/","title":{"rendered":"Jean thermique avec la Technologie Thermolite"},"content":{"rendered":"<p>[et_pb_section fb_built=\u00a0\u00bb1&Prime; _builder_version=\u00a0\u00bb3.22&Prime; custom_padding=\u00a0\u00bb0px||||false|false\u00a0\u00bb][et_pb_row _builder_version=\u00a0\u00bb3.25&Prime; background_size=\u00a0\u00bbinitial\u00a0\u00bb background_position=\u00a0\u00bbtop_left\u00a0\u00bb background_repeat=\u00a0\u00bbrepeat\u00a0\u00bb width=\u00a0\u00bb100%\u00a0\u00bb custom_padding=\u00a0\u00bb0px||0px||false|false\u00a0\u00bb][et_pb_column type=\u00a0\u00bb4_4&Prime; _builder_version=\u00a0\u00bb3.25&Prime; custom_padding=\u00a0\u00bb|||\u00a0\u00bb custom_padding__hover=\u00a0\u00bb|||\u00a0\u00bb][et_pb_wc_breadcrumb _builder_version=\u00a0\u00bb3.0.47&Prime;][\/et_pb_wc_breadcrumb][et_pb_wc_cart_notice _builder_version=\u00a0\u00bb3.0.47&Prime;][\/et_pb_wc_cart_notice][\/et_pb_column][\/et_pb_row][et_pb_row _builder_version=\u00a0\u00bb3.25&Prime; background_size=\u00a0\u00bbinitial\u00a0\u00bb background_position=\u00a0\u00bbtop_left\u00a0\u00bb background_repeat=\u00a0\u00bbrepeat\u00a0\u00bb width=\u00a0\u00bb100%\u00a0\u00bb custom_padding=\u00a0\u00bb0px||||false|false\u00a0\u00bb column_structure=\u00a0\u00bb1_2,1_2&Prime;][et_pb_column type=\u00a0\u00bb1_2&Prime; _builder_version=\u00a0\u00bb3.25&Prime; custom_padding=\u00a0\u00bb|||\u00a0\u00bb custom_padding__hover=\u00a0\u00bb|||\u00a0\u00bb][et_pb_wc_images _builder_version=\u00a0\u00bb3.0.47&Prime;][\/et_pb_wc_images][\/et_pb_column][et_pb_column type=\u00a0\u00bb1_2&Prime; _builder_version=\u00a0\u00bb3.25&Prime; custom_padding=\u00a0\u00bb|||\u00a0\u00bb custom_padding__hover=\u00a0\u00bb|||\u00a0\u00bb][et_pb_wc_title _builder_version=\u00a0\u00bb3.0.47&Prime;][\/et_pb_wc_title][et_pb_wc_rating _builder_version=\u00a0\u00bb3.0.47&Prime;][\/et_pb_wc_rating][et_pb_wc_price _builder_version=\u00a0\u00bb3.0.47&Prime;][\/et_pb_wc_price][et_pb_wc_description _builder_version=\u00a0\u00bb3.0.47&Prime;][\/et_pb_wc_description][et_pb_wc_add_to_cart _builder_version=\u00a0\u00bb3.0.47&Prime;][\/et_pb_wc_add_to_cart][et_pb_wc_meta _builder_version=\u00a0\u00bb3.0.47&Prime;][\/et_pb_wc_meta][\/et_pb_column][\/et_pb_row][\/et_pb_section][et_pb_section fb_built=\u00a0\u00bb1&Prime; _builder_version=\u00a0\u00bb4.0.6&Prime;][et_pb_row _builder_version=\u00a0\u00bb4.0.6&Prime;][et_pb_column type=\u00a0\u00bb4_4&Prime; _builder_version=\u00a0\u00bb4.0.6&Prime;][et_pb_image src=\u00a0\u00bbhttps:\/\/www.tefaneso.com\/wp-content\/uploads\/2019\/11\/A8.jpg\u00a0\u00bb _builder_version=\u00a0\u00bb4.0.6&Prime;][\/et_pb_image][\/et_pb_column][\/et_pb_row][et_pb_row _builder_version=\u00a0\u00bb4.0.6&Prime;][et_pb_column type=\u00a0\u00bb4_4&Prime; _builder_version=\u00a0\u00bb4.0.6&Prime;][et_pb_image src=\u00a0\u00bbhttps:\/\/www.tefaneso.com\/wp-content\/uploads\/2019\/11\/A9.jpg\u00a0\u00bb _builder_version=\u00a0\u00bb4.0.6&Prime;][\/et_pb_image][\/et_pb_column][\/et_pb_row][et_pb_row _builder_version=\u00a0\u00bb4.0.6&Prime;][et_pb_column type=\u00a0\u00bb4_4&Prime; _builder_version=\u00a0\u00bb4.0.6&Prime;][et_pb_image src=\u00a0\u00bbhttps:\/\/www.tefaneso.com\/wp-content\/uploads\/2019\/11\/A10.jpg\u00a0\u00bb _builder_version=\u00a0\u00bb4.0.6&Prime;][\/et_pb_image][\/et_pb_column][\/et_pb_row][et_pb_row _builder_version=\u00a0\u00bb4.0.6&Prime;][et_pb_column type=\u00a0\u00bb4_4&Prime; _builder_version=\u00a0\u00bb4.0.6&Prime;][et_pb_wc_related_products _builder_version=\u00a0\u00bb3.0.47&Prime;][\/et_pb_wc_related_products][\/et_pb_column][\/et_pb_row][\/et_pb_section]<\/p>\n","protected":false},"excerpt":{"rendered":"<ul class=\"a-unordered-list a-vertical a-spacing-none\">\n<li><span class=\"a-list-item\">INFORMATIONS G\u00c9N\u00c9RALES &#8211; Ce jean thermique de conception et de style suisses est fabriqu\u00e9 avec la technologie THERMOLITE afin de fournir chaleur, confort et \u00e9vacuation de l&rsquo;humidit\u00e9.<\/span><\/li>\n<li><span class=\"a-list-item\">CARACT\u00c9RISTIQUES ET MAT\u00c9RIAUX &#8211; Fibre l\u00e9g\u00e8re thermique, poche zipp\u00e9e anti-vol, \u00e9vacuation de l&rsquo;humidit\u00e9. MAT\u00c9RIAUX: Coquille 1: 77% coton, 22% polyester, 1% lycra &#8211; Lavage en machine (40 \u00b0 max).<\/span><\/li>\n<li><span class=\"a-list-item\">ATTRIBUTS DE QUALIT\u00c9: 1.- Les articles correspondent aux tailles europ\u00e9ennes et am\u00e9ricaines (voir l\u2019information sur la taille du graphique), 2.- La technologie Thermolite pour vous garder au chaud, 3.- Poche anti-vol sp\u00e9ciale zipp\u00e9e, 4.- Exp\u00e9dition rapide avec Amazon Prime, 5 .- Pas de couches volumineuses suppl\u00e9mentaires, 6.- \u00c9limination de l&rsquo;humidit\u00e9<\/span><\/li>\n<li><span class=\"a-list-item\">ADAPT\u00c9 POUR: Automne &#8211; Hiver, Randonn\u00e9e p\u00e9destre, Activit\u00e9s de plein air, Temps froid, Voyage, Urbain..<\/span><\/li>\n<\/ul>\n","protected":false},"featured_media":40062,"comment_status":"open","ping_status":"closed","template":"","meta":{"_et_pb_use_builder":"on","_et_pb_old_content":"","_et_gb_content_width":"","_monsterinsights_skip_tracking":false,"_monsterinsights_sitenote_active":false,"_monsterinsights_sitenote_note":"","_monsterinsights_sitenote_category":0},"product_cat":[500,290,288],"product_tag":[316,529,530],"yoast_head":"<!-- This site is optimized with the Yoast SEO plugin v19.8 - https:\/\/yoast.com\/wordpress\/plugins\/seo\/ -->\n<title>Jean thermique avec la Technologie Thermolite | TEFANESO<\/title>\n<meta name=\"robots\" content=\"index, follow, max-snippet:-1, max-image-preview:large, max-video-preview:-1\" \/>\n<link rel=\"canonical\" href=\"https:\/\/www.tefaneso.com\/fr\/produit\/jean-thermique-technologie-thermolite\/\" \/>\n<meta property=\"og:locale\" content=\"fr_FR\" \/>\n<meta property=\"og:type\" content=\"article\" \/>\n<meta property=\"og:title\" content=\"Jean thermique avec la Technologie Thermolite | TEFANESO\" \/>\n<meta property=\"og:description\" content=\"INFORMATIONS G\u00c9N\u00c9RALES - Ce jean thermique de conception et de style suisses est fabriqu\u00e9 avec la technologie THERMOLITE afin de fournir chaleur, confort et \u00e9vacuation de l&#039;humidit\u00e9.  CARACT\u00c9RISTIQUES ET MAT\u00c9RIAUX - Fibre l\u00e9g\u00e8re thermique, poche zipp\u00e9e anti-vol, \u00e9vacuation de l&#039;humidit\u00e9. MAT\u00c9RIAUX: Coquille 1: 77% coton, 22% polyester, 1% lycra - Lavage en machine (40 \u00b0 max).  ATTRIBUTS DE QUALIT\u00c9: 1.- Les articles correspondent aux tailles europ\u00e9ennes et am\u00e9ricaines (voir l\u2019information sur la taille du graphique), 2.- La technologie Thermolite pour vous garder au chaud, 3.- Poche anti-vol sp\u00e9ciale zipp\u00e9e, 4.- Exp\u00e9dition rapide avec Amazon Prime, 5 .- Pas de couches volumineuses suppl\u00e9mentaires, 6.- \u00c9limination de l&#039;humidit\u00e9  ADAPT\u00c9 POUR: Automne - Hiver, Randonn\u00e9e p\u00e9destre, Activit\u00e9s de plein air, Temps froid, Voyage, Urbain..\" \/>\n<meta property=\"og:url\" content=\"https:\/\/www.tefaneso.com\/fr\/produit\/jean-thermique-technologie-thermolite\/\" \/>\n<meta property=\"og:site_name\" content=\"TEFANESO\" \/>\n<meta property=\"article:publisher\" content=\"https:\/\/www.facebook.com\/tefaneso\/\" \/>\n<meta property=\"article:modified_time\" content=\"2020-01-03T18:17:07+00:00\" \/>\n<meta property=\"og:image\" content=\"https:\/\/www.tefaneso.com\/wp-content\/uploads\/2019\/11\/a2.jpg\" \/>\n\t<meta property=\"og:image:width\" content=\"579\" \/>\n\t<meta property=\"og:image:height\" content=\"595\" \/>\n\t<meta property=\"og:image:type\" content=\"image\/jpeg\" \/>\n<meta name=\"twitter:card\" content=\"summary_large_image\" \/>\n<meta name=\"twitter:label1\" content=\"Dur\u00e9e de lecture estim\u00e9e\" \/>\n\t<meta name=\"twitter:data1\" content=\"2 minutes\" \/>\n<script type=\"application\/ld+json\" class=\"yoast-schema-graph\">{\"@context\":\"https:\/\/schema.org\",\"@graph\":[{\"@type\":\"WebPage\",\"@id\":\"https:\/\/www.tefaneso.com\/fr\/produit\/jean-thermique-technologie-thermolite\/\",\"url\":\"https:\/\/www.tefaneso.com\/fr\/produit\/jean-thermique-technologie-thermolite\/\",\"name\":\"Jean thermique avec la Technologie Thermolite | TEFANESO\",\"isPartOf\":{\"@id\":\"https:\/\/www.tefaneso.com\/#website\"},\"datePublished\":\"2019-11-29T09:52:29+00:00\",\"dateModified\":\"2020-01-03T18:17:07+00:00\",\"breadcrumb\":{\"@id\":\"https:\/\/www.tefaneso.com\/fr\/produit\/jean-thermique-technologie-thermolite\/#breadcrumb\"},\"inLanguage\":\"fr-FR\",\"potentialAction\":[{\"@type\":\"ReadAction\",\"target\":[\"https:\/\/www.tefaneso.com\/fr\/produit\/jean-thermique-technologie-thermolite\/\"]}]},{\"@type\":\"BreadcrumbList\",\"@id\":\"https:\/\/www.tefaneso.com\/fr\/produit\/jean-thermique-technologie-thermolite\/#breadcrumb\",\"itemListElement\":[{\"@type\":\"ListItem\",\"position\":1,\"name\":\"Home\",\"item\":\"https:\/\/www.tefaneso.com\/fr\/\"},{\"@type\":\"ListItem\",\"position\":2,\"name\":\"Boutique\",\"item\":\"https:\/\/www.tefaneso.com\/fr\/boutique\/\"},{\"@type\":\"ListItem\",\"position\":3,\"name\":\"Jean thermique avec la Technologie Thermolite\"}]},{\"@type\":\"WebSite\",\"@id\":\"https:\/\/www.tefaneso.com\/#website\",\"url\":\"https:\/\/www.tefaneso.com\/\",\"name\":\"TEFANESO\",\"description\":\"Outerwear made with you and the planet in mind!\",\"publisher\":{\"@id\":\"https:\/\/www.tefaneso.com\/#organization\"},\"potentialAction\":[{\"@type\":\"SearchAction\",\"target\":{\"@type\":\"EntryPoint\",\"urlTemplate\":\"https:\/\/www.tefaneso.com\/?s={search_term_string}\"},\"query-input\":\"required name=search_term_string\"}],\"inLanguage\":\"fr-FR\"},{\"@type\":\"Organization\",\"@id\":\"https:\/\/www.tefaneso.com\/#organization\",\"name\":\"TEFANESO\",\"url\":\"https:\/\/www.tefaneso.com\/\",\"sameAs\":[\"https:\/\/www.linkedin.com\/company\/tefaneso\/\",\"https:\/\/www.youtube.com\/channel\/UC8qcAaVp4cokc0F8Zdh2-zw\",\"https:\/\/www.facebook.com\/tefaneso\/\"],\"logo\":{\"@type\":\"ImageObject\",\"inLanguage\":\"fr-FR\",\"@id\":\"https:\/\/www.tefaneso.com\/#\/schema\/logo\/image\/\",\"url\":\"https:\/\/www.tefaneso.com\/wp-content\/uploads\/2017\/08\/Tefaneso_Home.jpg\",\"contentUrl\":\"https:\/\/www.tefaneso.com\/wp-content\/uploads\/2017\/08\/Tefaneso_Home.jpg\",\"width\":1281,\"height\":720,\"caption\":\"TEFANESO\"},\"image\":{\"@id\":\"https:\/\/www.tefaneso.com\/#\/schema\/logo\/image\/\"}}]}<\/script>\n<!-- \/ Yoast SEO plugin. -->","yoast_head_json":{"title":"Jean thermique avec la Technologie Thermolite | TEFANESO","robots":{"index":"index","follow":"follow","max-snippet":"max-snippet:-1","max-image-preview":"max-image-preview:large","max-video-preview":"max-video-preview:-1"},"canonical":"https:\/\/www.tefaneso.com\/fr\/produit\/jean-thermique-technologie-thermolite\/","og_locale":"fr_FR","og_type":"article","og_title":"Jean thermique avec la Technologie Thermolite | TEFANESO","og_description":"INFORMATIONS G\u00c9N\u00c9RALES - Ce jean thermique de conception et de style suisses est fabriqu\u00e9 avec la technologie THERMOLITE afin de fournir chaleur, confort et \u00e9vacuation de l'humidit\u00e9.  CARACT\u00c9RISTIQUES ET MAT\u00c9RIAUX - Fibre l\u00e9g\u00e8re thermique, poche zipp\u00e9e anti-vol, \u00e9vacuation de l'humidit\u00e9. MAT\u00c9RIAUX: Coquille 1: 77% coton, 22% polyester, 1% lycra - Lavage en machine (40 \u00b0 max).  ATTRIBUTS DE QUALIT\u00c9: 1.- Les articles correspondent aux tailles europ\u00e9ennes et am\u00e9ricaines (voir l\u2019information sur la taille du graphique), 2.- La technologie Thermolite pour vous garder au chaud, 3.- Poche anti-vol sp\u00e9ciale zipp\u00e9e, 4.- Exp\u00e9dition rapide avec Amazon Prime, 5 .- Pas de couches volumineuses suppl\u00e9mentaires, 6.- \u00c9limination de l'humidit\u00e9  ADAPT\u00c9 POUR: Automne - Hiver, Randonn\u00e9e p\u00e9destre, Activit\u00e9s de plein air, Temps froid, Voyage, Urbain..","og_url":"https:\/\/www.tefaneso.com\/fr\/produit\/jean-thermique-technologie-thermolite\/","og_site_name":"TEFANESO","article_publisher":"https:\/\/www.facebook.com\/tefaneso\/","article_modified_time":"2020-01-03T18:17:07+00:00","og_image":[{"width":579,"height":595,"url":"https:\/\/www.tefaneso.com\/wp-content\/uploads\/2019\/11\/a2.jpg","type":"image\/jpeg"}],"twitter_card":"summary_large_image","twitter_misc":{"Dur\u00e9e de lecture estim\u00e9e":"2 minutes"},"schema":{"@context":"https:\/\/schema.org","@graph":[{"@type":"WebPage","@id":"https:\/\/www.tefaneso.com\/fr\/produit\/jean-thermique-technologie-thermolite\/","url":"https:\/\/www.tefaneso.com\/fr\/produit\/jean-thermique-technologie-thermolite\/","name":"Jean thermique avec la Technologie Thermolite | TEFANESO","isPartOf":{"@id":"https:\/\/www.tefaneso.com\/#website"},"datePublished":"2019-11-29T09:52:29+00:00","dateModified":"2020-01-03T18:17:07+00:00","breadcrumb":{"@id":"https:\/\/www.tefaneso.com\/fr\/produit\/jean-thermique-technologie-thermolite\/#breadcrumb"},"inLanguage":"fr-FR","potentialAction":[{"@type":"ReadAction","target":["https:\/\/www.tefaneso.com\/fr\/produit\/jean-thermique-technologie-thermolite\/"]}]},{"@type":"BreadcrumbList","@id":"https:\/\/www.tefaneso.com\/fr\/produit\/jean-thermique-technologie-thermolite\/#breadcrumb","itemListElement":[{"@type":"ListItem","position":1,"name":"Home","item":"https:\/\/www.tefaneso.com\/fr\/"},{"@type":"ListItem","position":2,"name":"Boutique","item":"https:\/\/www.tefaneso.com\/fr\/boutique\/"},{"@type":"ListItem","position":3,"name":"Jean thermique avec la Technologie Thermolite"}]},{"@type":"WebSite","@id":"https:\/\/www.tefaneso.com\/#website","url":"https:\/\/www.tefaneso.com\/","name":"TEFANESO","description":"Outerwear made with you and the planet in mind!","publisher":{"@id":"https:\/\/www.tefaneso.com\/#organization"},"potentialAction":[{"@type":"SearchAction","target":{"@type":"EntryPoint","urlTemplate":"https:\/\/www.tefaneso.com\/?s={search_term_string}"},"query-input":"required name=search_term_string"}],"inLanguage":"fr-FR"},{"@type":"Organization","@id":"https:\/\/www.tefaneso.com\/#organization","name":"TEFANESO","url":"https:\/\/www.tefaneso.com\/","sameAs":["https:\/\/www.linkedin.com\/company\/tefaneso\/","https:\/\/www.youtube.com\/channel\/UC8qcAaVp4cokc0F8Zdh2-zw","https:\/\/www.facebook.com\/tefaneso\/"],"logo":{"@type":"ImageObject","inLanguage":"fr-FR","@id":"https:\/\/www.tefaneso.com\/#\/schema\/logo\/image\/","url":"https:\/\/www.tefaneso.com\/wp-content\/uploads\/2017\/08\/Tefaneso_Home.jpg","contentUrl":"https:\/\/www.tefaneso.com\/wp-content\/uploads\/2017\/08\/Tefaneso_Home.jpg","width":1281,"height":720,"caption":"TEFANESO"},"image":{"@id":"https:\/\/www.tefaneso.com\/#\/schema\/logo\/image\/"}}]}},"_links":{"self":[{"href":"https:\/\/www.tefaneso.com\/fr\/wp-json\/wp\/v2\/product\/40101"}],"collection":[{"href":"https:\/\/www.tefaneso.com\/fr\/wp-json\/wp\/v2\/product"}],"about":[{"href":"https:\/\/www.tefaneso.com\/fr\/wp-json\/wp\/v2\/types\/product"}],"replies":[{"embeddable":true,"href":"https:\/\/www.tefaneso.com\/fr\/wp-json\/wp\/v2\/comments?post=40101"}],"wp:featuredmedia":[{"embeddable":true,"href":"https:\/\/www.tefaneso.com\/fr\/wp-json\/wp\/v2\/media\/40062"}],"wp:attachment":[{"href":"https:\/\/www.tefaneso.com\/fr\/wp-json\/wp\/v2\/media?parent=40101"}],"wp:term":[{"taxonomy":"product_cat","embeddable":true,"href":"https:\/\/www.tefaneso.com\/fr\/wp-json\/wp\/v2\/product_cat?post=40101"},{"taxonomy":"product_tag","embeddable":true,"href":"https:\/\/www.tefaneso.com\/fr\/wp-json\/wp\/v2\/product_tag?post=40101"}],"curies":[{"name":"wp","href":"https:\/\/api.w.org\/{rel}","templated":true}]}}