{"id":40112,"date":"2019-11-28T15:24:44","date_gmt":"2019-11-28T15:24:44","guid":{"rendered":"https:\/\/www.tefaneso.com\/product\/chaussettes-montagne-hommes-femmes\/"},"modified":"2020-01-03T18:13:41","modified_gmt":"2020-01-03T18:13:41","slug":"chaussettes-montagne-hommes-femmes","status":"publish","type":"product","link":"https:\/\/www.tefaneso.com\/fr\/produit\/chaussettes-montagne-hommes-femmes\/","title":{"rendered":"Chaussettes de Montagne pour hommes et femmes"},"content":{"rendered":"<p>[et_pb_section fb_built=\u00a0\u00bb1&Prime; _builder_version=\u00a0\u00bb3.22&Prime; custom_padding=\u00a0\u00bb0px||||false|false\u00a0\u00bb][et_pb_row _builder_version=\u00a0\u00bb3.25&Prime; background_size=\u00a0\u00bbinitial\u00a0\u00bb background_position=\u00a0\u00bbtop_left\u00a0\u00bb background_repeat=\u00a0\u00bbrepeat\u00a0\u00bb width=\u00a0\u00bb100%\u00a0\u00bb custom_padding=\u00a0\u00bb0px||0px||false|false\u00a0\u00bb][et_pb_column type=\u00a0\u00bb4_4&Prime; _builder_version=\u00a0\u00bb3.25&Prime; custom_padding=\u00a0\u00bb|||\u00a0\u00bb custom_padding__hover=\u00a0\u00bb|||\u00a0\u00bb][et_pb_wc_breadcrumb _builder_version=\u00a0\u00bb3.0.47&Prime;][\/et_pb_wc_breadcrumb][et_pb_wc_cart_notice _builder_version=\u00a0\u00bb3.0.47&Prime;][\/et_pb_wc_cart_notice][\/et_pb_column][\/et_pb_row][et_pb_row _builder_version=\u00a0\u00bb3.25&Prime; background_size=\u00a0\u00bbinitial\u00a0\u00bb background_position=\u00a0\u00bbtop_left\u00a0\u00bb background_repeat=\u00a0\u00bbrepeat\u00a0\u00bb width=\u00a0\u00bb100%\u00a0\u00bb custom_padding=\u00a0\u00bb0px||||false|false\u00a0\u00bb column_structure=\u00a0\u00bb1_2,1_2&Prime;][et_pb_column type=\u00a0\u00bb1_2&Prime; _builder_version=\u00a0\u00bb3.25&Prime; custom_padding=\u00a0\u00bb|||\u00a0\u00bb custom_padding__hover=\u00a0\u00bb|||\u00a0\u00bb][et_pb_wc_images _builder_version=\u00a0\u00bb3.0.47&Prime;][\/et_pb_wc_images][\/et_pb_column][et_pb_column type=\u00a0\u00bb1_2&Prime; _builder_version=\u00a0\u00bb3.25&Prime; custom_padding=\u00a0\u00bb|||\u00a0\u00bb custom_padding__hover=\u00a0\u00bb|||\u00a0\u00bb][et_pb_wc_title _builder_version=\u00a0\u00bb3.0.47&Prime;][\/et_pb_wc_title][et_pb_wc_rating _builder_version=\u00a0\u00bb3.0.47&Prime;][\/et_pb_wc_rating][et_pb_wc_price _builder_version=\u00a0\u00bb3.0.47&Prime;][\/et_pb_wc_price][et_pb_wc_description _builder_version=\u00a0\u00bb3.0.47&Prime;][\/et_pb_wc_description][et_pb_wc_add_to_cart _builder_version=\u00a0\u00bb3.0.47&Prime;][\/et_pb_wc_add_to_cart][et_pb_wc_meta _builder_version=\u00a0\u00bb3.0.47&Prime;][\/et_pb_wc_meta][\/et_pb_column][\/et_pb_row][\/et_pb_section][et_pb_section fb_built=\u00a0\u00bb1&Prime; _builder_version=\u00a0\u00bb4.0.6&Prime;][et_pb_row _builder_version=\u00a0\u00bb4.0.6&Prime;][et_pb_column type=\u00a0\u00bb4_4&Prime; _builder_version=\u00a0\u00bb4.0.6&Prime;][et_pb_image src=\u00a0\u00bbhttps:\/\/www.tefaneso.com\/wp-content\/uploads\/2019\/08\/Untitled-1q2131-1.jpg\u00a0\u00bb _builder_version=\u00a0\u00bb4.0.6&Prime;][\/et_pb_image][\/et_pb_column][\/et_pb_row][et_pb_row _builder_version=\u00a0\u00bb4.0.6&Prime;][et_pb_column type=\u00a0\u00bb4_4&Prime; _builder_version=\u00a0\u00bb4.0.6&Prime;][et_pb_image src=\u00a0\u00bbhttps:\/\/www.tefaneso.com\/wp-content\/uploads\/2019\/08\/Untitled-1-1.jpg\u00a0\u00bb _builder_version=\u00a0\u00bb4.0.6&Prime;][\/et_pb_image][\/et_pb_column][\/et_pb_row][et_pb_row _builder_version=\u00a0\u00bb4.0.6&Prime;][et_pb_column type=\u00a0\u00bb4_4&Prime; _builder_version=\u00a0\u00bb4.0.6&Prime;][et_pb_image src=\u00a0\u00bbhttps:\/\/www.tefaneso.com\/wp-content\/uploads\/2019\/08\/BANNER-Mountain-Socks-made-with-COOLMAX-tech-ING.jpg\u00a0\u00bb _builder_version=\u00a0\u00bb4.0.6&Prime;][\/et_pb_image][\/et_pb_column][\/et_pb_row][et_pb_row _builder_version=\u00a0\u00bb4.0.6&Prime;][et_pb_column type=\u00a0\u00bb4_4&Prime; _builder_version=\u00a0\u00bb4.0.6&Prime;][et_pb_image src=\u00a0\u00bbhttps:\/\/www.tefaneso.com\/wp-content\/uploads\/2019\/08\/1bb6088a-d180-49bd-928d-8f65cecea447._CR00970600_PT0_SX970__.jpg\u00a0\u00bb _builder_version=\u00a0\u00bb4.0.6&Prime;][\/et_pb_image][\/et_pb_column][\/et_pb_row][\/et_pb_section][et_pb_section fb_built=\u00a0\u00bb1&Prime; _builder_version=\u00a0\u00bb4.0.6&Prime;][et_pb_row _builder_version=\u00a0\u00bb4.0.6&Prime;][et_pb_column type=\u00a0\u00bb4_4&Prime; _builder_version=\u00a0\u00bb4.0.6&Prime;][et_pb_wc_related_products _builder_version=\u00a0\u00bb3.0.47&Prime;][\/et_pb_wc_related_products][\/et_pb_column][\/et_pb_row][\/et_pb_section]<\/p>\n","protected":false},"excerpt":{"rendered":"<ul class=\"a-unordered-list a-vertical a-spacing-none\">\n<li><span class=\"a-list-item\">\u00ab\u00a0COOLMAX TECH: Ces chaussettes de montagne con\u00e7ues et con\u00e7ues en Suisse pour les hommes et les femmes sont tr\u00e8s respirantes et parfaitement extensibles. De plus, ces chaussettes de v\u00e9lo de montagne id\u00e9ales sont fabriqu\u00e9es \u00e0 l&rsquo;aide de la technologie COOLMAX, qui \u00e9loigne l&rsquo;humidit\u00e9 des pieds pour vous garder au sec.\u00a0\u00bb<\/span><\/li>\n<li><span class=\"a-list-item\">\u00ab\u00a0PARFAITES \u00c9LASTICIT\u00c9 ET MATI\u00c8RES: Des bandes de caoutchouc \u00e9lastiques sont utilis\u00e9es dans le passepoil et la vo\u00fbte plantaire des chaussettes pour garantir que ces chaussettes de v\u00e9lo de montagne restent bien en place, bien ajust\u00e9es et s\u2019ajustent parfaitement \u00e0 vos pieds, sans aucune contrainte.\u00a0\u00bb COOLMAX, coton, lycra.\u00a0\u00bb<\/span><\/li>\n<li><span class=\"a-list-item\">\u00ab\u00a0CARACT\u00c9RISTIQUE DE QUALIT\u00c9: 1.- Ces chaussettes Montagne sont disponibles dans les tailles europ\u00e9ennes et am\u00e9ricaines (voir l\u2019information sur la taille du tableau) 2.- Enti\u00e8rement extensible 3.- La technologie COOLMAX \u00e9vacue l&rsquo;humidit\u00e9 des pieds pour vous garder au frais , les structures en fibres du COOLMAX fournissent \u00e9galement de la chaleur les jours froids 4.- Exp\u00e9dition rapide avec Amazon Prime 5.- Tr\u00e8s respiranteq 6.- Tr\u00e8s r\u00e9sistantes 7.- Sans odeur, 8.- S\u00e9chage rapide \u00ab\u00a0<\/span><\/li>\n<li><span class=\"a-list-item\">\u00ab\u00a0PARFAIT POUR: Toutes les saisons: automne &#8211; hiver, printemps &#8211; \u00e9t\u00e9, montagne, randonn\u00e9e, v\u00e9lo, course \u00e0 pied et toute autre activit\u00e9 de plein air, temps froid et pluvieux, voyages, v\u00eatements de ville, escalade, alpinisme, exp\u00e9dition.\u00a0\u00bb<\/span><\/li>\n<\/ul>\n","protected":false},"featured_media":39707,"comment_status":"open","ping_status":"closed","template":"","meta":{"_et_pb_use_builder":"on","_et_pb_old_content":"","_et_gb_content_width":"","_monsterinsights_skip_tracking":false,"_monsterinsights_sitenote_active":false,"_monsterinsights_sitenote_note":"","_monsterinsights_sitenote_category":0},"product_cat":[292,295,500,288],"product_tag":[317,328,303,311,334,301],"yoast_head":"<!-- This site is optimized with the Yoast SEO plugin v19.8 - https:\/\/yoast.com\/wordpress\/plugins\/seo\/ -->\n<title>Chaussettes de Montagne pour hommes et femmes | TEFANESO<\/title>\n<meta name=\"robots\" content=\"index, follow, max-snippet:-1, max-image-preview:large, max-video-preview:-1\" \/>\n<link rel=\"canonical\" href=\"https:\/\/www.tefaneso.com\/fr\/produit\/chaussettes-montagne-hommes-femmes\/\" \/>\n<meta property=\"og:locale\" content=\"fr_FR\" \/>\n<meta property=\"og:type\" content=\"article\" \/>\n<meta property=\"og:title\" content=\"Chaussettes de Montagne pour hommes et femmes | TEFANESO\" \/>\n<meta property=\"og:description\" content=\"&quot;COOLMAX TECH: Ces chaussettes de montagne con\u00e7ues et con\u00e7ues en Suisse pour les hommes et les femmes sont tr\u00e8s respirantes et parfaitement extensibles. De plus, ces chaussettes de v\u00e9lo de montagne id\u00e9ales sont fabriqu\u00e9es \u00e0 l&#039;aide de la technologie COOLMAX, qui \u00e9loigne l&#039;humidit\u00e9 des pieds pour vous garder au sec.&quot;  &quot;PARFAITES \u00c9LASTICIT\u00c9 ET MATI\u00c8RES: Des bandes de caoutchouc \u00e9lastiques sont utilis\u00e9es dans le passepoil et la vo\u00fbte plantaire des chaussettes pour garantir que ces chaussettes de v\u00e9lo de montagne restent bien en place, bien ajust\u00e9es et s\u2019ajustent parfaitement \u00e0 vos pieds, sans aucune contrainte.&quot; COOLMAX, coton, lycra.&quot;  &quot;CARACT\u00c9RISTIQUE DE QUALIT\u00c9: 1.- Ces chaussettes Montagne sont disponibles dans les tailles europ\u00e9ennes et am\u00e9ricaines (voir l\u2019information sur la taille du tableau) 2.- Enti\u00e8rement extensible 3.- La technologie COOLMAX \u00e9vacue l&#039;humidit\u00e9 des pieds pour vous garder au frais , les structures en fibres du COOLMAX fournissent \u00e9galement de la chaleur les jours froids 4.- Exp\u00e9dition rapide avec Amazon Prime 5.- Tr\u00e8s respiranteq 6.- Tr\u00e8s r\u00e9sistantes 7.- Sans odeur, 8.- S\u00e9chage rapide &quot;  &quot;PARFAIT POUR: Toutes les saisons: automne - hiver, printemps - \u00e9t\u00e9, montagne, randonn\u00e9e, v\u00e9lo, course \u00e0 pied et toute autre activit\u00e9 de plein air, temps froid et pluvieux, voyages, v\u00eatements de ville, escalade, alpinisme, exp\u00e9dition.&quot;\" \/>\n<meta property=\"og:url\" content=\"https:\/\/www.tefaneso.com\/fr\/produit\/chaussettes-montagne-hommes-femmes\/\" \/>\n<meta property=\"og:site_name\" content=\"TEFANESO\" \/>\n<meta property=\"article:publisher\" content=\"https:\/\/www.facebook.com\/tefaneso\/\" \/>\n<meta property=\"article:modified_time\" content=\"2020-01-03T18:13:41+00:00\" \/>\n<meta property=\"og:image\" content=\"https:\/\/www.tefaneso.com\/wp-content\/uploads\/2019\/08\/Unisex-socks.-Comfortable-and-with-fast-moisture-removal-4-different-thickness-C-150S1-A8-600x600.jpg\" \/>\n\t<meta property=\"og:image:width\" content=\"600\" \/>\n\t<meta property=\"og:image:height\" content=\"600\" \/>\n\t<meta property=\"og:image:type\" content=\"image\/jpeg\" \/>\n<meta name=\"twitter:card\" content=\"summary_large_image\" \/>\n<meta name=\"twitter:label1\" content=\"Dur\u00e9e de lecture estim\u00e9e\" \/>\n\t<meta name=\"twitter:data1\" content=\"2 minutes\" \/>\n<script type=\"application\/ld+json\" class=\"yoast-schema-graph\">{\"@context\":\"https:\/\/schema.org\",\"@graph\":[{\"@type\":\"WebPage\",\"@id\":\"https:\/\/www.tefaneso.com\/fr\/produit\/chaussettes-montagne-hommes-femmes\/\",\"url\":\"https:\/\/www.tefaneso.com\/fr\/produit\/chaussettes-montagne-hommes-femmes\/\",\"name\":\"Chaussettes de Montagne pour hommes et femmes | TEFANESO\",\"isPartOf\":{\"@id\":\"https:\/\/www.tefaneso.com\/#website\"},\"datePublished\":\"2019-11-28T15:24:44+00:00\",\"dateModified\":\"2020-01-03T18:13:41+00:00\",\"breadcrumb\":{\"@id\":\"https:\/\/www.tefaneso.com\/fr\/produit\/chaussettes-montagne-hommes-femmes\/#breadcrumb\"},\"inLanguage\":\"fr-FR\",\"potentialAction\":[{\"@type\":\"ReadAction\",\"target\":[\"https:\/\/www.tefaneso.com\/fr\/produit\/chaussettes-montagne-hommes-femmes\/\"]}]},{\"@type\":\"BreadcrumbList\",\"@id\":\"https:\/\/www.tefaneso.com\/fr\/produit\/chaussettes-montagne-hommes-femmes\/#breadcrumb\",\"itemListElement\":[{\"@type\":\"ListItem\",\"position\":1,\"name\":\"Home\",\"item\":\"https:\/\/www.tefaneso.com\/fr\/\"},{\"@type\":\"ListItem\",\"position\":2,\"name\":\"Boutique\",\"item\":\"https:\/\/www.tefaneso.com\/fr\/boutique\/\"},{\"@type\":\"ListItem\",\"position\":3,\"name\":\"Chaussettes de Montagne pour hommes et femmes\"}]},{\"@type\":\"WebSite\",\"@id\":\"https:\/\/www.tefaneso.com\/#website\",\"url\":\"https:\/\/www.tefaneso.com\/\",\"name\":\"TEFANESO\",\"description\":\"Outerwear made with you and the planet in mind!\",\"publisher\":{\"@id\":\"https:\/\/www.tefaneso.com\/#organization\"},\"potentialAction\":[{\"@type\":\"SearchAction\",\"target\":{\"@type\":\"EntryPoint\",\"urlTemplate\":\"https:\/\/www.tefaneso.com\/?s={search_term_string}\"},\"query-input\":\"required name=search_term_string\"}],\"inLanguage\":\"fr-FR\"},{\"@type\":\"Organization\",\"@id\":\"https:\/\/www.tefaneso.com\/#organization\",\"name\":\"TEFANESO\",\"url\":\"https:\/\/www.tefaneso.com\/\",\"sameAs\":[\"https:\/\/www.linkedin.com\/company\/tefaneso\/\",\"https:\/\/www.youtube.com\/channel\/UC8qcAaVp4cokc0F8Zdh2-zw\",\"https:\/\/www.facebook.com\/tefaneso\/\"],\"logo\":{\"@type\":\"ImageObject\",\"inLanguage\":\"fr-FR\",\"@id\":\"https:\/\/www.tefaneso.com\/#\/schema\/logo\/image\/\",\"url\":\"https:\/\/www.tefaneso.com\/wp-content\/uploads\/2017\/08\/Tefaneso_Home.jpg\",\"contentUrl\":\"https:\/\/www.tefaneso.com\/wp-content\/uploads\/2017\/08\/Tefaneso_Home.jpg\",\"width\":1281,\"height\":720,\"caption\":\"TEFANESO\"},\"image\":{\"@id\":\"https:\/\/www.tefaneso.com\/#\/schema\/logo\/image\/\"}}]}<\/script>\n<!-- \/ Yoast SEO plugin. -->","yoast_head_json":{"title":"Chaussettes de Montagne pour hommes et femmes | TEFANESO","robots":{"index":"index","follow":"follow","max-snippet":"max-snippet:-1","max-image-preview":"max-image-preview:large","max-video-preview":"max-video-preview:-1"},"canonical":"https:\/\/www.tefaneso.com\/fr\/produit\/chaussettes-montagne-hommes-femmes\/","og_locale":"fr_FR","og_type":"article","og_title":"Chaussettes de Montagne pour hommes et femmes | TEFANESO","og_description":"\"COOLMAX TECH: Ces chaussettes de montagne con\u00e7ues et con\u00e7ues en Suisse pour les hommes et les femmes sont tr\u00e8s respirantes et parfaitement extensibles. De plus, ces chaussettes de v\u00e9lo de montagne id\u00e9ales sont fabriqu\u00e9es \u00e0 l'aide de la technologie COOLMAX, qui \u00e9loigne l'humidit\u00e9 des pieds pour vous garder au sec.\"  \"PARFAITES \u00c9LASTICIT\u00c9 ET MATI\u00c8RES: Des bandes de caoutchouc \u00e9lastiques sont utilis\u00e9es dans le passepoil et la vo\u00fbte plantaire des chaussettes pour garantir que ces chaussettes de v\u00e9lo de montagne restent bien en place, bien ajust\u00e9es et s\u2019ajustent parfaitement \u00e0 vos pieds, sans aucune contrainte.\" COOLMAX, coton, lycra.\"  \"CARACT\u00c9RISTIQUE DE QUALIT\u00c9: 1.- Ces chaussettes Montagne sont disponibles dans les tailles europ\u00e9ennes et am\u00e9ricaines (voir l\u2019information sur la taille du tableau) 2.- Enti\u00e8rement extensible 3.- La technologie COOLMAX \u00e9vacue l'humidit\u00e9 des pieds pour vous garder au frais , les structures en fibres du COOLMAX fournissent \u00e9galement de la chaleur les jours froids 4.- Exp\u00e9dition rapide avec Amazon Prime 5.- Tr\u00e8s respiranteq 6.- Tr\u00e8s r\u00e9sistantes 7.- Sans odeur, 8.- S\u00e9chage rapide \"  \"PARFAIT POUR: Toutes les saisons: automne - hiver, printemps - \u00e9t\u00e9, montagne, randonn\u00e9e, v\u00e9lo, course \u00e0 pied et toute autre activit\u00e9 de plein air, temps froid et pluvieux, voyages, v\u00eatements de ville, escalade, alpinisme, exp\u00e9dition.\"","og_url":"https:\/\/www.tefaneso.com\/fr\/produit\/chaussettes-montagne-hommes-femmes\/","og_site_name":"TEFANESO","article_publisher":"https:\/\/www.facebook.com\/tefaneso\/","article_modified_time":"2020-01-03T18:13:41+00:00","og_image":[{"width":600,"height":600,"url":"https:\/\/www.tefaneso.com\/wp-content\/uploads\/2019\/08\/Unisex-socks.-Comfortable-and-with-fast-moisture-removal-4-different-thickness-C-150S1-A8-600x600.jpg","type":"image\/jpeg"}],"twitter_card":"summary_large_image","twitter_misc":{"Dur\u00e9e de lecture estim\u00e9e":"2 minutes"},"schema":{"@context":"https:\/\/schema.org","@graph":[{"@type":"WebPage","@id":"https:\/\/www.tefaneso.com\/fr\/produit\/chaussettes-montagne-hommes-femmes\/","url":"https:\/\/www.tefaneso.com\/fr\/produit\/chaussettes-montagne-hommes-femmes\/","name":"Chaussettes de Montagne pour hommes et femmes | TEFANESO","isPartOf":{"@id":"https:\/\/www.tefaneso.com\/#website"},"datePublished":"2019-11-28T15:24:44+00:00","dateModified":"2020-01-03T18:13:41+00:00","breadcrumb":{"@id":"https:\/\/www.tefaneso.com\/fr\/produit\/chaussettes-montagne-hommes-femmes\/#breadcrumb"},"inLanguage":"fr-FR","potentialAction":[{"@type":"ReadAction","target":["https:\/\/www.tefaneso.com\/fr\/produit\/chaussettes-montagne-hommes-femmes\/"]}]},{"@type":"BreadcrumbList","@id":"https:\/\/www.tefaneso.com\/fr\/produit\/chaussettes-montagne-hommes-femmes\/#breadcrumb","itemListElement":[{"@type":"ListItem","position":1,"name":"Home","item":"https:\/\/www.tefaneso.com\/fr\/"},{"@type":"ListItem","position":2,"name":"Boutique","item":"https:\/\/www.tefaneso.com\/fr\/boutique\/"},{"@type":"ListItem","position":3,"name":"Chaussettes de Montagne pour hommes et femmes"}]},{"@type":"WebSite","@id":"https:\/\/www.tefaneso.com\/#website","url":"https:\/\/www.tefaneso.com\/","name":"TEFANESO","description":"Outerwear made with you and the planet in mind!","publisher":{"@id":"https:\/\/www.tefaneso.com\/#organization"},"potentialAction":[{"@type":"SearchAction","target":{"@type":"EntryPoint","urlTemplate":"https:\/\/www.tefaneso.com\/?s={search_term_string}"},"query-input":"required name=search_term_string"}],"inLanguage":"fr-FR"},{"@type":"Organization","@id":"https:\/\/www.tefaneso.com\/#organization","name":"TEFANESO","url":"https:\/\/www.tefaneso.com\/","sameAs":["https:\/\/www.linkedin.com\/company\/tefaneso\/","https:\/\/www.youtube.com\/channel\/UC8qcAaVp4cokc0F8Zdh2-zw","https:\/\/www.facebook.com\/tefaneso\/"],"logo":{"@type":"ImageObject","inLanguage":"fr-FR","@id":"https:\/\/www.tefaneso.com\/#\/schema\/logo\/image\/","url":"https:\/\/www.tefaneso.com\/wp-content\/uploads\/2017\/08\/Tefaneso_Home.jpg","contentUrl":"https:\/\/www.tefaneso.com\/wp-content\/uploads\/2017\/08\/Tefaneso_Home.jpg","width":1281,"height":720,"caption":"TEFANESO"},"image":{"@id":"https:\/\/www.tefaneso.com\/#\/schema\/logo\/image\/"}}]}},"_links":{"self":[{"href":"https:\/\/www.tefaneso.com\/fr\/wp-json\/wp\/v2\/product\/40112"}],"collection":[{"href":"https:\/\/www.tefaneso.com\/fr\/wp-json\/wp\/v2\/product"}],"about":[{"href":"https:\/\/www.tefaneso.com\/fr\/wp-json\/wp\/v2\/types\/product"}],"replies":[{"embeddable":true,"href":"https:\/\/www.tefaneso.com\/fr\/wp-json\/wp\/v2\/comments?post=40112"}],"wp:featuredmedia":[{"embeddable":true,"href":"https:\/\/www.tefaneso.com\/fr\/wp-json\/wp\/v2\/media\/39707"}],"wp:attachment":[{"href":"https:\/\/www.tefaneso.com\/fr\/wp-json\/wp\/v2\/media?parent=40112"}],"wp:term":[{"taxonomy":"product_cat","embeddable":true,"href":"https:\/\/www.tefaneso.com\/fr\/wp-json\/wp\/v2\/product_cat?post=40112"},{"taxonomy":"product_tag","embeddable":true,"href":"https:\/\/www.tefaneso.com\/fr\/wp-json\/wp\/v2\/product_tag?post=40112"}],"curies":[{"name":"wp","href":"https:\/\/api.w.org\/{rel}","templated":true}]}}